{"id":110,"date":"2023-07-28T22:09:05","date_gmt":"2023-07-28T20:09:05","guid":{"rendered":"https:\/\/ss-ekonomsko-birotehnicka-sb.skole.hr\/?page_id=110"},"modified":"2024-10-21T11:40:33","modified_gmt":"2024-10-21T09:40:33","slug":"drzavna-matura","status":"publish","type":"page","link":"https:\/\/ss-ekonomsko-birotehnicka-sb.skole.hr\/?page_id=110","title":{"rendered":"Dr\u017eavna matura"},"content":{"rendered":"\n<p><strong>\u0160KOLSKO ISPITNO POVJERENSTVO (\u0160kolska godina 2024.\/25.)<\/strong><\/p>\n\n\n\n<p>1. Mato \u010caklovac, prof. povijesti, predsjednik<\/p>\n\n\n\n<p>2. Aleksandra Juri\u0107, prof. hrvatskog jezika i knji\u017eevnosti, \u010dlanica<\/p>\n\n\n\n<p>3. Sanda Kova\u010di\u0107, dipl. ekonomist, \u010dlanica<\/p>\n\n\n\n<p>4. Mato Kuha\u010d, prof. matematike i fizike, \u010dlan<\/p>\n\n\n\n<p>5. \u017deljka Poleksi\u0107, dipl. ekonomist, \u010dlanica<\/p>\n\n\n\n<p>6. Ivana \u017dalac, magistra edukacije filozofije i povijesti<\/p>\n\n\n\n<div class=\"wp-block-file\"><a id=\"wp-block-file--media-2b58c837-6cb5-4250-a712-bfced498d108\" href=\"https:\/\/ss-ekonomsko-birotehnicka-sb.skole.hr\/wp-content\/uploads\/sites\/790\/2023\/11\/Pravilnik-polaganja-drzavne-mature.pdf\">Pravilnik polaganja drzavne mature<\/a><a href=\"https:\/\/ss-ekonomsko-birotehnicka-sb.skole.hr\/wp-content\/uploads\/sites\/790\/2023\/11\/Pravilnik-polaganja-drzavne-mature.pdf\" class=\"wp-block-file__button wp-element-button\" download aria-describedby=\"wp-block-file--media-2b58c837-6cb5-4250-a712-bfced498d108\">Preuzmi<\/a><\/div>\n","protected":false},"excerpt":{"rendered":"<p>\u0160KOLSKO ISPITNO POVJERENSTVO (\u0160kolska godina 2024.\/25.) 1. Mato \u010caklovac, prof. povijesti, predsjednik 2. Aleksandra Juri\u0107, prof. hrvatskog jezika i knji\u017eevnosti, \u010dlanica 3. Sanda Kova\u010di\u0107, dipl. ekonomist, \u010dlanica 4. Mato Kuha\u010d, prof. matematike i fizike, \u010dlan 5. \u017deljka Poleksi\u0107, dipl. ekonomist, \u010dlanica 6. Ivana \u017dalac, magistra edukacije filozofije i povijesti<\/p>\n","protected":false},"author":826,"featured_media":0,"parent":0,"menu_order":0,"comment_status":"closed","ping_status":"closed","template":"","meta":{"_et_pb_use_builder":"off","_et_pb_old_content":"","_et_gb_content_width":"","footnotes":""},"class_list":["post-110","page","type-page","status-publish","hentry"],"_links":{"self":[{"href":"https:\/\/ss-ekonomsko-birotehnicka-sb.skole.hr\/index.php?rest_route=\/wp\/v2\/pages\/110","targetHints":{"allow":["GET"]}}],"collection":[{"href":"https:\/\/ss-ekonomsko-birotehnicka-sb.skole.hr\/index.php?rest_route=\/wp\/v2\/pages"}],"about":[{"href":"https:\/\/ss-ekonomsko-birotehnicka-sb.skole.hr\/index.php?rest_route=\/wp\/v2\/types\/page"}],"author":[{"embeddable":true,"href":"https:\/\/ss-ekonomsko-birotehnicka-sb.skole.hr\/index.php?rest_route=\/wp\/v2\/users\/826"}],"replies":[{"embeddable":true,"href":"https:\/\/ss-ekonomsko-birotehnicka-sb.skole.hr\/index.php?rest_route=%2Fwp%2Fv2%2Fcomments&post=110"}],"version-history":[{"count":8,"href":"https:\/\/ss-ekonomsko-birotehnicka-sb.skole.hr\/index.php?rest_route=\/wp\/v2\/pages\/110\/revisions"}],"predecessor-version":[{"id":299787,"href":"https:\/\/ss-ekonomsko-birotehnicka-sb.skole.hr\/index.php?rest_route=\/wp\/v2\/pages\/110\/revisions\/299787"}],"wp:attachment":[{"href":"https:\/\/ss-ekonomsko-birotehnicka-sb.skole.hr\/index.php?rest_route=%2Fwp%2Fv2%2Fmedia&parent=110"}],"curies":[{"name":"wp","href":"https:\/\/api.w.org\/{rel}","templated":true}]}}