{"id":116,"date":"2023-07-28T22:09:19","date_gmt":"2023-07-28T20:09:19","guid":{"rendered":"https:\/\/ss-ekonomsko-birotehnicka-sb.skole.hr\/?page_id=116"},"modified":"2024-01-12T10:31:46","modified_gmt":"2024-01-12T09:31:46","slug":"roditelji","status":"publish","type":"page","link":"https:\/\/ss-ekonomsko-birotehnicka-sb.skole.hr\/?page_id=116","title":{"rendered":"Roditelji"},"content":{"rendered":"<p>[et_pb_section fb_built=&#8221;1&#8243; _builder_version=&#8221;4.16&#8243; global_colors_info=&#8221;{}&#8221;][et_pb_row column_structure=&#8221;1_2,1_2&#8243; _builder_version=&#8221;4.16&#8243; background_size=&#8221;initial&#8221; background_position=&#8221;top_left&#8221; background_repeat=&#8221;repeat&#8221; hover_enabled=&#8221;0&#8243; global_colors_info=&#8221;{}&#8221; sticky_enabled=&#8221;0&#8243;][et_pb_column type=&#8221;1_2&#8243; _builder_version=&#8221;4.16&#8243; custom_padding=&#8221;|||&#8221; global_colors_info=&#8221;{}&#8221; custom_padding__hover=&#8221;|||&#8221;][et_pb_text _builder_version=&#8221;4.23.1&#8243; text_text_color=&#8221;#000000&#8243; link_text_color=&#8221;#0C71C3&#8243; background_size=&#8221;initial&#8221; background_position=&#8221;top_left&#8221; background_repeat=&#8221;repeat&#8221; hover_enabled=&#8221;0&#8243; global_colors_info=&#8221;{}&#8221; sticky_enabled=&#8221;0&#8243;]<\/p>\n<p><!-- divi:paragraph --><strong><a href=\"https:\/\/ss-ekonomsko-birotehnicka-sb.skole.hr\/wp-content\/uploads\/sites\/790\/2023\/10\/Pravilnik_o_izvodenju_izleta_ekskurzija.pdf\">Pravilnik_o_izvodenju_izleta_ekskurzija<\/a><\/strong><\/p>\n<p><strong><a href=\"https:\/\/ss-ekonomsko-birotehnicka-sb.skole.hr\/wp-content\/uploads\/sites\/790\/2023\/10\/Pravilnik_o_kriterijima_za_izricanje_pedagoskih_mjera_NN_br_94_2015.pdf\">Pravilnik_o_kriterijima_za_izricanje_pedagoskih_mjera_NN_br_94_2015<\/a><\/strong><\/p>\n<p><!-- divi:paragraph --><strong><a href=\"https:\/\/ss-ekonomsko-birotehnicka-sb.skole.hr\/wp-content\/uploads\/sites\/790\/2023\/10\/PRAVILNIK_O_NACINIMA_POSTUPCIMA_I_ELEMENTIMA.pdf\">PRAVILNIK_O_NACINIMA,_POSTUPCIMA_I_ELEMENTIMA<\/a><\/strong><\/p>\n<p><strong><a href=\"https:\/\/ss-ekonomsko-birotehnicka-sb.skole.hr\/wp-content\/uploads\/sites\/790\/2023\/10\/Pravilnik_o_uvjetima_i_nacinima_nastavka_obrazovanja_za_visu_razinu_kvalifikacije.pdf\">Pravilnik_o_uvjetima_i_nacinima_nastavka_obrazovanja_za_visu_razinu_kvalifikacije<\/a><\/strong><\/p>\n<p>&nbsp;<\/p>\n<p><!-- divi:image {\"id\":293446,\"width\":\"427px\",\"height\":\"auto\",\"aspectRatio\":\"1.675392670157068\",\"sizeSlug\":\"full\",\"linkDestination\":\"none\"} --><\/p>\n<figure class=\"wp-block-image size-full is-resized\"><img decoding=\"async\" width=\"640\" height=\"382\" src=\"https:\/\/ss-ekonomsko-birotehnicka-sb.skole.hr\/wp-content\/uploads\/sites\/790\/2023\/10\/travel-933171_640.jpg\" alt=\"\" class=\"wp-image-293446\" style=\"aspect-ratio: 1.675392670157068;width: 427px;height: auto\" srcset=\"https:\/\/ss-ekonomsko-birotehnicka-sb.skole.hr\/wp-content\/uploads\/sites\/790\/2023\/10\/travel-933171_640.jpg 640w, https:\/\/ss-ekonomsko-birotehnicka-sb.skole.hr\/wp-content\/uploads\/sites\/790\/2023\/10\/travel-933171_640-480x287.jpg 480w\" sizes=\"(min-width: 0px) and (max-width: 480px) 480px, (min-width: 481px) 640px, 100vw\" \/><\/figure>\n<p><!-- divi:file {\"id\":295726,\"href\":\"https:\/\/ss-ekonomsko-birotehnicka-sb.skole.hr\/wp-content\/uploads\/sites\/790\/2023\/12\/Popis-razrednih-odjela-i-razrednika-23-24.pdf\",\"displayPreview\":false} --><\/p>\n<div class=\"wp-block-file\"><a id=\"wp-block-file--media-828ab465-d7b3-44d7-815f-19ca9eee625b\" href=\"https:\/\/ss-ekonomsko-birotehnicka-sb.skole.hr\/wp-content\/uploads\/sites\/790\/2023\/12\/Popis-razrednih-odjela-i-razrednika-23-24.pdf\">Popis-razrednih-odjela-i-razrednika-23-24<\/a><a href=\"https:\/\/ss-ekonomsko-birotehnicka-sb.skole.hr\/wp-content\/uploads\/sites\/790\/2023\/12\/Popis-razrednih-odjela-i-razrednika-23-24.pdf\" class=\"wp-block-file__button wp-element-button\" aria-describedby=\"wp-block-file--media-828ab465-d7b3-44d7-815f-19ca9eee625b\">Preuzmi<\/a><\/div>\n<p>&nbsp;<\/p>\n<p><!-- \/divi:file --><\/p>\n<p>[\/et_pb_text][\/et_pb_column][et_pb_column type=&#8221;1_2&#8243; _builder_version=&#8221;4.16&#8243; custom_padding=&#8221;|||&#8221; global_colors_info=&#8221;{}&#8221; custom_padding__hover=&#8221;|||&#8221;][et_pb_text _builder_version=&#8221;4.23.1&#8243; _module_preset=&#8221;default&#8221; text_text_color=&#8221;#000000&#8243; link_text_color=&#8221;#0C71C3&#8243; hover_enabled=&#8221;0&#8243; global_colors_info=&#8221;{}&#8221; sticky_enabled=&#8221;0&#8243; text_font=&#8221;Gabriela|700|||||||&#8221;]<\/p>\n<p><span style=\"text-decoration: underline\"><strong>Materijali MZO-a za roditelje:<\/strong><\/span><\/p>\n<p class=\"enty-title pb-2\"><a href=\"https:\/\/www.hzjz.hr\/aktualnosti\/stetni-ucinci-duhanskih-proizvoda-i-nikotinskih-vrecica-promotivno-edukativni-materijali\/\">\u0160tetni u\u010dinci duhanskih proizvoda i nikotinskih vre\u0107ica (promotivno-edukativni materijali)<\/a><\/p>\n<p class=\"enty-title pb-2\"><a href=\"https:\/\/www.hzjz.hr\/energetska-pica-2023\/\">\u201eEnergetska pi\u0107a nisu za mlada bi\u0107a\u201d \u2013 promotivno-edukativni materijali<\/a><\/p>\n<p>[\/et_pb_text][\/et_pb_column][\/et_pb_row][\/et_pb_section]<\/p>\n","protected":false},"excerpt":{"rendered":"<p>Pravilnik_o_izvodenju_izleta_ekskurzija Pravilnik_o_kriterijima_za_izricanje_pedagoskih_mjera_NN_br_94_2015 PRAVILNIK_O_NACINIMA,_POSTUPCIMA_I_ELEMENTIMA Pravilnik_o_uvjetima_i_nacinima_nastavka_obrazovanja_za_visu_razinu_kvalifikacije &nbsp; Popis-razrednih-odjela-i-razrednika-23-24Preuzmi &nbsp; Materijali MZO-a za roditelje: \u0160tetni u\u010dinci duhanskih proizvoda i nikotinskih vre\u0107ica (promotivno-edukativni materijali) \u201eEnergetska pi\u0107a nisu za mlada bi\u0107a\u201d \u2013 promotivno-edukativni materijali<\/p>\n","protected":false},"author":826,"featured_media":0,"parent":0,"menu_order":0,"comment_status":"closed","ping_status":"closed","template":"","meta":{"_et_pb_use_builder":"on","_et_pb_old_content":"<!-- wp:paragraph -->\n<p><strong><a href=\"https:\/\/ss-ekonomsko-birotehnicka-sb.skole.hr\/wp-content\/uploads\/sites\/790\/2023\/10\/Pravilnik_o_izvodenju_izleta_ekskurzija.pdf\">Pravilnik_o_izvodenju_izleta_ekskurzija<\/a><\/strong><\/p>\n<!-- \/wp:paragraph -->\n\n<!-- wp:paragraph -->\n<p><strong><a href=\"https:\/\/ss-ekonomsko-birotehnicka-sb.skole.hr\/wp-content\/uploads\/sites\/790\/2023\/10\/Pravilnik_o_kriterijima_za_izricanje_pedagoskih_mjera_NN_br_94_2015.pdf\">Pravilnik_o_kriterijima_za_izricanje_pedagoskih_mjera_NN_br_94_2015<\/a><\/strong><\/p>\n<!-- \/wp:paragraph -->\n\n<!-- wp:paragraph -->\n<p><strong><a href=\"https:\/\/ss-ekonomsko-birotehnicka-sb.skole.hr\/wp-content\/uploads\/sites\/790\/2023\/10\/PRAVILNIK_O_NACINIMA_POSTUPCIMA_I_ELEMENTIMA.pdf\">PRAVILNIK_O_NACINIMA,_POSTUPCIMA_I_ELEMENTIMA<\/a><\/strong><\/p>\n<!-- \/wp:paragraph -->\n\n<!-- wp:paragraph -->\n<p><strong><a href=\"https:\/\/ss-ekonomsko-birotehnicka-sb.skole.hr\/wp-content\/uploads\/sites\/790\/2023\/10\/Pravilnik_o_uvjetima_i_nacinima_nastavka_obrazovanja_za_visu_razinu_kvalifikacije.pdf\">Pravilnik_o_uvjetima_i_nacinima_nastavka_obrazovanja_za_visu_razinu_kvalifikacije<\/a><\/strong><\/p>\n<!-- \/wp:paragraph -->\n\n<!-- wp:image {\"id\":293446,\"width\":\"427px\",\"height\":\"auto\",\"aspectRatio\":\"1.675392670157068\",\"sizeSlug\":\"full\",\"linkDestination\":\"none\"} -->\n<figure class=\"wp-block-image size-full is-resized\"><img src=\"https:\/\/ss-ekonomsko-birotehnicka-sb.skole.hr\/wp-content\/uploads\/sites\/790\/2023\/10\/travel-933171_640.jpg\" alt=\"\" class=\"wp-image-293446\" style=\"aspect-ratio:1.675392670157068;width:427px;height:auto\"\/><\/figure>\n<!-- \/wp:image -->\n\n<!-- wp:file {\"id\":295726,\"href\":\"https:\/\/ss-ekonomsko-birotehnicka-sb.skole.hr\/wp-content\/uploads\/sites\/790\/2023\/12\/Popis-razrednih-odjela-i-razrednika-23-24.pdf\",\"displayPreview\":false} -->\n<div class=\"wp-block-file\"><a id=\"wp-block-file--media-828ab465-d7b3-44d7-815f-19ca9eee625b\" href=\"https:\/\/ss-ekonomsko-birotehnicka-sb.skole.hr\/wp-content\/uploads\/sites\/790\/2023\/12\/Popis-razrednih-odjela-i-razrednika-23-24.pdf\">Popis-razrednih-odjela-i-razrednika-23-24<\/a><a href=\"https:\/\/ss-ekonomsko-birotehnicka-sb.skole.hr\/wp-content\/uploads\/sites\/790\/2023\/12\/Popis-razrednih-odjela-i-razrednika-23-24.pdf\" class=\"wp-block-file__button wp-element-button\" download aria-describedby=\"wp-block-file--media-828ab465-d7b3-44d7-815f-19ca9eee625b\">Preuzmi<\/a><\/div>\n<!-- \/wp:file -->","_et_gb_content_width":"","footnotes":""},"class_list":["post-116","page","type-page","status-publish","hentry"],"_links":{"self":[{"href":"https:\/\/ss-ekonomsko-birotehnicka-sb.skole.hr\/index.php?rest_route=\/wp\/v2\/pages\/116","targetHints":{"allow":["GET"]}}],"collection":[{"href":"https:\/\/ss-ekonomsko-birotehnicka-sb.skole.hr\/index.php?rest_route=\/wp\/v2\/pages"}],"about":[{"href":"https:\/\/ss-ekonomsko-birotehnicka-sb.skole.hr\/index.php?rest_route=\/wp\/v2\/types\/page"}],"author":[{"embeddable":true,"href":"https:\/\/ss-ekonomsko-birotehnicka-sb.skole.hr\/index.php?rest_route=\/wp\/v2\/users\/826"}],"replies":[{"embeddable":true,"href":"https:\/\/ss-ekonomsko-birotehnicka-sb.skole.hr\/index.php?rest_route=%2Fwp%2Fv2%2Fcomments&post=116"}],"version-history":[{"count":8,"href":"https:\/\/ss-ekonomsko-birotehnicka-sb.skole.hr\/index.php?rest_route=\/wp\/v2\/pages\/116\/revisions"}],"predecessor-version":[{"id":295831,"href":"https:\/\/ss-ekonomsko-birotehnicka-sb.skole.hr\/index.php?rest_route=\/wp\/v2\/pages\/116\/revisions\/295831"}],"wp:attachment":[{"href":"https:\/\/ss-ekonomsko-birotehnicka-sb.skole.hr\/index.php?rest_route=%2Fwp%2Fv2%2Fmedia&parent=116"}],"curies":[{"name":"wp","href":"https:\/\/api.w.org\/{rel}","templated":true}]}}