{"id":134,"date":"2023-07-28T22:11:13","date_gmt":"2023-07-28T20:11:13","guid":{"rendered":"https:\/\/ss-ekonomsko-birotehnicka-sb.skole.hr\/?page_id=134"},"modified":"2025-10-10T12:11:22","modified_gmt":"2025-10-10T10:11:22","slug":"skolski-dokumenti","status":"publish","type":"page","link":"https:\/\/ss-ekonomsko-birotehnicka-sb.skole.hr\/?page_id=134","title":{"rendered":"\u0160kolski dokumenti"},"content":{"rendered":"<p>[et_pb_section fb_built=&#8221;1&#8243; _builder_version=&#8221;4.22.1&#8243; _module_preset=&#8221;default&#8221; global_colors_info=&#8221;{}&#8221;][et_pb_row column_structure=&#8221;1_2,1_2&#8243; _builder_version=&#8221;4.22.1&#8243; _module_preset=&#8221;default&#8221; background_color=&#8221;RGBA(255,255,255,0)&#8221; background_enable_image=&#8221;off&#8221; parallax=&#8221;on&#8221; filter_opacity=&#8221;58%&#8221; global_colors_info=&#8221;{}&#8221;][et_pb_column type=&#8221;1_2&#8243; _builder_version=&#8221;4.22.1&#8243; _module_preset=&#8221;default&#8221; global_colors_info=&#8221;{}&#8221;][et_pb_text _builder_version=&#8221;4.25.0&#8243; _module_preset=&#8221;default&#8221; text_font=&#8221;Gabriela|700|||||||&#8221; text_text_color=&#8221;#0C71C3&#8243; link_font=&#8221;Gabriela|700|||||||&#8221; link_text_color=&#8221;#0C71C3&#8243; hover_enabled=&#8221;0&#8243; global_colors_info=&#8221;{}&#8221; sticky_enabled=&#8221;0&#8243;]<\/p>\n<h4>Godi\u0161nji plan i program rada<\/h4>\n<p><a href=\"https:\/\/ss-ekonomsko-birotehnicka-sb.skole.hr\/wp-content\/uploads\/sites\/790\/2023\/10\/Godisnji-plan-i-program-rada-2015.-16.pdf\" rel=\"attachment wp-att-293512\">Godi\u0161nji plan i program rada 2015.-16. <\/a><a href=\"https:\/\/ss-ekonomsko-birotehnicka-sb.skole.hr\/wp-content\/uploads\/sites\/790\/2023\/10\/Odluka-Godisnji-plan-i-program-2015.-16.pdf\" rel=\"attachment wp-att-293515\">Odluka Godi\u0161nji plan i program 2015.-16.<\/a><a href=\"https:\/\/ss-ekonomsko-birotehnicka-sb.skole.hr\/wp-content\/uploads\/sites\/790\/2023\/10\/Godisnji-plan-i-program-rada-2015.-16.pdf\" rel=\"attachment wp-att-293512\"><\/a><\/p>\n<p><a href=\"https:\/\/ss-ekonomsko-birotehnicka-sb.skole.hr\/wp-content\/uploads\/sites\/790\/2023\/10\/Godisnji-plan-i-program-rada-2016.-17.pdf\" rel=\"attachment wp-att-293506\">Godi\u0161nji plan i program rada 2016.-17.\u00a0<\/a> <a href=\"https:\/\/ss-ekonomsko-birotehnicka-sb.skole.hr\/wp-content\/uploads\/sites\/790\/2023\/10\/Odluka-o-izmjeni-Godisnjeg-plana-i-programa-2016.-17.pdf\" rel=\"attachment wp-att-293503\">Odluka o izmjeni Godi\u0161njeg plana i programa 2016.-17.<\/a><\/p>\n<p><a href=\"https:\/\/ss-ekonomsko-birotehnicka-sb.skole.hr\/wp-content\/uploads\/sites\/790\/2023\/10\/Godisnji-plan-i-program-rada-2017.-18.pdf\" rel=\"attachment wp-att-293497\">Godi\u0161nji plan i program rada 2017.-18.\u00a0<\/a> <a href=\"https:\/\/ss-ekonomsko-birotehnicka-sb.skole.hr\/wp-content\/uploads\/sites\/790\/2023\/10\/Odluka-o-izmjeni-GPPR-2017.-18.pdf\" rel=\"attachment wp-att-293494\">Odluka o izmjeni GPPR 2017.-18.<\/a><\/p>\n<p><a href=\"https:\/\/ss-ekonomsko-birotehnicka-sb.skole.hr\/wp-content\/uploads\/sites\/790\/2023\/10\/Godisnji-plan-i-program-rada-2018.-19.pdf\" rel=\"attachment wp-att-293488\">Godi\u0161nji plan i program rada 2018.-19.<\/a><\/p>\n<p><a href=\"https:\/\/ss-ekonomsko-birotehnicka-sb.skole.hr\/wp-content\/uploads\/sites\/790\/2023\/10\/Godisnji-plan-i-program-rada-2019.-20.pdf\" rel=\"attachment wp-att-293551\">Godi\u0161nji plan i program rada 2019.-20. <\/a><a href=\"https:\/\/ss-ekonomsko-birotehnicka-sb.skole.hr\/wp-content\/uploads\/sites\/790\/2023\/10\/Odluka-o-Izmjenama-Godisnjeg-plana-i-programa-rada-2019.-2020.pdf\" rel=\"attachment wp-att-293554\">Odluka o Izmjenama Godi\u0161njeg plana i programa rada 2019.-2020.<\/a><a href=\"https:\/\/ss-ekonomsko-birotehnicka-sb.skole.hr\/wp-content\/uploads\/sites\/790\/2023\/10\/Godisnji-plan-i-program-rada-2019.-20.pdf\" rel=\"attachment wp-att-293551\"><\/a><\/p>\n<p><a href=\"https:\/\/ss-ekonomsko-birotehnicka-sb.skole.hr\/wp-content\/uploads\/sites\/790\/2023\/10\/Godisnji-plan-i-program-rada-2020.-21.pdf\" rel=\"attachment wp-att-293545\">Godi\u0161nji plan i program rada 2020.-21.\u00a0<\/a> <a href=\"https:\/\/ss-ekonomsko-birotehnicka-sb.skole.hr\/wp-content\/uploads\/sites\/790\/2023\/10\/Odluka-o-Izmjenama-Godisnjeg-plana-i-programa-rada-2020.-21.pdf\" rel=\"attachment wp-att-293542\">Odluka o Izmjenama Godi\u0161njeg plana i programa rada 2020.-21.<\/a><\/p>\n<p><a href=\"https:\/\/ss-ekonomsko-birotehnicka-sb.skole.hr\/wp-content\/uploads\/sites\/790\/2023\/10\/Godisnji-plan-i-program-rada-2021.-22.pdf\" rel=\"attachment wp-att-293536\">Godi\u0161nji plan i program rada 2021.-22.<\/a><\/p>\n<p><a href=\"https:\/\/ss-ekonomsko-birotehnicka-sb.skole.hr\/wp-content\/uploads\/sites\/790\/2023\/10\/Godisnji-plan-i-program-rada-2022.-23.pdf\" rel=\"attachment wp-att-293530\">Godi\u0161nji plan i program rada 2022.-23.<\/a><\/p>\n<p><a href=\"https:\/\/ss-ekonomsko-birotehnicka-sb.skole.hr\/wp-content\/uploads\/sites\/790\/2023\/10\/Godisnji-plan-i-program-rada-2023.-24.pdf\" rel=\"attachment wp-att-293524\">Godi\u0161nji plan i program rada 2023.-24.<\/a> \u00a0<a href=\"https:\/\/ss-ekonomsko-birotehnicka-sb.skole.hr\/wp-content\/uploads\/sites\/790\/2024\/05\/Odluka-o-Izmjenama-GPPR-1.pdf\" rel=\"attachment wp-att-298185\">Odluka o Izmjenama GPPR<\/a> <a href=\"https:\/\/ss-ekonomsko-birotehnicka-sb.skole.hr\/wp-content\/uploads\/sites\/790\/2024\/05\/Izmjena-kalendara-rada-2023-24-1.pdf\" rel=\"attachment wp-att-298188\">Izmjena kalendara rada 2023-24<\/a><\/p>\n<p><a href=\"https:\/\/ss-ekonomsko-birotehnicka-sb.skole.hr\/wp-content\/uploads\/sites\/790\/2024\/10\/Godisnji-plan-i-program-rada-2024.-25.pdf\" rel=\"attachment wp-att-299466\">Godi\u0161nji plan i program rada 2024.-25.<\/a><\/p>\n<p><a href=\"https:\/\/ss-ekonomsko-birotehnicka-sb.skole.hr\/wp-content\/uploads\/sites\/790\/2025\/10\/Godisnji-plan-i-program-rada-2025.-26.-EBS.pdf\" rel=\"attachment wp-att-305427\">Godi\u0161nji plan i program rada 2025.-26.\u00a0<\/a><\/p>\n<p>[\/et_pb_text][\/et_pb_column][et_pb_column type=&#8221;1_2&#8243; _builder_version=&#8221;4.22.1&#8243; _module_preset=&#8221;default&#8221; global_colors_info=&#8221;{}&#8221;][et_pb_text _builder_version=&#8221;4.25.0&#8243; _module_preset=&#8221;default&#8221; text_font=&#8221;Gabriela|700|||||||&#8221; text_text_color=&#8221;#0C71C3&#8243; link_font=&#8221;Gabriela|700|||||||&#8221; link_text_color=&#8221;#0C71C3&#8243; global_colors_info=&#8221;{}&#8221;]<\/p>\n<h4>\u0160kolski kurikulum<\/h4>\n<p><a href=\"https:\/\/ss-ekonomsko-birotehnicka-sb.skole.hr\/wp-content\/uploads\/sites\/790\/2023\/10\/Skolski_kurikulum_2015.-16.pdf\" rel=\"attachment wp-att-293509\">Skolski_kurikulum_2015.-16. <\/a><a href=\"https:\/\/ss-ekonomsko-birotehnicka-sb.skole.hr\/wp-content\/uploads\/sites\/790\/2023\/10\/Odluka-Skolski-kurikulum-2015.-16.pdf\" rel=\"attachment wp-att-293518\">Odluka \u0160kolski kurikulum 2015.-16.<\/a><a href=\"https:\/\/ss-ekonomsko-birotehnicka-sb.skole.hr\/wp-content\/uploads\/sites\/790\/2023\/10\/Skolski_kurikulum_2015.-16.pdf\" rel=\"attachment wp-att-293509\"><\/a><\/p>\n<p><a href=\"https:\/\/ss-ekonomsko-birotehnicka-sb.skole.hr\/wp-content\/uploads\/sites\/790\/2023\/10\/Skolski-kurikulum-2016.-17.pdf\" rel=\"attachment wp-att-293500\">Skolski kurikulum 2016.-17.<\/a><\/p>\n<p><a href=\"https:\/\/ss-ekonomsko-birotehnicka-sb.skole.hr\/wp-content\/uploads\/sites\/790\/2023\/10\/Skolski-kurikulum-2017.-18.pdf\" rel=\"attachment wp-att-293491\">\u0160kolski kurikulum 2017.-18.<\/a><\/p>\n<p><a href=\"https:\/\/ss-ekonomsko-birotehnicka-sb.skole.hr\/wp-content\/uploads\/sites\/790\/2023\/10\/Skolski-kurikulum-2018.-19.pdf\" rel=\"attachment wp-att-293557\">\u0160kolski kurikulum 2018.-19.<\/a><\/p>\n<p><a href=\"https:\/\/ss-ekonomsko-birotehnicka-sb.skole.hr\/wp-content\/uploads\/sites\/790\/2023\/10\/Skolski-kurikulum-2019.-20.pdf\" rel=\"attachment wp-att-293548\">\u0160kolski kurikulum 2019.-20.<\/a><\/p>\n<p><a href=\"https:\/\/ss-ekonomsko-birotehnicka-sb.skole.hr\/wp-content\/uploads\/sites\/790\/2023\/10\/Skolski-kurikulum-2020.-21.pdf\" rel=\"attachment wp-att-293539\">Skolski kurikulum 2020.-21.<\/a><\/p>\n<p><a href=\"https:\/\/ss-ekonomsko-birotehnicka-sb.skole.hr\/wp-content\/uploads\/sites\/790\/2023\/10\/Skolski-kurikulum-2021.-22.pdf\" rel=\"attachment wp-att-293533\">\u0160kolski kurikulum 2021.-22<\/a><\/p>\n<p><a href=\"https:\/\/ss-ekonomsko-birotehnicka-sb.skole.hr\/wp-content\/uploads\/sites\/790\/2023\/10\/Skolski-kurikulum-2022.-23.pdf\" rel=\"attachment wp-att-293527\">\u0160kolski kurikulum 2022.-23<\/a><\/p>\n<p><a href=\"https:\/\/ss-ekonomsko-birotehnicka-sb.skole.hr\/wp-content\/uploads\/sites\/790\/2023\/10\/Skolski-kurikulum-2023.-24.pdf\" rel=\"attachment wp-att-293521\">\u0160kolski kurikulum 2023.-24<\/a><\/p>\n<p><a href=\"https:\/\/ss-ekonomsko-birotehnicka-sb.skole.hr\/wp-content\/uploads\/sites\/790\/2024\/10\/Skolski-kurikulum-2024.-25.pdf\" rel=\"attachment wp-att-299460\">\u0160kolski kurikulum 2024.-25.<\/a><\/p>\n<p><a href=\"https:\/\/ss-ekonomsko-birotehnicka-sb.skole.hr\/wp-content\/uploads\/sites\/790\/2025\/10\/Skolski-kurikulum-25.-26.pdf\" rel=\"attachment wp-att-305409\">\u0160kolski kurikulum 2025.-26.<\/a><\/p>\n<p>&nbsp;<\/p>\n<p>[\/et_pb_text][\/et_pb_column][\/et_pb_row][\/et_pb_section]<\/p>\n","protected":false},"excerpt":{"rendered":"<p>Godi\u0161nji plan i program rada Godi\u0161nji plan i program rada 2015.-16. Odluka Godi\u0161nji plan i program 2015.-16. Godi\u0161nji plan i program rada 2016.-17.\u00a0 Odluka o izmjeni Godi\u0161njeg plana i programa 2016.-17. Godi\u0161nji plan i program rada 2017.-18.\u00a0 Odluka o izmjeni GPPR 2017.-18. Godi\u0161nji plan i program rada 2018.-19. Godi\u0161nji plan i program rada 2019.-20. Odluka [&hellip;]<\/p>\n","protected":false},"author":826,"featured_media":0,"parent":0,"menu_order":0,"comment_status":"closed","ping_status":"closed","template":"","meta":{"_et_pb_use_builder":"on","_et_pb_old_content":"","_et_gb_content_width":"","footnotes":""},"class_list":["post-134","page","type-page","status-publish","hentry"],"_links":{"self":[{"href":"https:\/\/ss-ekonomsko-birotehnicka-sb.skole.hr\/index.php?rest_route=\/wp\/v2\/pages\/134","targetHints":{"allow":["GET"]}}],"collection":[{"href":"https:\/\/ss-ekonomsko-birotehnicka-sb.skole.hr\/index.php?rest_route=\/wp\/v2\/pages"}],"about":[{"href":"https:\/\/ss-ekonomsko-birotehnicka-sb.skole.hr\/index.php?rest_route=\/wp\/v2\/types\/page"}],"author":[{"embeddable":true,"href":"https:\/\/ss-ekonomsko-birotehnicka-sb.skole.hr\/index.php?rest_route=\/wp\/v2\/users\/826"}],"replies":[{"embeddable":true,"href":"https:\/\/ss-ekonomsko-birotehnicka-sb.skole.hr\/index.php?rest_route=%2Fwp%2Fv2%2Fcomments&post=134"}],"version-history":[{"count":9,"href":"https:\/\/ss-ekonomsko-birotehnicka-sb.skole.hr\/index.php?rest_route=\/wp\/v2\/pages\/134\/revisions"}],"predecessor-version":[{"id":305433,"href":"https:\/\/ss-ekonomsko-birotehnicka-sb.skole.hr\/index.php?rest_route=\/wp\/v2\/pages\/134\/revisions\/305433"}],"wp:attachment":[{"href":"https:\/\/ss-ekonomsko-birotehnicka-sb.skole.hr\/index.php?rest_route=%2Fwp%2Fv2%2Fmedia&parent=134"}],"curies":[{"name":"wp","href":"https:\/\/api.w.org\/{rel}","templated":true}]}}