{"id":152,"date":"2023-07-28T22:21:10","date_gmt":"2023-07-28T20:21:10","guid":{"rendered":"https:\/\/ss-ekonomsko-birotehnicka-sb.skole.hr\/?page_id=152"},"modified":"2025-11-21T12:38:24","modified_gmt":"2025-11-21T11:38:24","slug":"kontakt","status":"publish","type":"page","link":"https:\/\/ss-ekonomsko-birotehnicka-sb.skole.hr\/?page_id=152","title":{"rendered":"Kontakt"},"content":{"rendered":"<p>[et_pb_section fb_built=&#8221;1&#8243; _builder_version=&#8221;4.16&#8243; global_colors_info=&#8221;{}&#8221;][et_pb_row column_structure=&#8221;1_2,1_2&#8243; _builder_version=&#8221;4.16&#8243; background_size=&#8221;initial&#8221; background_position=&#8221;top_left&#8221; background_repeat=&#8221;repeat&#8221; global_colors_info=&#8221;{}&#8221;][et_pb_column type=&#8221;1_2&#8243; _builder_version=&#8221;4.16&#8243; custom_padding=&#8221;|||&#8221; global_colors_info=&#8221;{}&#8221; custom_padding__hover=&#8221;|||&#8221;][et_pb_text _builder_version=&#8221;4.25.0&#8243; _module_preset=&#8221;default&#8221; global_colors_info=&#8221;{}&#8221;]<\/p>\n<p><strong>Ekonomsko-birotehni\u010dka \u0161kola<\/strong><\/p>\n<p><em>OIB:<\/em> 53389458394<\/p>\n<p><em>Adresa:<\/em> Naselje Andrija Hebrang 13\/1, 35000 Slavonski Brod<\/p>\n<p><em>\u017dupanija:<\/em> Brodsko-posavska<\/p>\n<p><em>Telefon:<\/em> 035 443 175<\/p>\n<p><em>e-mail:<\/em> skola@ss-ekonomsko-birotehnicka-sb.skole.hr<\/p>\n<p><em>Mre\u017ena stranica:<\/em> http:\/\/www.ss-ekonomsko-birotehnicka-sb.skole.hr<\/p>\n<table width=\"474\">\n<tbody>\n<tr>\n<td colspan=\"2\" style=\"width: 464px\">\n<p style=\"text-align: center\"><strong>Radno vrijeme \u0161kole<\/strong><\/p>\n<\/td>\n<\/tr>\n<tr>\n<td style=\"text-align: center;width: 229px\">Ponedjeljak \u2013 petak<\/td>\n<td style=\"text-align: center;width: 229px\">7:00 \u2013 15:00<\/td>\n<\/tr>\n<tr>\n<td colspan=\"2\" style=\"text-align: center;width: 464px\"><strong>Radno vrijeme stru\u010dnih suradnika<\/strong><\/td>\n<\/tr>\n<tr>\n<td style=\"text-align: center;width: 229px\">Ponedjeljak \u2013 petak<\/td>\n<td style=\"text-align: center;width: 229px\">8:00 \u2013 14:00<\/td>\n<\/tr>\n<tr>\n<td style=\"text-align: center;width: 229px\"><strong>Jednosmjenska nastava:\u00a0<\/strong><\/td>\n<td style=\"text-align: center;width: 229px\">7:10 \u2013 13:55<\/td>\n<\/tr>\n<tr>\n<td style=\"text-align: center;width: 229px\"><\/td>\n<td style=\"text-align: center;width: 229px\"><\/td>\n<\/tr>\n<\/tbody>\n<\/table>\n<p>&nbsp;<\/p>\n<p>[\/et_pb_text][\/et_pb_column][et_pb_column type=&#8221;1_2&#8243; _builder_version=&#8221;4.16&#8243; custom_padding=&#8221;|||&#8221; global_colors_info=&#8221;{}&#8221; custom_padding__hover=&#8221;|||&#8221;][et_pb_text _builder_version=&#8221;4.25.0&#8243; _module_preset=&#8221;default&#8221; global_colors_info=&#8221;{}&#8221;]<\/p>\n<p><em>RAVNATELJ:<\/em> <strong>Mato \u010caklovac<\/strong><\/p>\n<p><strong>035 442-326<\/strong><\/p>\n<p>e-mail: mato.caklovac@skole.hr<\/p>\n<p><em>TAJNICA:<\/em> <strong>Dragica Filajdi\u0107<\/strong><\/p>\n<p><em>RA\u010cUNOVOTKINJA:<\/em> <strong>Gordana Petra\u010di\u0107 Feri\u0107<\/strong><\/p>\n<p><em>REFERENTICA ZA U\u010cENIKE:<\/em> <strong>Maja Vrhov\u010devi\u0107<\/strong><\/p>\n<p><em>e-mail:<\/em> maja.vrhovcevic@skole.hr<\/p>\n<p><em>PEDAGOGINJA:<\/em> <strong>Mirjana Samard\u017ei\u0107<\/strong><\/p>\n<p><em>e-mail:<\/em> mirjana.samardzic@skole.hr<\/p>\n<p><em>PSIHOLOGINJA:<\/em>\u00a0<b> Ana Samard\u017ei\u0107<\/b><\/p>\n<p>e-mail: ana.samardzic@skole.hr<strong><\/strong><\/p>\n<p><em>KNJI\u017dNI\u010cARKA:<\/em>\u00a0<strong>Marija Deankovi\u0107<\/strong><\/p>\n<p><em>e-mail:<\/em> marija.deankovic@skole.hr<\/p>\n<p>[\/et_pb_text][\/et_pb_column][\/et_pb_row][\/et_pb_section]<\/p>\n","protected":false},"excerpt":{"rendered":"<p>Ekonomsko-birotehni\u010dka \u0161kola OIB: 53389458394 Adresa: Naselje Andrija Hebrang 13\/1, 35000 Slavonski Brod \u017dupanija: Brodsko-posavska Telefon: 035 443 175 e-mail: skola@ss-ekonomsko-birotehnicka-sb.skole.hr Mre\u017ena stranica: http:\/\/www.ss-ekonomsko-birotehnicka-sb.skole.hr Radno vrijeme \u0161kole Ponedjeljak \u2013 petak 7:00 \u2013 15:00 Radno vrijeme stru\u010dnih suradnika Ponedjeljak \u2013 petak 8:00 \u2013 14:00 Jednosmjenska nastava:\u00a0 7:10 \u2013 13:55 &nbsp;RAVNATELJ: Mato \u010caklovac 035 442-326 e-mail: mato.caklovac@skole.hr TAJNICA: [&hellip;]<\/p>\n","protected":false},"author":826,"featured_media":0,"parent":0,"menu_order":0,"comment_status":"closed","ping_status":"closed","template":"","meta":{"_et_pb_use_builder":"on","_et_pb_old_content":"<!-- wp:paragraph -->\n<p><strong>Ekonomsko-birotehni\u010dka \u0161kola<\/strong><\/p>\n<!-- \/wp:paragraph -->\n\n<!-- wp:paragraph -->\n<p>OIB: 53389458394<\/p>\n<!-- \/wp:paragraph -->\n\n<!-- wp:paragraph -->\n<p>Adresa: Naselje Andrija Hebrang 13\/1, 35000 Slavonski Brod<\/p>\n<!-- \/wp:paragraph -->\n\n<!-- wp:paragraph -->\n<p>\u017dupanija: Brodsko-posavska<\/p>\n<!-- \/wp:paragraph -->\n\n<!-- wp:paragraph -->\n<p>Telefon: 035 443-175<\/p>\n<!-- \/wp:paragraph -->\n\n<!-- wp:paragraph -->\n<p>e-mail: skola@ss-ekonomsko-birotehnicka-sb.skole.hr<\/p>\n<!-- \/wp:paragraph -->\n\n<!-- wp:paragraph -->\n<p>Mre\u017ena stranica: http:\/\/www.ss-ekonomsko-birotehnicka-sb.skole.hr<\/p>\n<!-- \/wp:paragraph -->\n\n<!-- wp:paragraph -->\n<p>RAVNATELJ: Mato \u010caklovac, prof.<\/p>\n<!-- \/wp:paragraph -->\n\n<!-- wp:paragraph -->\n<p>TAJNICA: Dragica Filajdi\u0107<\/p>\n<!-- \/wp:paragraph -->\n\n<!-- wp:paragraph -->\n<p>RA\u010cUNOVOTKINJA: Gordana Petra\u010di\u0107 Feri\u0107<\/p>\n<!-- \/wp:paragraph -->\n\n<!-- wp:paragraph -->\n<p>REFERENTICA ZA U\u010cENIKE: Maja Vrhov\u010devi\u0107<\/p>\n<!-- \/wp:paragraph -->\n\n<!-- wp:paragraph -->\n<p>e-mail: maja.vrhovcevic@skole.hr<\/p>\n<!-- \/wp:paragraph -->\n\n<!-- wp:paragraph -->\n<p>PEDAGOGINJA: Mirjana Samard\u017ei\u0107<\/p>\n<!-- \/wp:paragraph -->\n\n<!-- wp:paragraph -->\n<p>e-mail: mirjana.samardzic@skole.hr<\/p>\n<!-- \/wp:paragraph -->\n\n<!-- wp:paragraph -->\n<p>PSIHOLOGINJA: Ana Samard\u017ei\u0107<\/p>\n<!-- \/wp:paragraph -->\n\n<!-- wp:paragraph -->\n<p>KNJI\u017dNI\u010cARKA : Marija Deankovi\u0107\u00a0<\/p>\n<!-- \/wp:paragraph -->\n\n<!-- wp:paragraph -->\n<p>e-mail: marija.deankovic@skole.hr<\/p>\n<!-- \/wp:paragraph -->","_et_gb_content_width":"","footnotes":""},"class_list":["post-152","page","type-page","status-publish","hentry"],"_links":{"self":[{"href":"https:\/\/ss-ekonomsko-birotehnicka-sb.skole.hr\/index.php?rest_route=\/wp\/v2\/pages\/152","targetHints":{"allow":["GET"]}}],"collection":[{"href":"https:\/\/ss-ekonomsko-birotehnicka-sb.skole.hr\/index.php?rest_route=\/wp\/v2\/pages"}],"about":[{"href":"https:\/\/ss-ekonomsko-birotehnicka-sb.skole.hr\/index.php?rest_route=\/wp\/v2\/types\/page"}],"author":[{"embeddable":true,"href":"https:\/\/ss-ekonomsko-birotehnicka-sb.skole.hr\/index.php?rest_route=\/wp\/v2\/users\/826"}],"replies":[{"embeddable":true,"href":"https:\/\/ss-ekonomsko-birotehnicka-sb.skole.hr\/index.php?rest_route=%2Fwp%2Fv2%2Fcomments&post=152"}],"version-history":[{"count":10,"href":"https:\/\/ss-ekonomsko-birotehnicka-sb.skole.hr\/index.php?rest_route=\/wp\/v2\/pages\/152\/revisions"}],"predecessor-version":[{"id":306309,"href":"https:\/\/ss-ekonomsko-birotehnicka-sb.skole.hr\/index.php?rest_route=\/wp\/v2\/pages\/152\/revisions\/306309"}],"wp:attachment":[{"href":"https:\/\/ss-ekonomsko-birotehnicka-sb.skole.hr\/index.php?rest_route=%2Fwp%2Fv2%2Fmedia&parent=152"}],"curies":[{"name":"wp","href":"https:\/\/api.w.org\/{rel}","templated":true}]}}