{"id":20,"date":"2023-07-28T22:02:44","date_gmt":"2023-07-28T20:02:44","guid":{"rendered":"https:\/\/ss-ekonomsko-birotehnicka-sb.skole.hr\/?page_id=20"},"modified":"2025-06-27T10:51:49","modified_gmt":"2025-06-27T08:51:49","slug":"skola","status":"publish","type":"page","link":"https:\/\/ss-ekonomsko-birotehnicka-sb.skole.hr\/?page_id=20","title":{"rendered":"\u0160kola"},"content":{"rendered":"\n<p><strong>Podaci o \u0161koli<\/strong><\/p>\n\n\n\n<figure class=\"wp-block-image\"><img decoding=\"async\" width=\"1920\" height=\"300\" src=\"https:\/\/ss-ekonomsko-birotehnicka-sb.skole.hr\/wp-content\/uploads\/sites\/790\/2023\/11\/Skola_1-e1699342371858.jpg\" alt=\"\" class=\"wp-image-294379\" srcset=\"https:\/\/ss-ekonomsko-birotehnicka-sb.skole.hr\/wp-content\/uploads\/sites\/790\/2023\/11\/Skola_1-e1699342371858.jpg 1920w, https:\/\/ss-ekonomsko-birotehnicka-sb.skole.hr\/wp-content\/uploads\/sites\/790\/2023\/11\/Skola_1-e1699342371858-1280x300.jpg 1280w, https:\/\/ss-ekonomsko-birotehnicka-sb.skole.hr\/wp-content\/uploads\/sites\/790\/2023\/11\/Skola_1-e1699342371858-980x300.jpg 980w, https:\/\/ss-ekonomsko-birotehnicka-sb.skole.hr\/wp-content\/uploads\/sites\/790\/2023\/11\/Skola_1-e1699342371858-480x270.jpg 480w\" sizes=\"(min-width: 0px) and (max-width: 480px) 480px, (min-width: 481px) and (max-width: 980px) 980px, (min-width: 981px) and (max-width: 1280px) 1280px, (min-width: 1281px) 1920px, 100vw\" \/><\/figure>\n\n\n\n<p>Ekonomsko-birotehni\u010dka \u0161kola nastala je diobom Centra za odgoj i usmjereno obrazovanje&nbsp;&nbsp;\u201eRade Kon\u010dar\u201c 1. rujna 1991. godine od kada djeluje kao samostalna ustanova.<\/p>\n\n\n\n<p>U listopadu 2008. godine Ekonomsko-birotehni\u010dka \u0161kola preseljena je u novi prostor u Naselju Andrija Hebrang 13\/1.<\/p>\n\n\n\n<p>Ukupna povr\u0161ina \u0161kolskog prostora je 46 967 m<sup>2<\/sup>. Zelene povr\u0161ine zauzimaju 27 588 m<sup>2<\/sup>, igrali\u0161ta unutar zelenog pojasa 10 403 m<sup>2<\/sup>, a povr\u0161ina svih pje\u0161a\u010dkih, kolnih povr\u0161ina i povr\u0161ina u mirovanju iznosi 6 376 m<sup>2<\/sup>. Ukupna bruto povr\u0161ina objekta je 4 966,98 m<sup>2<\/sup>. \u0160kola radi u jednoj smjeni i ima vlastito centralno grijanje.<\/p>\n\n\n\n<figure class=\"wp-block-image\"><img decoding=\"async\" width=\"1920\" height=\"405\" src=\"https:\/\/ss-ekonomsko-birotehnicka-sb.skole.hr\/wp-content\/uploads\/sites\/790\/2023\/11\/Skola-2.jpg\" alt=\"\" class=\"wp-image-294319\" srcset=\"https:\/\/ss-ekonomsko-birotehnicka-sb.skole.hr\/wp-content\/uploads\/sites\/790\/2023\/11\/Skola-2.jpg 1920w, https:\/\/ss-ekonomsko-birotehnicka-sb.skole.hr\/wp-content\/uploads\/sites\/790\/2023\/11\/Skola-2-1280x270.jpg 1280w, https:\/\/ss-ekonomsko-birotehnicka-sb.skole.hr\/wp-content\/uploads\/sites\/790\/2023\/11\/Skola-2-980x207.jpg 980w, https:\/\/ss-ekonomsko-birotehnicka-sb.skole.hr\/wp-content\/uploads\/sites\/790\/2023\/11\/Skola-2-480x101.jpg 480w\" sizes=\"(min-width: 0px) and (max-width: 480px) 480px, (min-width: 481px) and (max-width: 980px) 980px, (min-width: 981px) and (max-width: 1280px) 1280px, (min-width: 1281px) 1920px, 100vw\" \/><\/figure>\n\n\n\n<p><strong>Bro\u0161ura Ekonomsko-birotehni\u010dke \u0161kole<\/strong><\/p>\n\n\n\n<div data-wp-interactive=\"core\/file\" class=\"wp-block-file\"><object data-wp-bind--hidden=\"!state.hasPdfPreview\" hidden class=\"wp-block-file__embed\" data=\"https:\/\/ss-ekonomsko-birotehnicka-sb.skole.hr\/wp-content\/uploads\/sites\/790\/2025\/03\/Brosura-EBS.pdf\" type=\"application\/pdf\" style=\"width:100%;height:400px\" aria-label=\"Ugra\u0111eno Bro\u0161ura EB\u0160.\"><\/object><a id=\"wp-block-file--media-c8fd3a74-84c5-4d87-b37d-46561daa0607\" href=\"https:\/\/ss-ekonomsko-birotehnicka-sb.skole.hr\/wp-content\/uploads\/sites\/790\/2025\/03\/Brosura-EBS.pdf\">Bro\u0161ura EB\u0160<\/a><a href=\"https:\/\/ss-ekonomsko-birotehnicka-sb.skole.hr\/wp-content\/uploads\/sites\/790\/2025\/03\/Brosura-EBS.pdf\" class=\"wp-block-file__button wp-element-button\" download aria-describedby=\"wp-block-file--media-c8fd3a74-84c5-4d87-b37d-46561daa0607\">Preuzmi<\/a><\/div>\n\n\n\n<p><strong>\u0160kolska godina 2025.\/26.<\/strong><\/p>\n\n\n\n<p>Modularna nastava za 1. razrede srednje \u0161kole<\/p>\n\n\n\n<p><strong>Programski sektori<\/strong><\/p>\n\n\n\n<p><strong>Ekonomija i trgovina<\/strong><\/p>\n\n\n\n<p>Stru\u010dna kvalifikacija: Referent\/ica za poslovnu ekonomiju<\/p>\n\n\n\n<p>Trajanje obrazovanja: 4 godine<\/p>\n\n\n\n<p>Stru\u010dna kvalifikacija: Prodava\u010d<\/p>\n\n\n\n<p>Trajanje obrazovanja: 3 godine<\/p>\n\n\n\n<p><strong>Turizam i ugostiteljstvo<\/strong><\/p>\n\n\n\n<p>Stru\u010dna kvalifikacija: Turisti\u010dki tehni\u010dar destinacije \/ Turisti\u010dka tehni\u010darka destinacije<\/p>\n\n\n\n<p>Trajanje obrazovanja: 4 godine<\/p>\n\n\n\n<p><strong>Pravo, politologija, sociologija, dr\u017eavna uprava i javni poslovi<\/strong><\/p>\n\n\n\n<p>Stru\u010dna kvalifikacija: Upravno-poslovni referent \/ Upravno-poslovna referentica<\/p>\n\n\n\n<p>Trajanje obrazovanja: 4 godine<\/p>\n\n\n\n<p><\/p>\n\n\n\n<p><strong>Programi za u\u010denike od 2. do 4. razreda<\/strong><\/p>\n\n\n\n<p><strong>Programski sektori<\/strong><\/p>\n\n\n\n<p><strong>Ekonomija, trgovina i poslovna administracija<\/strong><\/p>\n\n\n\n<p>Podsektor: ekonomija<\/p>\n\n\n\n<p>Zanimanje: ekonomist<\/p>\n\n\n\n<p>Trajanje obrazovanja: 4 godine<\/p>\n\n\n\n<p>Podsektor: poslovna administracija<\/p>\n\n\n\n<p>Zanimanja: upravni referent, poslovni tajnik<\/p>\n\n\n\n<p>Trajanje obrazovanja: 4 godine<\/p>\n\n\n\n<p>Podsektor: trgovina<\/p>\n\n\n\n<p>Zanimanje: prodava\u010d<\/p>\n\n\n\n<p>Trajanje obrazovanja: 3 godine<\/p>\n\n\n\n<p><strong>Ugostiteljstvo i turizam<\/strong><\/p>\n\n\n\n<p>Zanimanje: hotelijersko-turisti\u010dki tehni\u010dar<\/p>\n\n\n\n<p>Trajanje obrazovanja: 4 godine<\/p>\n\n\n\n<p><\/p>\n","protected":false},"excerpt":{"rendered":"<p>Podaci o \u0161koli Ekonomsko-birotehni\u010dka \u0161kola nastala je diobom Centra za odgoj i usmjereno obrazovanje&nbsp;&nbsp;\u201eRade Kon\u010dar\u201c 1. rujna 1991. godine od kada djeluje kao samostalna ustanova. U listopadu 2008. godine Ekonomsko-birotehni\u010dka \u0161kola preseljena je u novi prostor u Naselju Andrija Hebrang 13\/1. Ukupna povr\u0161ina \u0161kolskog prostora je 46 967 m2. Zelene povr\u0161ine zauzimaju 27 588 m2, [&hellip;]<\/p>\n","protected":false},"author":826,"featured_media":0,"parent":0,"menu_order":0,"comment_status":"closed","ping_status":"closed","template":"","meta":{"_et_pb_use_builder":"off","_et_pb_old_content":"<!-- wp:paragraph -->\n<p><strong>Podaci o \u0161koli<\/strong><\/p>\n<!-- \/wp:paragraph -->\n\n<!-- wp:image {\"id\":294379} -->\n<figure class=\"wp-block-image\"><img src=\"https:\/\/ss-ekonomsko-birotehnicka-sb.skole.hr\/wp-content\/uploads\/sites\/790\/2023\/11\/Skola_1-e1699342371858.jpg\" alt=\"\" class=\"wp-image-294379\" \/><\/figure>\n<!-- \/wp:image -->\n\n<!-- wp:paragraph -->\n<p>Ekonomsko-birotehni\u010dka \u0161kola nastala je diobom Centra za odgoj i usmjereno obrazovanje&nbsp;&nbsp;\u201eRade Kon\u010dar\u201c 1. rujna 1991. godine od kada djeluje kao samostalna ustanova.<\/p>\n<!-- \/wp:paragraph -->\n\n<!-- wp:paragraph -->\n<p>U listopadu 2008. godine Ekonomsko-birotehni\u010dka \u0161kola preseljena je u novi prostor u Naselju Andrija Hebrang 13\/1.<\/p>\n<!-- \/wp:paragraph -->\n\n<!-- wp:paragraph -->\n<p>Ukupna povr\u0161ina \u0161kolskog prostora je 46 967 m<sup>2<\/sup>. Zelene povr\u0161ine zauzimaju 27 588 m<sup>2<\/sup>, igrali\u0161ta unutar zelenog pojasa 10 403 m<sup>2<\/sup>, a povr\u0161ina svih pje\u0161a\u010dkih, kolnih povr\u0161ina i povr\u0161ina u mirovanju iznosi 6 376 m<sup>2<\/sup>. Ukupna bruto povr\u0161ina objekta je 4 966,98 m<sup>2<\/sup>. \u0160kola radi u dvije smjene i ima vlastito centralno grijanje.<\/p>\n<!-- \/wp:paragraph -->\n\n<!-- wp:image {\"id\":294319} -->\n<figure class=\"wp-block-image\"><img src=\"https:\/\/ss-ekonomsko-birotehnicka-sb.skole.hr\/wp-content\/uploads\/sites\/790\/2023\/11\/Skola-2.jpg\" alt=\"\" class=\"wp-image-294319\" \/><\/figure>\n<!-- \/wp:image -->\n\n<!-- wp:paragraph -->\n<p><strong>Programski sektori<\/strong><\/p>\n<!-- \/wp:paragraph -->\n\n<!-- wp:paragraph -->\n<p><strong>Ekonomija, trgovina i poslovna administracija<\/strong><\/p>\n<!-- \/wp:paragraph -->\n\n<!-- wp:paragraph -->\n<p>Podsektor: ekonomija<\/p>\n<!-- \/wp:paragraph -->\n\n<!-- wp:paragraph -->\n<p>Zanimanje: ekonomist<\/p>\n<!-- \/wp:paragraph -->\n\n<!-- wp:paragraph -->\n<p>Trajanje obrazovanja: 4 godine<\/p>\n<!-- \/wp:paragraph -->\n\n<!-- wp:paragraph -->\n<p>Podsektor: poslovna administracija<\/p>\n<!-- \/wp:paragraph -->\n\n<!-- wp:paragraph -->\n<p>Zanimanja: upravni referent, poslovni tajnik<\/p>\n<!-- \/wp:paragraph -->\n\n<!-- wp:paragraph -->\n<p>Trajanje obrazovanja: 4 godine<\/p>\n<!-- \/wp:paragraph -->\n\n<!-- wp:paragraph -->\n<p>Podsektor: trgovina<\/p>\n<!-- \/wp:paragraph -->\n\n<!-- wp:paragraph -->\n<p>Zanimanje: prodava\u010d<\/p>\n<!-- \/wp:paragraph -->\n\n<!-- wp:paragraph -->\n<p>Trajanje obrazovanja: 3 godine<\/p>\n<!-- \/wp:paragraph -->\n\n<!-- wp:paragraph -->\n<p><strong>Ugostiteljstvo i turizam<\/strong><\/p>\n<!-- \/wp:paragraph -->\n\n<!-- wp:paragraph -->\n<p>Zanimanje: hotelijersko-turisti\u010dki tehni\u010dar<\/p>\n<!-- \/wp:paragraph -->\n\n<!-- wp:paragraph -->\n<p>Trajanje obrazovanja: 4 godine<\/p>\n<!-- \/wp:paragraph -->\n\n<!-- wp:paragraph -->\n<p><\/p>\n<!-- \/wp:paragraph -->","_et_gb_content_width":"","footnotes":""},"class_list":["post-20","page","type-page","status-publish","hentry"],"_links":{"self":[{"href":"https:\/\/ss-ekonomsko-birotehnicka-sb.skole.hr\/index.php?rest_route=\/wp\/v2\/pages\/20","targetHints":{"allow":["GET"]}}],"collection":[{"href":"https:\/\/ss-ekonomsko-birotehnicka-sb.skole.hr\/index.php?rest_route=\/wp\/v2\/pages"}],"about":[{"href":"https:\/\/ss-ekonomsko-birotehnicka-sb.skole.hr\/index.php?rest_route=\/wp\/v2\/types\/page"}],"author":[{"embeddable":true,"href":"https:\/\/ss-ekonomsko-birotehnicka-sb.skole.hr\/index.php?rest_route=\/wp\/v2\/users\/826"}],"replies":[{"embeddable":true,"href":"https:\/\/ss-ekonomsko-birotehnicka-sb.skole.hr\/index.php?rest_route=%2Fwp%2Fv2%2Fcomments&post=20"}],"version-history":[{"count":10,"href":"https:\/\/ss-ekonomsko-birotehnicka-sb.skole.hr\/index.php?rest_route=\/wp\/v2\/pages\/20\/revisions"}],"predecessor-version":[{"id":304708,"href":"https:\/\/ss-ekonomsko-birotehnicka-sb.skole.hr\/index.php?rest_route=\/wp\/v2\/pages\/20\/revisions\/304708"}],"wp:attachment":[{"href":"https:\/\/ss-ekonomsko-birotehnicka-sb.skole.hr\/index.php?rest_route=%2Fwp%2Fv2%2Fmedia&parent=20"}],"curies":[{"name":"wp","href":"https:\/\/api.w.org\/{rel}","templated":true}]}}