{"id":292978,"date":"2023-10-24T08:47:50","date_gmt":"2023-10-24T06:47:50","guid":{"rendered":"https:\/\/ss-ekonomsko-birotehnicka-sb.skole.hr\/?page_id=292978"},"modified":"2023-10-24T08:47:51","modified_gmt":"2023-10-24T06:47:51","slug":"elektira","status":"publish","type":"page","link":"https:\/\/ss-ekonomsko-birotehnicka-sb.skole.hr\/?page_id=292978","title":{"rendered":"eLektira"},"content":{"rendered":"\n<p><strong>Trebate lektiru, a u \u0161kolskoj knji\u017enici je vi\u0161e nema?<\/strong><\/p>\n\n\n\n<p><strong>Potra\u017eite eLektiru!<\/strong><\/p>\n\n\n\n<p>Na stranicama&nbsp;<a href=\"http:\/\/lektire.skole.hr\/\">eLektire&nbsp;<\/a>&nbsp;prona\u0111ite&nbsp;cjelovita djela hrvatskih i stranih pisaca s popisa obvezne \u0161kolske lektire, ali i \u0161ire. Besplatno su dostupna u\u010denicima i studentima, te njihovim nastavnicima i profesorima. Ve\u0107 je postavljeno oko&nbsp;<strong>200 knjiga<\/strong>, te obilje multimedijskih sadr\u017eaja, kao \u0161to su zvu\u010dni zapisi i video materijali. Cilj projekta je na Webu objaviti&nbsp;<strong>SVE&nbsp;<\/strong>osnovno\u0161kolske i srednjo\u0161kolske lektire \u2013 ukupno preko tisu\u0107u naslova!<\/p>\n\n\n\n<p>Projekt&nbsp;<strong>eLektire<\/strong>&nbsp;je nastao na inicijativu&nbsp;<a href=\"http:\/\/www.mzos.hr\/\"><strong>Ministarstva znanosti, obrazovanja i \u0161porta<\/strong><\/a>, a realiziraju ga&nbsp;<a href=\"http:\/\/www.carnet.hr\/\"><strong>CARNet<\/strong><\/a>&nbsp;i&nbsp;<a href=\"http:\/\/www.bulaja.com\/\"><strong>Bulaja naklada<\/strong><\/a>.<\/p>\n\n\n\n<p>Za pristup sadr\u017eaju morate se prijaviti svojim<a href=\"http:\/\/www.aaiedu.hr\/\"><strong>AAI@EduHR<\/strong><\/a>&nbsp;elektroni\u010dkim identitetom, kojega ste dobili u svojoj \u0161koli ili ustanovi.<\/p>\n\n\n\n<p>Ako ne znate koja je va\u0161a korisni\u010dka oznaka ili zaporka, obratite se administratoru elektroni\u010dkog (LDAP) imenika va\u0161e \u0161kole ili mati\u010dne ustanove (\u0161kolska referada).<\/p>\n\n\n\n<p><a href=\"https:\/\/lektire.skole.hr\/\">eLektire<\/a><\/p>\n\n\n\n<p><a href=\"https:\/\/lektire.skole.hr\/popis-djela-srednja-skola\/\">Popis djela za srednju \u0161kolu<\/a><\/p>\n","protected":false},"excerpt":{"rendered":"<p>Trebate lektiru, a u \u0161kolskoj knji\u017enici je vi\u0161e nema? Potra\u017eite eLektiru! Na stranicama&nbsp;eLektire&nbsp;&nbsp;prona\u0111ite&nbsp;cjelovita djela hrvatskih i stranih pisaca s popisa obvezne \u0161kolske lektire, ali i \u0161ire. Besplatno su dostupna u\u010denicima i studentima, te njihovim nastavnicima i profesorima. Ve\u0107 je postavljeno oko&nbsp;200 knjiga, te obilje multimedijskih sadr\u017eaja, kao \u0161to su zvu\u010dni zapisi i video materijali. Cilj [&hellip;]<\/p>\n","protected":false},"author":826,"featured_media":0,"parent":0,"menu_order":0,"comment_status":"closed","ping_status":"closed","template":"","meta":{"_et_pb_use_builder":"off","_et_pb_old_content":"","_et_gb_content_width":"","footnotes":""},"_links":{"self":[{"href":"https:\/\/ss-ekonomsko-birotehnicka-sb.skole.hr\/index.php?rest_route=\/wp\/v2\/pages\/292978"}],"collection":[{"href":"https:\/\/ss-ekonomsko-birotehnicka-sb.skole.hr\/index.php?rest_route=\/wp\/v2\/pages"}],"about":[{"href":"https:\/\/ss-ekonomsko-birotehnicka-sb.skole.hr\/index.php?rest_route=\/wp\/v2\/types\/page"}],"author":[{"embeddable":true,"href":"https:\/\/ss-ekonomsko-birotehnicka-sb.skole.hr\/index.php?rest_route=\/wp\/v2\/users\/826"}],"replies":[{"embeddable":true,"href":"https:\/\/ss-ekonomsko-birotehnicka-sb.skole.hr\/index.php?rest_route=%2Fwp%2Fv2%2Fcomments&post=292978"}],"version-history":[{"count":1,"href":"https:\/\/ss-ekonomsko-birotehnicka-sb.skole.hr\/index.php?rest_route=\/wp\/v2\/pages\/292978\/revisions"}],"predecessor-version":[{"id":292984,"href":"https:\/\/ss-ekonomsko-birotehnicka-sb.skole.hr\/index.php?rest_route=\/wp\/v2\/pages\/292978\/revisions\/292984"}],"wp:attachment":[{"href":"https:\/\/ss-ekonomsko-birotehnicka-sb.skole.hr\/index.php?rest_route=%2Fwp%2Fv2%2Fmedia&parent=292978"}],"curies":[{"name":"wp","href":"https:\/\/api.w.org\/{rel}","templated":true}]}}