{"id":292987,"date":"2023-10-24T08:48:10","date_gmt":"2023-10-24T06:48:10","guid":{"rendered":"https:\/\/ss-ekonomsko-birotehnicka-sb.skole.hr\/?page_id=292987"},"modified":"2026-01-19T12:55:21","modified_gmt":"2026-01-19T11:55:21","slug":"zavrsni-rad","status":"publish","type":"page","link":"https:\/\/ss-ekonomsko-birotehnicka-sb.skole.hr\/?page_id=292987","title":{"rendered":"Upute za izradu zavr\u0161nog rada"},"content":{"rendered":"\n<p><a href=\"https:\/\/forms.gle\/fqqqg2hpiyg7gunf9\" data-type=\"link\" data-id=\"https:\/\/forms.gle\/6vQXHNDdHuWsHHgAA\">Obrazac tematskog zahtjeva za \u0161kolsku godinu 2025.\/26.<\/a><\/p>\n\n\n\n<div class=\"wp-block-file\"><a id=\"wp-block-file--media-d8e9fa29-19b3-448a-b101-9e258004b03a\" href=\"https:\/\/ss-ekonomsko-birotehnicka-sb.skole.hr\/wp-content\/uploads\/sites\/790\/2025\/01\/Upute-za-izradbu-zavrsnoga-rada.pdf\">Upute-za-izradbu-zavrsnoga-rada<\/a><a href=\"https:\/\/ss-ekonomsko-birotehnicka-sb.skole.hr\/wp-content\/uploads\/sites\/790\/2025\/01\/Upute-za-izradbu-zavrsnoga-rada.pdf\" class=\"wp-block-file__button wp-element-button\" download aria-describedby=\"wp-block-file--media-d8e9fa29-19b3-448a-b101-9e258004b03a\">Preuzmi<\/a><\/div>\n\n\n\n<div class=\"wp-block-file\"><a id=\"wp-block-file--media-f0b25d27-c85d-4d0f-85ee-91a31bf77d20\" href=\"https:\/\/ss-ekonomsko-birotehnicka-sb.skole.hr\/wp-content\/uploads\/sites\/790\/2026\/01\/Zavrsni-rad.pdf\">Zavrsni-rad<\/a><a href=\"https:\/\/ss-ekonomsko-birotehnicka-sb.skole.hr\/wp-content\/uploads\/sites\/790\/2026\/01\/Zavrsni-rad.pdf\" class=\"wp-block-file__button wp-element-button\" download aria-describedby=\"wp-block-file--media-f0b25d27-c85d-4d0f-85ee-91a31bf77d20\">Preuzmi<\/a><\/div>\n\n\n\n<p><a href=\"http:\/\/pravopis.hr\/pravilo\/bibliografske-jedinice\/87\/\">Izrada popisa literature<\/a><\/p>\n\n\n\n<p><strong>a) Knjiga<\/strong><\/p>\n\n\n\n<p><strong>Jedan autor:<\/strong><\/p>\n\n\n\n<ul class=\"wp-block-list\">\n<li>Vukojevi\u0107, Luka. 2009. Izra\u017eavanje posljedi\u010dnih odnosa u hrvatskome standardnom jeziku. Institut za hrvatski jezik i jezikoslovlje. Zagreb.<\/li>\n\n\n\n<li>Opa\u010di\u0107, Nives. 2009. Reci mi to kratko i jasno: Hrvatski za normalne ljude. Novi Liber. Zagreb.<\/li>\n<\/ul>\n\n\n\n<p><strong>Do tri autora:<\/strong><\/p>\n\n\n\n<ul class=\"wp-block-list\">\n<li>Vuku\u0161i\u0107, Stjepan; Zori\u010di\u0107, Ivan; Grasselli-Vuku\u0161i\u0107, Marija. 2007. Naglasak u hrvatskome knji\u017eevnom jeziku. Nakladni zavod Globus. Zagreb.<\/li>\n<\/ul>\n\n\n\n<p><strong>Vi\u0161e od tri autora:<\/strong><\/p>\n\n\n\n<ul class=\"wp-block-list\">\n<li>Amid\u017ei\u0107-Pero\u010devi\u0107, Katica i dr. 1994. Oporezivanje dohodaka i dobitaka. RRiF. Zagreb.<\/li>\n<\/ul>\n\n\n\n<p><strong>Bez podatka o autoru (navodi se urednik ili prire\u0111iva\u010d):<\/strong><\/p>\n\n\n\n<ul class=\"wp-block-list\">\n<li>Obrada jezika i prikaz znanja. 1993. Ur. Tkalac, Slavko; Tu\u0111man, Miroslav. Zavod za informacijske studije. Zagreb.<\/li>\n\n\n\n<li>Enciklopedija prirode. 1999. Ur. Burnie, David i dr. Znanje. Zagreb.<\/li>\n<\/ul>\n\n\n\n<p><strong>b) \u010casopis<\/strong><\/p>\n\n\n\n<ul class=\"wp-block-list\">\n<li>Petri\u0107, Lidija; Prani\u0107, Ljudevit. 2010. Ekolo\u0161ka svijest u hrvatskoj smje\u0161tajnoj industriji. Acta Turistica Nova 4\/1. 5\u201321.<\/li>\n<\/ul>\n\n\n\n<p><strong>c) Zbornik<\/strong><\/p>\n\n\n\n<ul class=\"wp-block-list\">\n<li>Vince, Jasna. 2010. Nominativ prema ostalim pade\u017eima. Sintaksa pade\u017ea: Zbornik radova znanstvenoga skupa s me\u0111unarodnim sudjelovanjem Drugi hrvatski sintakti\u010dki dani. Ur. Birti\u0107, Matea; Brozovi\u0107 Ron\u010devi\u0107, Dunja. Institut za hrvatski jezik i jezikoslovlje. Zagreb.<\/li>\n<\/ul>\n\n\n\n<p><strong>d) Mre\u017eni i elektroni\u010dki izvori<\/strong><\/p>\n\n\n\n<p><strong>Tekst na mre\u017enoj stranici:<\/strong><\/p>\n\n\n\n<ul class=\"wp-block-list\">\n<li>Radi\u0107, Drago. Informati\u010dka abeceda. Split. http:\/\/www.informatika.buzdo.com\/index.html (Pristupljeno 11. travnja 2010.).<\/li>\n<\/ul>\n\n\n\n<p><strong>Rad u elektroni\u010dkome \u010dasopisu:<\/strong><\/p>\n\n\n\n<ul class=\"wp-block-list\">\n<li>Udiljak Bugarinovski, Zrinka; Paveli\u0107, Damir. 2002. Informatizacija Knji\u017enice i dokumentacije Ekonomskog fakulteta u Zagrebu i edukacija korisnika. Edupoint. CARNet. Zagreb. 1\u20137. http:\/\/edupoint.carnet.hr\/casopis\/broj-04\/clanak-01\/ekonomski.pdf (Pristupljeno 14. svibnja 2003.).<\/li>\n<\/ul>\n","protected":false},"excerpt":{"rendered":"<p>Obrazac tematskog zahtjeva za \u0161kolsku godinu 2025.\/26. Izrada popisa literature a) Knjiga Jedan autor: Do tri autora: Vi\u0161e od tri autora: Bez podatka o autoru (navodi se urednik ili prire\u0111iva\u010d): b) \u010casopis c) Zbornik d) Mre\u017eni i elektroni\u010dki izvori Tekst na mre\u017enoj stranici: Rad u elektroni\u010dkome \u010dasopisu:<\/p>\n","protected":false},"author":826,"featured_media":0,"parent":0,"menu_order":0,"comment_status":"closed","ping_status":"closed","template":"","meta":{"_et_pb_use_builder":"off","_et_pb_old_content":"","_et_gb_content_width":"","footnotes":""},"class_list":["post-292987","page","type-page","status-publish","hentry"],"_links":{"self":[{"href":"https:\/\/ss-ekonomsko-birotehnicka-sb.skole.hr\/index.php?rest_route=\/wp\/v2\/pages\/292987","targetHints":{"allow":["GET"]}}],"collection":[{"href":"https:\/\/ss-ekonomsko-birotehnicka-sb.skole.hr\/index.php?rest_route=\/wp\/v2\/pages"}],"about":[{"href":"https:\/\/ss-ekonomsko-birotehnicka-sb.skole.hr\/index.php?rest_route=\/wp\/v2\/types\/page"}],"author":[{"embeddable":true,"href":"https:\/\/ss-ekonomsko-birotehnicka-sb.skole.hr\/index.php?rest_route=\/wp\/v2\/users\/826"}],"replies":[{"embeddable":true,"href":"https:\/\/ss-ekonomsko-birotehnicka-sb.skole.hr\/index.php?rest_route=%2Fwp%2Fv2%2Fcomments&post=292987"}],"version-history":[{"count":9,"href":"https:\/\/ss-ekonomsko-birotehnicka-sb.skole.hr\/index.php?rest_route=\/wp\/v2\/pages\/292987\/revisions"}],"predecessor-version":[{"id":307647,"href":"https:\/\/ss-ekonomsko-birotehnicka-sb.skole.hr\/index.php?rest_route=\/wp\/v2\/pages\/292987\/revisions\/307647"}],"wp:attachment":[{"href":"https:\/\/ss-ekonomsko-birotehnicka-sb.skole.hr\/index.php?rest_route=%2Fwp%2Fv2%2Fmedia&parent=292987"}],"curies":[{"name":"wp","href":"https:\/\/api.w.org\/{rel}","templated":true}]}}