{"id":293035,"date":"2023-10-24T10:53:29","date_gmt":"2023-10-24T08:53:29","guid":{"rendered":"https:\/\/ss-ekonomsko-birotehnicka-sb.skole.hr\/?page_id=293035"},"modified":"2025-12-02T11:52:49","modified_gmt":"2025-12-02T10:52:49","slug":"eu-projekti","status":"publish","type":"page","link":"https:\/\/ss-ekonomsko-birotehnicka-sb.skole.hr\/?page_id=293035","title":{"rendered":"EU projekti"},"content":{"rendered":"\n<p>Strategija internacionalizacije: <\/p>\n\n\n\n<div class=\"wp-block-file\"><a id=\"wp-block-file--media-5258addf-1821-480f-8de6-3c621672ead2\" href=\"https:\/\/ss-ekonomsko-birotehnicka-sb.skole.hr\/wp-content\/uploads\/sites\/790\/2025\/02\/Strategija-internacionalizacije-EBS-1.pdf\">Strategija-internacionalizacije-EBS-1<\/a><a href=\"https:\/\/ss-ekonomsko-birotehnicka-sb.skole.hr\/wp-content\/uploads\/sites\/790\/2025\/02\/Strategija-internacionalizacije-EBS-1.pdf\" class=\"wp-block-file__button wp-element-button\" download aria-describedby=\"wp-block-file--media-5258addf-1821-480f-8de6-3c621672ead2\">Preuzmi<\/a><\/div>\n\n\n\n<p><strong>EU projekti Ekonomsko-birotehni\u010dke \u0161kole<\/strong><\/p>\n\n\n\n<p>Program za cjelo\u017eivotno u\u010denje, Leonardo da Vinci: <strong><a href=\"https:\/\/web-arhiva.skole.hr\/ss-ekonomsko-birotehnicka-sb\/projekti\/teachict.html\" data-type=\"link\" data-id=\"https:\/\/web-arhiva.skole.hr\/ss-ekonomsko-birotehnicka-sb\/projekti\/teachict.html\">Teach ICT<\/a><\/strong><\/p>\n\n\n\n<p>Program za cjelo\u017eivotno u\u010denje, Comenius: <strong><a href=\"https:\/\/web-arhiva.skole.hr\/ss-ekonomsko-birotehnicka-sb\/projekti\/emocionalna_inteligencija.html\" data-type=\"link\" data-id=\"https:\/\/web-arhiva.skole.hr\/ss-ekonomsko-birotehnicka-sb\/projekti\/emocionalna_inteligencija.html\">Razvijanje emocionalne inteligencije u razredu<\/a><\/strong><\/p>\n\n\n\n<p>IPA IV &#8211; razvoj ljudskih potencijala: <strong><a href=\"https:\/\/web-arhiva.skole.hr\/ss-ekonomsko-birotehnicka-sb\/projekti\/youthpower.html\" data-type=\"link\" data-id=\"https:\/\/web-arhiva.skole.hr\/ss-ekonomsko-birotehnicka-sb\/projekti\/youthpower.html\">Youthpower &#8211; The Power of Tomorrow<\/a><\/strong><\/p>\n\n\n\n<p>Erasmus+ program, Klju\u010dna aktivnost 1:<\/p>\n\n\n\n<p><strong><a href=\"https:\/\/web-arhiva.skole.hr\/ss-ekonomsko-birotehnicka-sb\/projekti\/how2biz_.html\" data-type=\"link\" data-id=\"https:\/\/web-arhiva.skole.hr\/ss-ekonomsko-birotehnicka-sb\/projekti\/how2biz_.html\">How to teach business?<\/a><\/strong><\/p>\n\n\n\n<p><strong><a href=\"https:\/\/web-arhiva.skole.hr\/ss-ekonomsko-birotehnicka-sb\/projekti\/wayup2europe.html\" data-type=\"link\" data-id=\"https:\/\/web-arhiva.skole.hr\/ss-ekonomsko-birotehnicka-sb\/projekti\/wayup2europe.html\">WayUp2Europe<\/a><\/strong><\/p>\n\n\n\n<p><strong><a href=\"https:\/\/web-arhiva.skole.hr\/ss-ekonomsko-birotehnicka-sb\/projekti\/skills4tomorrow.html\" data-type=\"link\" data-id=\"https:\/\/web-arhiva.skole.hr\/ss-ekonomsko-birotehnicka-sb\/projekti\/skills4tomorrow.html\">Skills4Tomorrow<\/a><\/strong><\/p>\n\n\n\n<p><strong><a href=\"https:\/\/web-arhiva.skole.hr\/ss-ekonomsko-birotehnicka-sb\/projekti\/u_i_ti_za_budu_nost.html\" data-type=\"link\" data-id=\"https:\/\/web-arhiva.skole.hr\/ss-ekonomsko-birotehnicka-sb\/projekti\/u_i_ti_za_budu_nost.html\">U\u010di(ti) za budu\u0107nost<\/a><\/strong><\/p>\n\n\n\n<p><strong><a href=\"https:\/\/web-arhiva.skole.hr\/ss-ekonomsko-birotehnicka-sb\/projekti\/nau_i_primijeni_koristi_.html\" data-type=\"link\" data-id=\"https:\/\/web-arhiva.skole.hr\/ss-ekonomsko-birotehnicka-sb\/projekti\/nau_i_primijeni_koristi_.html\">Nau\u010di. Primijeni. Koristi!<\/a><\/strong><\/p>\n\n\n\n<p><strong><a href=\"https:\/\/web-arhiva.skole.hr\/ss-ekonomsko-birotehnicka-sb\/projekti\/praksom_do_posla.html\" data-type=\"link\" data-id=\"https:\/\/web-arhiva.skole.hr\/ss-ekonomsko-birotehnicka-sb\/projekti\/praksom_do_posla.html\">Praksom do posla<\/a><\/strong><\/p>\n\n\n\n<p><strong><a href=\"https:\/\/web-arhiva.skole.hr\/ss-ekonomsko-birotehnicka-sb\/projekti\/fin_sk_a_kroativna_kola.html\" data-type=\"link\" data-id=\"https:\/\/web-arhiva.skole.hr\/ss-ekonomsko-birotehnicka-sb\/projekti\/fin_sk_a_kroativna_kola.html\">Fin(sk)a kroativna \u0161kola<\/a><\/strong><\/p>\n\n\n\n<p>Erasmus+ program, Klju\u010dna aktivnost 2&nbsp;&nbsp;<\/p>\n\n\n\n<p><strong><a href=\"https:\/\/web-arhiva.skole.hr\/ss-ekonomsko-birotehnicka-sb\/projekti\/s_t_e_p_.html\" data-type=\"link\" data-id=\"https:\/\/web-arhiva.skole.hr\/ss-ekonomsko-birotehnicka-sb\/projekti\/s_t_e_p_.html\">S.T.E.P.+ &#8211; Sustainable Tourism Erasmus+ Project<\/a><\/strong><\/p>\n\n\n\n<p><strong><a href=\"https:\/\/web-arhiva.skole.hr\/ss-ekonomsko-birotehnicka-sb\/projekti\/problem_based_learning_in_real_life_approach_.html\" data-type=\"link\" data-id=\"https:\/\/web-arhiva.skole.hr\/ss-ekonomsko-birotehnicka-sb\/projekti\/problem_based_learning_in_real_life_approach_.html\">Problem based learning<\/a><\/strong><\/p>\n\n\n\n<p><\/p>\n\n\n\n<p><a href=\"https:\/\/sites.google.com\/view\/akreditacije-ebs\/po%C4%8Detna-stranica\" data-type=\"link\" data-id=\"https:\/\/sites.google.com\/view\/akreditacije-ebs\/po%C4%8Detna-stranica\">Mre\u017ena stranica Erasmus akreditacija<\/a> i <a href=\"https:\/\/www.facebook.com\/akreditacije.ebs\" data-type=\"link\" data-id=\"https:\/\/www.facebook.com\/akreditacije.ebs\">Facebook stranica Erasmus akreditacija<\/a><\/p>\n\n\n\n<p><strong>2023-1-HR01-KA120-SCH-000186960 Erasmus akreditacija za odgoj i op\u0107e obrazovanje (1. velja\u010de 2024. &#8211; &nbsp;31. prosinca 2027.)<\/strong><\/p>\n\n\n\n<p>Projekt 1. <a href=\"https:\/\/ss-ekonomsko-birotehnicka-sb.skole.hr\/?cat=132\" data-type=\"link\" data-id=\"https:\/\/ss-ekonomsko-birotehnicka-sb.skole.hr\/?cat=132\"><strong>2024-1-HR01-KA121-SCH-000206090\u00a0<\/strong><\/a><\/p>\n\n\n\n<p>Projekt 2. <strong><a href=\"https:\/\/ss-ekonomsko-birotehnicka-sb.skole.hr\/?cat=144\" data-type=\"link\" data-id=\"https:\/\/ss-ekonomsko-birotehnicka-sb.skole.hr\/?cat=144\">2025-1-HR01-KA121-SCH-000320191<\/a><\/strong><\/p>\n\n\n\n<p><strong>2023-1-HR01-KA120-VET-000186065 Erasmus akreditacija za strukovno obrazovanje i osposobljavanje (1. velja\u010de 2024. &#8211; &nbsp;31. prosinca 2027.)<\/strong><\/p>\n\n\n\n<p>Projekt 1. <a href=\"https:\/\/ss-ekonomsko-birotehnicka-sb.skole.hr\/?cat=135\"><strong>2024-1-HR01-KA121-VET-000203833<\/strong><\/a><\/p>\n\n\n\n<p>Projekt 2. <strong><a href=\"https:\/\/ss-ekonomsko-birotehnicka-sb.skole.hr\/?cat=147\" data-type=\"link\" data-id=\"https:\/\/ss-ekonomsko-birotehnicka-sb.skole.hr\/?cat=147\">2025-1-HR01-KA121-VET-000309294<\/a><\/strong><\/p>\n","protected":false},"excerpt":{"rendered":"<p>Strategija internacionalizacije: EU projekti Ekonomsko-birotehni\u010dke \u0161kole Program za cjelo\u017eivotno u\u010denje, Leonardo da Vinci: Teach ICT Program za cjelo\u017eivotno u\u010denje, Comenius: Razvijanje emocionalne inteligencije u razredu IPA IV &#8211; razvoj ljudskih potencijala: Youthpower &#8211; The Power of Tomorrow Erasmus+ program, Klju\u010dna aktivnost 1: How to teach business? WayUp2Europe Skills4Tomorrow U\u010di(ti) za budu\u0107nost Nau\u010di. Primijeni. Koristi! Praksom [&hellip;]<\/p>\n","protected":false},"author":826,"featured_media":0,"parent":0,"menu_order":0,"comment_status":"closed","ping_status":"closed","template":"","meta":{"_et_pb_use_builder":"off","_et_pb_old_content":"<!-- wp:paragraph -->\n<p><strong>EU projekti Ekonomsko-birotehni\u010dke \u0161kole<\/strong><\/p>\n<!-- \/wp:paragraph -->\n\n<!-- wp:paragraph -->\n<p>Program za cjelo\u017eivotno u\u010denje, Leonardo da Vinci: <strong><a href=\"https:\/\/web-arhiva.skole.hr\/ss-ekonomsko-birotehnicka-sb\/projekti\/teachict.html\" data-type=\"link\" data-id=\"https:\/\/web-arhiva.skole.hr\/ss-ekonomsko-birotehnicka-sb\/projekti\/teachict.html\">Teach ICT<\/a><\/strong><\/p>\n<!-- \/wp:paragraph -->\n\n<!-- wp:paragraph -->\n<p>Program za cjelo\u017eivotno u\u010denje, Comenius: <strong><a href=\"https:\/\/web-arhiva.skole.hr\/ss-ekonomsko-birotehnicka-sb\/projekti\/emocionalna_inteligencija.html\" data-type=\"link\" data-id=\"https:\/\/web-arhiva.skole.hr\/ss-ekonomsko-birotehnicka-sb\/projekti\/emocionalna_inteligencija.html\">Razvijanje emocionalne inteligencije u razredu<\/a><\/strong><\/p>\n<!-- \/wp:paragraph -->\n\n<!-- wp:paragraph -->\n<p>IPA IV - razvoj ljudskih potencijala: <strong><a href=\"https:\/\/web-arhiva.skole.hr\/ss-ekonomsko-birotehnicka-sb\/projekti\/youthpower.html\" data-type=\"link\" data-id=\"https:\/\/web-arhiva.skole.hr\/ss-ekonomsko-birotehnicka-sb\/projekti\/youthpower.html\">Youthpower - The Power of Tomorrow<\/a><\/strong><\/p>\n<!-- \/wp:paragraph -->\n\n<!-- wp:paragraph -->\n<p>Erasmus+ program, Klju\u010dna aktivnost 1:<\/p>\n<!-- \/wp:paragraph -->\n\n<!-- wp:paragraph -->\n<p><strong><a href=\"https:\/\/web-arhiva.skole.hr\/ss-ekonomsko-birotehnicka-sb\/projekti\/how2biz_.html\" data-type=\"link\" data-id=\"https:\/\/web-arhiva.skole.hr\/ss-ekonomsko-birotehnicka-sb\/projekti\/how2biz_.html\">How to teach business?<\/a><\/strong><\/p>\n<!-- \/wp:paragraph -->\n\n<!-- wp:paragraph -->\n<p><strong><a href=\"https:\/\/web-arhiva.skole.hr\/ss-ekonomsko-birotehnicka-sb\/projekti\/wayup2europe.html\" data-type=\"link\" data-id=\"https:\/\/web-arhiva.skole.hr\/ss-ekonomsko-birotehnicka-sb\/projekti\/wayup2europe.html\">WayUp2Europe<\/a><\/strong><\/p>\n<!-- \/wp:paragraph -->\n\n<!-- wp:paragraph -->\n<p><strong><a href=\"https:\/\/web-arhiva.skole.hr\/ss-ekonomsko-birotehnicka-sb\/projekti\/skills4tomorrow.html\" data-type=\"link\" data-id=\"https:\/\/web-arhiva.skole.hr\/ss-ekonomsko-birotehnicka-sb\/projekti\/skills4tomorrow.html\">Skills4Tomorrow<\/a><\/strong><\/p>\n<!-- \/wp:paragraph -->\n\n<!-- wp:paragraph -->\n<p><strong><a href=\"https:\/\/web-arhiva.skole.hr\/ss-ekonomsko-birotehnicka-sb\/projekti\/u_i_ti_za_budu_nost.html\" data-type=\"link\" data-id=\"https:\/\/web-arhiva.skole.hr\/ss-ekonomsko-birotehnicka-sb\/projekti\/u_i_ti_za_budu_nost.html\">U\u010di(ti) za budu\u0107nost<\/a><\/strong><\/p>\n<!-- \/wp:paragraph -->\n\n<!-- wp:paragraph -->\n<p><strong><a href=\"https:\/\/web-arhiva.skole.hr\/ss-ekonomsko-birotehnicka-sb\/projekti\/nau_i_primijeni_koristi_.html\" data-type=\"link\" data-id=\"https:\/\/web-arhiva.skole.hr\/ss-ekonomsko-birotehnicka-sb\/projekti\/nau_i_primijeni_koristi_.html\">Nau\u010di. Primijeni. Koristi!<\/a><\/strong><\/p>\n<!-- \/wp:paragraph -->\n\n<!-- wp:paragraph -->\n<p><strong><a href=\"https:\/\/web-arhiva.skole.hr\/ss-ekonomsko-birotehnicka-sb\/projekti\/praksom_do_posla.html\" data-type=\"link\" data-id=\"https:\/\/web-arhiva.skole.hr\/ss-ekonomsko-birotehnicka-sb\/projekti\/praksom_do_posla.html\">Praksom do posla<\/a><\/strong><\/p>\n<!-- \/wp:paragraph -->\n\n<!-- wp:paragraph -->\n<p><strong><a href=\"https:\/\/web-arhiva.skole.hr\/ss-ekonomsko-birotehnicka-sb\/projekti\/fin_sk_a_kroativna_kola.html\" data-type=\"link\" data-id=\"https:\/\/web-arhiva.skole.hr\/ss-ekonomsko-birotehnicka-sb\/projekti\/fin_sk_a_kroativna_kola.html\">Fin(sk)a kroativna \u0161kola<\/a><\/strong><\/p>\n<!-- \/wp:paragraph -->\n\n<!-- wp:paragraph -->\n<p>Erasmus+ program, Klju\u010dna aktivnost 2&nbsp;&nbsp;<\/p>\n<!-- \/wp:paragraph -->\n\n<!-- wp:paragraph -->\n<p><strong><a href=\"https:\/\/web-arhiva.skole.hr\/ss-ekonomsko-birotehnicka-sb\/projekti\/s_t_e_p_.html\" data-type=\"link\" data-id=\"https:\/\/web-arhiva.skole.hr\/ss-ekonomsko-birotehnicka-sb\/projekti\/s_t_e_p_.html\">S.T.E.P.+ - Sustainable Tourism Erasmus+ Project<\/a><\/strong><\/p>\n<!-- \/wp:paragraph -->\n\n<!-- wp:paragraph -->\n<p><strong><a href=\"https:\/\/web-arhiva.skole.hr\/ss-ekonomsko-birotehnicka-sb\/projekti\/problem_based_learning_in_real_life_approach_.html\" data-type=\"link\" data-id=\"https:\/\/web-arhiva.skole.hr\/ss-ekonomsko-birotehnicka-sb\/projekti\/problem_based_learning_in_real_life_approach_.html\">Problem based learning<\/a><\/strong><\/p>\n<!-- \/wp:paragraph -->\n\n<!-- wp:paragraph -->\n<p><strong>2023-1-HR01-KA120-SCH-000186960 Erasmus akreditacija za odgoj i op\u0107e obrazovanje (1. velja\u010de 2024. - &nbsp;31. prosinca 2027.)<\/strong><\/p>\n<!-- \/wp:paragraph -->\n\n<!-- wp:paragraph -->\n<p><strong>2023-1-HR01-KA120-VET-000186065 Erasmus akreditacija za strukovno obrazovanje i osposobljavanje (1. velja\u010de 2024. - \u00a031. prosinca 2027.)<\/strong><\/p>\n<!-- \/wp:paragraph -->","_et_gb_content_width":"","footnotes":""},"class_list":["post-293035","page","type-page","status-publish","hentry"],"_links":{"self":[{"href":"https:\/\/ss-ekonomsko-birotehnicka-sb.skole.hr\/index.php?rest_route=\/wp\/v2\/pages\/293035","targetHints":{"allow":["GET"]}}],"collection":[{"href":"https:\/\/ss-ekonomsko-birotehnicka-sb.skole.hr\/index.php?rest_route=\/wp\/v2\/pages"}],"about":[{"href":"https:\/\/ss-ekonomsko-birotehnicka-sb.skole.hr\/index.php?rest_route=\/wp\/v2\/types\/page"}],"author":[{"embeddable":true,"href":"https:\/\/ss-ekonomsko-birotehnicka-sb.skole.hr\/index.php?rest_route=\/wp\/v2\/users\/826"}],"replies":[{"embeddable":true,"href":"https:\/\/ss-ekonomsko-birotehnicka-sb.skole.hr\/index.php?rest_route=%2Fwp%2Fv2%2Fcomments&post=293035"}],"version-history":[{"count":25,"href":"https:\/\/ss-ekonomsko-birotehnicka-sb.skole.hr\/index.php?rest_route=\/wp\/v2\/pages\/293035\/revisions"}],"predecessor-version":[{"id":306741,"href":"https:\/\/ss-ekonomsko-birotehnicka-sb.skole.hr\/index.php?rest_route=\/wp\/v2\/pages\/293035\/revisions\/306741"}],"wp:attachment":[{"href":"https:\/\/ss-ekonomsko-birotehnicka-sb.skole.hr\/index.php?rest_route=%2Fwp%2Fv2%2Fmedia&parent=293035"}],"curies":[{"name":"wp","href":"https:\/\/api.w.org\/{rel}","templated":true}]}}