{"id":293083,"date":"2023-10-25T09:22:00","date_gmt":"2023-10-25T07:22:00","guid":{"rendered":"https:\/\/ss-ekonomsko-birotehnicka-sb.skole.hr\/?page_id=293083"},"modified":"2025-02-12T07:41:08","modified_gmt":"2025-02-12T06:41:08","slug":"esigurnost","status":"publish","type":"page","link":"https:\/\/ss-ekonomsko-birotehnicka-sb.skole.hr\/?page_id=293083","title":{"rendered":"eSigurnost"},"content":{"rendered":"\n<figure class=\"wp-block-image is-resized\"><img decoding=\"async\" width=\"753\" height=\"463\" src=\"https:\/\/ss-ekonomsko-birotehnicka-sb.skole.hr\/wp-content\/uploads\/sites\/790\/2023\/10\/333333.jpg\" alt=\"\" class=\"wp-image-293086\" style=\"width:397px;height:244px\" srcset=\"https:\/\/ss-ekonomsko-birotehnicka-sb.skole.hr\/wp-content\/uploads\/sites\/790\/2023\/10\/333333.jpg 753w, https:\/\/ss-ekonomsko-birotehnicka-sb.skole.hr\/wp-content\/uploads\/sites\/790\/2023\/10\/333333-480x295.jpg 480w\" sizes=\"(min-width: 0px) and (max-width: 480px) 480px, (min-width: 481px) 753px, 100vw\" \/><\/figure>\n\n\n\n<p><strong>Obilje\u017eavanje Dana sigurnijega interneta u Ekonomsko-birotehni\u010dkoj \u0161koli:<\/strong><\/p>\n\n\n\n<p><strong>2025. godina<\/strong><\/p>\n\n\n\n<p><a href=\"https:\/\/ss-ekonomsko-birotehnicka-sb.skole.hr\/?p=301866\" data-type=\"link\" data-id=\"https:\/\/ss-ekonomsko-birotehnicka-sb.skole.hr\/?p=301866\">Dan sigurnijeg interneta<\/a><\/p>\n\n\n\n<p><strong>2024. godina<\/strong><\/p>\n\n\n\n<p><a href=\"https:\/\/ss-ekonomsko-birotehnicka-sb.skole.hr\/?p=296188\" data-type=\"link\" data-id=\"https:\/\/ss-ekonomsko-birotehnicka-sb.skole.hr\/?p=296188\">Dan sigurnijeg interneta<\/a><\/p>\n\n\n\n<p><a href=\"https:\/\/ss-ekonomsko-birotehnicka-sb.skole.hr\/?p=296229\" data-type=\"link\" data-id=\"https:\/\/ss-ekonomsko-birotehnicka-sb.skole.hr\/?p=296229\">Radionica \u010cari i zamke umjetne inteligencije<\/a><\/p>\n\n\n\n<p><strong>2023. godina:<\/strong><\/p>\n\n\n\n<p><a href=\"https:\/\/web-arhiva.skole.hr\/ss-ekonomsko-birotehnicka-sb\/index.html%3Fnews_id=2258.html#mod_news\" data-type=\"link\" data-id=\"https:\/\/web-arhiva.skole.hr\/ss-ekonomsko-birotehnicka-sb\/index.html%3Fnews_id=2258.html#mod_news\">Dan sigurnijega interneta s (inter)nacionalnim partnerima<\/a><\/p>\n\n\n\n<p><strong>2022. godina<\/strong><\/p>\n\n\n\n<p><a href=\"https:\/\/web-arhiva.skole.hr\/ss-ekonomsko-birotehnicka-sb\/index.html%3Fnews_id=2006.html#mod_news\" data-type=\"link\" data-id=\"https:\/\/web-arhiva.skole.hr\/ss-ekonomsko-birotehnicka-sb\/index.html%3Fnews_id=2006.html#mod_news\">Dan sigurnijega interneta s nacionalnim (eTw\/EPAS) partnerima<\/a><\/p>\n\n\n\n<p><a href=\"https:\/\/web-arhiva.skole.hr\/ss-ekonomsko-birotehnicka-sb\/index.html%3Fnews_id=2008.html#mod_news\" data-type=\"link\" data-id=\"https:\/\/web-arhiva.skole.hr\/ss-ekonomsko-birotehnicka-sb\/index.html%3Fnews_id=2008.html#mod_news\">Dan sigurnijeg interneta<\/a><\/p>\n\n\n\n<p><a href=\"https:\/\/web-arhiva.skole.hr\/ss-ekonomsko-birotehnicka-sb\/index.html%3Fnews_id=2011.html#mod_news\" data-type=\"link\" data-id=\"https:\/\/web-arhiva.skole.hr\/ss-ekonomsko-birotehnicka-sb\/index.html%3Fnews_id=2011.html#mod_news\">Obilje\u017eili smo Dan sigurnijeg interneta, 9. velja\u010de 2022.<\/a><\/p>\n\n\n\n<p><a href=\"https:\/\/web-arhiva.skole.hr\/ss-ekonomsko-birotehnicka-sb\/index.html%3Fnews_id=2035.html#mod_news\" data-type=\"link\" data-id=\"https:\/\/web-arhiva.skole.hr\/ss-ekonomsko-birotehnicka-sb\/index.html%3Fnews_id=2035.html#mod_news\">12 EPAS-ica zajedno &#8211; Kako prepoznati la\u017ene vijesti na internetu<\/a><\/p>\n\n\n\n<p><a href=\"https:\/\/web-arhiva.skole.hr\/ss-ekonomsko-birotehnicka-sb\/index.html%3Fnews_id=2188.html#mod_news\" data-type=\"link\" data-id=\"https:\/\/web-arhiva.skole.hr\/ss-ekonomsko-birotehnicka-sb\/index.html%3Fnews_id=2188.html#mod_news\">O sigurnosti u kiberprostoru s (inter)nacionalnim partnerima<\/a><\/p>\n\n\n\n<p><a href=\"https:\/\/web-arhiva.skole.hr\/ss-ekonomsko-birotehnicka-sb\/index.html%3Fnews_id=1752.html#mod_news\" data-type=\"link\" data-id=\"https:\/\/web-arhiva.skole.hr\/ss-ekonomsko-birotehnicka-sb\/index.html%3Fnews_id=1752.html#mod_news\">2021. godina<\/a><\/p>\n\n\n\n<p><strong>2020. godina<\/strong><\/p>\n\n\n\n<p><a href=\"https:\/\/web-arhiva.skole.hr\/ss-ekonomsko-birotehnicka-sb\/index.html%3Fnews_id=1514.html#mod_news\" data-type=\"link\" data-id=\"https:\/\/web-arhiva.skole.hr\/ss-ekonomsko-birotehnicka-sb\/index.html%3Fnews_id=1514.html#mod_news\">&#8211; Aktivnosti na \u0161kolskoj razini<\/a><\/p>\n\n\n\n<p><a href=\"https:\/\/web-arhiva.skole.hr\/ss-ekonomsko-birotehnicka-sb\/index.html%3Fnews_id=1513.html#mod_news\" data-type=\"link\" data-id=\"https:\/\/web-arhiva.skole.hr\/ss-ekonomsko-birotehnicka-sb\/index.html%3Fnews_id=1513.html#mod_news\">&#8211; Aktivnosti na me\u0111unarodnoj razini<\/a><\/p>\n\n\n\n<p><a href=\"https:\/\/web-arhiva.skole.hr\/ss-ekonomsko-birotehnicka-sb\/index.html%3Fnews_id=1306.html#mod_news\" data-type=\"link\" data-id=\"https:\/\/web-arhiva.skole.hr\/ss-ekonomsko-birotehnicka-sb\/index.html%3Fnews_id=1306.html#mod_news\">2019. godina<\/a><\/p>\n\n\n\n<p><a href=\"https:\/\/web-arhiva.skole.hr\/ss-ekonomsko-birotehnicka-sb\/index.html%3Fnews_id=1038.html#mod_news\" data-type=\"link\" data-id=\"https:\/\/web-arhiva.skole.hr\/ss-ekonomsko-birotehnicka-sb\/index.html%3Fnews_id=1038.html#mod_news\">2017. godina<\/a><\/p>\n\n\n\n<p><a href=\"https:\/\/web-arhiva.skole.hr\/ss-ekonomsko-birotehnicka-sb\/index.html%3Fnews_id=917.html#mod_news\" data-type=\"link\" data-id=\"https:\/\/web-arhiva.skole.hr\/ss-ekonomsko-birotehnicka-sb\/index.html%3Fnews_id=917.html#mod_news\">2016. godina<\/a><\/p>\n\n\n\n<p><a href=\"https:\/\/web-arhiva.skole.hr\/ss-ekonomsko-birotehnicka-sb\/index.html%3Fnews_id=771.html#mod_news\" data-type=\"link\" data-id=\"https:\/\/web-arhiva.skole.hr\/ss-ekonomsko-birotehnicka-sb\/index.html%3Fnews_id=771.html#mod_news\">2014. godina<\/a><\/p>\n\n\n\n<p><a href=\"https:\/\/web-arhiva.skole.hr\/ss-ekonomsko-birotehnicka-sb\/index.html%3Fnews_id=493.html#mod_news\" data-type=\"link\" data-id=\"https:\/\/web-arhiva.skole.hr\/ss-ekonomsko-birotehnicka-sb\/index.html%3Fnews_id=493.html#mod_news\">2012. godina<\/a><\/p>\n\n\n\n<p><a href=\"https:\/\/web-arhiva.skole.hr\/ss-ekonomsko-birotehnicka-sb\/index.html%3Fnews_id=1739.html#mod_news\" data-type=\"link\" data-id=\"https:\/\/web-arhiva.skole.hr\/ss-ekonomsko-birotehnicka-sb\/index.html%3Fnews_id=1739.html#mod_news\">Europski dan za\u0161tite osobnih podataka, sije\u010danj 2021. godine<\/a><\/p>\n\n\n\n<p><a href=\"https:\/\/www.hakom.hr\/default.aspx?id=1504\">Program Za\u0161tite sigurnosti djece na internetu i u svijetu mre\u017enih tehnologija<\/a>,&nbsp;<a href=\"https:\/\/www.youtube.com\/watch?v=zXxXfCbW0ss\">Edukativni video materijal<\/a><\/p>\n\n\n\n<div class=\"wp-block-file\"><a id=\"wp-block-file--media-c1263282-c20b-434e-84c6-976b81f3c280\" href=\"https:\/\/ss-ekonomsko-birotehnicka-sb.skole.hr\/wp-content\/uploads\/sites\/790\/2023\/12\/E-sigurnost_Prezentacija.pdf\">E-sigurnost_Prezentacija<\/a><a href=\"https:\/\/ss-ekonomsko-birotehnicka-sb.skole.hr\/wp-content\/uploads\/sites\/790\/2023\/12\/E-sigurnost_Prezentacija.pdf\" class=\"wp-block-file__button wp-element-button\" download aria-describedby=\"wp-block-file--media-c1263282-c20b-434e-84c6-976b81f3c280\">Preuzmi<\/a><\/div>\n\n\n\n<div class=\"wp-block-file\"><a id=\"wp-block-file--media-a62acfce-34e2-4fb6-bb1e-333ffec28786\" href=\"https:\/\/ss-ekonomsko-birotehnicka-sb.skole.hr\/wp-content\/uploads\/sites\/790\/2023\/12\/Odluka-o-prihvatljivom-koristenju-racunala.pdf\">Odluka-o-prihvatljivom-koristenju-racunala<\/a><a href=\"https:\/\/ss-ekonomsko-birotehnicka-sb.skole.hr\/wp-content\/uploads\/sites\/790\/2023\/12\/Odluka-o-prihvatljivom-koristenju-racunala.pdf\" class=\"wp-block-file__button wp-element-button\" download aria-describedby=\"wp-block-file--media-a62acfce-34e2-4fb6-bb1e-333ffec28786\">Preuzmi<\/a><\/div>\n","protected":false},"excerpt":{"rendered":"<p>Obilje\u017eavanje Dana sigurnijega interneta u Ekonomsko-birotehni\u010dkoj \u0161koli: 2025. godina Dan sigurnijeg interneta 2024. godina Dan sigurnijeg interneta Radionica \u010cari i zamke umjetne inteligencije 2023. godina: Dan sigurnijega interneta s (inter)nacionalnim partnerima 2022. godina Dan sigurnijega interneta s nacionalnim (eTw\/EPAS) partnerima Dan sigurnijeg interneta Obilje\u017eili smo Dan sigurnijeg interneta, 9. velja\u010de 2022. 12 EPAS-ica zajedno &#8211; [&hellip;]<\/p>\n","protected":false},"author":826,"featured_media":0,"parent":0,"menu_order":0,"comment_status":"closed","ping_status":"closed","template":"","meta":{"_et_pb_use_builder":"off","_et_pb_old_content":"","_et_gb_content_width":"","footnotes":""},"class_list":["post-293083","page","type-page","status-publish","hentry"],"_links":{"self":[{"href":"https:\/\/ss-ekonomsko-birotehnicka-sb.skole.hr\/index.php?rest_route=\/wp\/v2\/pages\/293083","targetHints":{"allow":["GET"]}}],"collection":[{"href":"https:\/\/ss-ekonomsko-birotehnicka-sb.skole.hr\/index.php?rest_route=\/wp\/v2\/pages"}],"about":[{"href":"https:\/\/ss-ekonomsko-birotehnicka-sb.skole.hr\/index.php?rest_route=\/wp\/v2\/types\/page"}],"author":[{"embeddable":true,"href":"https:\/\/ss-ekonomsko-birotehnicka-sb.skole.hr\/index.php?rest_route=\/wp\/v2\/users\/826"}],"replies":[{"embeddable":true,"href":"https:\/\/ss-ekonomsko-birotehnicka-sb.skole.hr\/index.php?rest_route=%2Fwp%2Fv2%2Fcomments&post=293083"}],"version-history":[{"count":7,"href":"https:\/\/ss-ekonomsko-birotehnicka-sb.skole.hr\/index.php?rest_route=\/wp\/v2\/pages\/293083\/revisions"}],"predecessor-version":[{"id":301908,"href":"https:\/\/ss-ekonomsko-birotehnicka-sb.skole.hr\/index.php?rest_route=\/wp\/v2\/pages\/293083\/revisions\/301908"}],"wp:attachment":[{"href":"https:\/\/ss-ekonomsko-birotehnicka-sb.skole.hr\/index.php?rest_route=%2Fwp%2Fv2%2Fmedia&parent=293083"}],"curies":[{"name":"wp","href":"https:\/\/api.w.org\/{rel}","templated":true}]}}