{"id":293152,"date":"2023-10-25T09:41:27","date_gmt":"2023-10-25T07:41:27","guid":{"rendered":"https:\/\/ss-ekonomsko-birotehnicka-sb.skole.hr\/?page_id=293152"},"modified":"2025-12-03T11:40:05","modified_gmt":"2025-12-03T10:40:05","slug":"akti-skole","status":"publish","type":"page","link":"https:\/\/ss-ekonomsko-birotehnicka-sb.skole.hr\/?page_id=293152","title":{"rendered":"Akti \u0161kole"},"content":{"rendered":"<p>[et_pb_section fb_built=&#8221;1&#8243; _builder_version=&#8221;4.22.1&#8243; _module_preset=&#8221;default&#8221; global_colors_info=&#8221;{}&#8221;][et_pb_row column_structure=&#8221;1_2,1_2&#8243; _builder_version=&#8221;4.22.1&#8243; _module_preset=&#8221;default&#8221; global_colors_info=&#8221;{}&#8221;][et_pb_column type=&#8221;1_2&#8243; _builder_version=&#8221;4.22.1&#8243; _module_preset=&#8221;default&#8221; global_colors_info=&#8221;{}&#8221;][et_pb_text _builder_version=&#8221;4.25.0&#8243; _module_preset=&#8221;default&#8221; link_font=&#8221;Gabriela|700|||||||&#8221; hover_enabled=&#8221;0&#8243; global_colors_info=&#8221;{}&#8221; sticky_enabled=&#8221;0&#8243;]<\/p>\n<p><a href=\"https:\/\/ss-ekonomsko-birotehnicka-sb.skole.hr\/wp-content\/uploads\/sites\/790\/2023\/10\/Pravilnik-o-radu.pdf\" rel=\"attachment wp-att-293587\">Pravilnik o radu<\/a><\/p>\n<p><a href=\"https:\/\/ss-ekonomsko-birotehnicka-sb.skole.hr\/wp-content\/uploads\/sites\/790\/2025\/12\/Pravilnik-o-dopuni-Pravilnika-o-radu.pdf\" rel=\"attachment wp-att-306867\">Pravilnik o dopuni Pravilnika o radu<\/a><\/p>\n<p><a href=\"https:\/\/ss-ekonomsko-birotehnicka-sb.skole.hr\/wp-content\/uploads\/sites\/790\/2023\/10\/Pravilnik-o-nacinu-i-postupku-zaposljavanja-Ekonomsko-birotehnicke-skole.pdf\" rel=\"attachment wp-att-293635\">Pravilnik o na\u010dinu i postupku zapo\u0161ljavanja Ekonomsko-birotehni\u010dke \u0161kole<\/a><\/p>\n<p><a href=\"https:\/\/ss-ekonomsko-birotehnicka-sb.skole.hr\/wp-content\/uploads\/sites\/790\/2023\/10\/Pravilnik-o-izmjenama-Pravilnika-o-nacinu-i-postupku-zaposljavanja-Ekonomsko-birotehnicke-skole.pdf\" rel=\"attachment wp-att-293614\">P<\/a><a href=\"https:\/\/ss-ekonomsko-birotehnicka-sb.skole.hr\/wp-content\/uploads\/sites\/790\/2023\/10\/Pravilnik-o-izmjenama-Pravilnika-o-nacinu-i-postupku-zaposljavanja-Ekonomsko-birotehnicke-skole.pdf\" rel=\"attachment wp-att-293614\">ravilnik o izmjenama Pravilnika o na\u010dinu i postupku zapo\u0161ljavanja Ekonomsko-birotehni\u010dke \u0161kole<\/a><\/p>\n<p><a href=\"https:\/\/ss-ekonomsko-birotehnicka-sb.skole.hr\/wp-content\/uploads\/sites\/790\/2024\/09\/STATUT-Ekonomsko-birotehnicke-skole-13.-rujna-2024.pdf\" rel=\"attachment wp-att-299193\">STATUT Ekonomsko-birotehni\u010dke \u0161kole, 13. rujna 2024.<\/a><\/p>\n<p><a href=\"https:\/\/ss-ekonomsko-birotehnicka-sb.skole.hr\/wp-content\/uploads\/sites\/790\/2023\/10\/Poslovnik-o-radu-kolegijalnih-tijela.pdf\" rel=\"attachment wp-att-293620\">Poslovnik o radu kolegijalnih tijela<\/a><\/p>\n<p><a href=\"https:\/\/ss-ekonomsko-birotehnicka-sb.skole.hr\/wp-content\/uploads\/sites\/790\/2023\/10\/Kucni-red.pdf\" rel=\"attachment wp-att-293599\">Ku\u0107ni red<\/a><\/p>\n<p><a href=\"https:\/\/ss-ekonomsko-birotehnicka-sb.skole.hr\/wp-content\/uploads\/sites\/790\/2025\/04\/Pravilnik-o-izmjenama-i-dopunama-Kucnog-reda.pdf\" rel=\"attachment wp-att-303102\">Pravilnik o izmjenama i dopunama Ku\u0107nog reda<\/a><\/p>\n<p><a href=\"https:\/\/ss-ekonomsko-birotehnicka-sb.skole.hr\/wp-content\/uploads\/sites\/790\/2023\/10\/Eticki-kodeks-Ekonomsko-birotehnicke-skole.pdf\" rel=\"attachment wp-att-293617\">Eti\u010dki kodeks Ekonomsko-birotehni\u010dke \u0161kole<\/a><\/p>\n<p><a href=\"https:\/\/ss-ekonomsko-birotehnicka-sb.skole.hr\/wp-content\/uploads\/sites\/790\/2025\/12\/Pravilnik-o-sistematizaciji-radnih-mjesta.pdf\" rel=\"attachment wp-att-306882\">Pravilnik o sistematizaciji radnih mjesta<\/a><\/p>\n<p><a href=\"https:\/\/ss-ekonomsko-birotehnicka-sb.skole.hr\/wp-content\/uploads\/sites\/790\/2025\/12\/Pravilnik-o-dopuni-Pravilnika-o-sistematizaciji-radnih-mjesta.pdf\" rel=\"attachment wp-att-306870\">Pravilnik o dopuni Pravilnika o sistematizaciji radnih mjesta<\/a><\/p>\n<p><a href=\"https:\/\/ss-ekonomsko-birotehnicka-sb.skole.hr\/wp-content\/uploads\/sites\/790\/2023\/10\/Pravilnik-o-obradi-i-zastiti-osobnih-podataka.pdf\" rel=\"attachment wp-att-293605\">Pravilnik o obradi i za\u0161titi osobnih podataka<\/a><\/p>\n<p><a href=\"https:\/\/ss-ekonomsko-birotehnicka-sb.skole.hr\/wp-content\/uploads\/sites\/790\/2023\/10\/Pravilnik-o-radu-skolske-knjiznice.pdf\" rel=\"attachment wp-att-293629\">Pravilnik o radu \u0161kolske knji\u017enice<\/a><\/p>\n<p><a href=\"https:\/\/ss-ekonomsko-birotehnicka-sb.skole.hr\/wp-content\/uploads\/sites\/790\/2023\/10\/Pravilnik-o-zastiti-i-obradi-arhivskog-gradiva.pdf\" rel=\"attachment wp-att-293602\">Pravilnik o za\u0161titi i obradi arhivskog gradiva<\/a><\/p>\n<p><a href=\"https:\/\/ss-ekonomsko-birotehnicka-sb.skole.hr\/wp-content\/uploads\/sites\/790\/2023\/10\/Pravila-o-upravljanju-arhivskom-i-dokumentarnim-gradivom.pdf\" rel=\"attachment wp-att-293608\">Pravila o upravljanju arhivskom i dokumentarnim gradivom<\/a><\/p>\n<p><a href=\"https:\/\/ss-ekonomsko-birotehnicka-sb.skole.hr\/wp-content\/uploads\/sites\/790\/2023\/10\/Pravilnik-o-zastiti-od-pozara.pdf\" rel=\"attachment wp-att-293590\">Pravilnik o za\u0161titi od po\u017eara<\/a><\/p>\n<p><a href=\"https:\/\/ss-ekonomsko-birotehnicka-sb.skole.hr\/wp-content\/uploads\/sites\/790\/2023\/10\/Pravilnik-o-postupku-unutarnjeg-prijavljivanja-nepravilnosti.pdf\" rel=\"attachment wp-att-293611\">Pravilnik o postupku unutarnjeg prijavljivanja nepravilnosti<\/a><\/p>\n<p><a href=\"https:\/\/ss-ekonomsko-birotehnicka-sb.skole.hr\/wp-content\/uploads\/sites\/790\/2023\/10\/Poslovnik-o-radu-skolskog-prosudbenog-odbora-i-povjerenstva-za-obranu-zavrsnog-rada.pdf\" rel=\"attachment wp-att-293623\">Poslovnik o radu \u0161kolskog prosudbenog odbora i povjerenstva za obranu zavr\u0161nog rada<\/a><\/p>\n<p><a href=\"https:\/\/ss-ekonomsko-birotehnicka-sb.skole.hr\/wp-content\/uploads\/sites\/790\/2023\/10\/Pravilnik-o-promicanju-spoznaje-stetnosti-uporabe-duhanskih-proizvoda-za-zdravlje.pdf\" rel=\"attachment wp-att-293626\">Pravilnik o promicanju spoznaje \u0161tetnosti uporabe duhanskih proizvoda za zdravlje<\/a><\/p>\n<p><a href=\"https:\/\/ss-ekonomsko-birotehnicka-sb.skole.hr\/wp-content\/uploads\/sites\/790\/2025\/04\/Poslovnik-o-radu-SSK.pdf\" rel=\"attachment wp-att-303111\">Poslovnik o radu \u0160SK<\/a><\/p>\n<p><a href=\"https:\/\/ss-ekonomsko-birotehnicka-sb.skole.hr\/wp-content\/uploads\/sites\/790\/2025\/04\/Pravilnik-o-video-nadzoru.pdf\" rel=\"attachment wp-att-303114\">Pravilnik o videonadzoru<\/a><\/p>\n<p>&nbsp;<\/p>\n<p>&nbsp;<\/p>\n<p>[\/et_pb_text][\/et_pb_column][et_pb_column type=&#8221;1_2&#8243; _builder_version=&#8221;4.22.1&#8243; _module_preset=&#8221;default&#8221; global_colors_info=&#8221;{}&#8221;][et_pb_gallery gallery_ids=&#8221;293566&#8243; fullwidth=&#8221;on&#8221; _builder_version=&#8221;4.22.1&#8243; _module_preset=&#8221;default&#8221; global_colors_info=&#8221;{}&#8221;][\/et_pb_gallery][\/et_pb_column][\/et_pb_row][\/et_pb_section]<\/p>\n","protected":false},"excerpt":{"rendered":"<p>Pravilnik o radu Pravilnik o dopuni Pravilnika o radu Pravilnik o na\u010dinu i postupku zapo\u0161ljavanja Ekonomsko-birotehni\u010dke \u0161kole Pravilnik o izmjenama Pravilnika o na\u010dinu i postupku zapo\u0161ljavanja Ekonomsko-birotehni\u010dke \u0161kole STATUT Ekonomsko-birotehni\u010dke \u0161kole, 13. rujna 2024. Poslovnik o radu kolegijalnih tijela Ku\u0107ni red Pravilnik o izmjenama i dopunama Ku\u0107nog reda Eti\u010dki kodeks Ekonomsko-birotehni\u010dke \u0161kole Pravilnik o sistematizaciji [&hellip;]<\/p>\n","protected":false},"author":826,"featured_media":0,"parent":0,"menu_order":0,"comment_status":"closed","ping_status":"closed","template":"","meta":{"_et_pb_use_builder":"on","_et_pb_old_content":"","_et_gb_content_width":"","footnotes":""},"class_list":["post-293152","page","type-page","status-publish","hentry"],"_links":{"self":[{"href":"https:\/\/ss-ekonomsko-birotehnicka-sb.skole.hr\/index.php?rest_route=\/wp\/v2\/pages\/293152","targetHints":{"allow":["GET"]}}],"collection":[{"href":"https:\/\/ss-ekonomsko-birotehnicka-sb.skole.hr\/index.php?rest_route=\/wp\/v2\/pages"}],"about":[{"href":"https:\/\/ss-ekonomsko-birotehnicka-sb.skole.hr\/index.php?rest_route=\/wp\/v2\/types\/page"}],"author":[{"embeddable":true,"href":"https:\/\/ss-ekonomsko-birotehnicka-sb.skole.hr\/index.php?rest_route=\/wp\/v2\/users\/826"}],"replies":[{"embeddable":true,"href":"https:\/\/ss-ekonomsko-birotehnicka-sb.skole.hr\/index.php?rest_route=%2Fwp%2Fv2%2Fcomments&post=293152"}],"version-history":[{"count":10,"href":"https:\/\/ss-ekonomsko-birotehnicka-sb.skole.hr\/index.php?rest_route=\/wp\/v2\/pages\/293152\/revisions"}],"predecessor-version":[{"id":306885,"href":"https:\/\/ss-ekonomsko-birotehnicka-sb.skole.hr\/index.php?rest_route=\/wp\/v2\/pages\/293152\/revisions\/306885"}],"wp:attachment":[{"href":"https:\/\/ss-ekonomsko-birotehnicka-sb.skole.hr\/index.php?rest_route=%2Fwp%2Fv2%2Fmedia&parent=293152"}],"curies":[{"name":"wp","href":"https:\/\/api.w.org\/{rel}","templated":true}]}}