{"id":293161,"date":"2023-10-25T09:42:19","date_gmt":"2023-10-25T07:42:19","guid":{"rendered":"https:\/\/ss-ekonomsko-birotehnicka-sb.skole.hr\/?page_id=293161"},"modified":"2026-03-19T10:06:19","modified_gmt":"2026-03-19T09:06:19","slug":"zakoni-i-pravilnici","status":"publish","type":"page","link":"https:\/\/ss-ekonomsko-birotehnicka-sb.skole.hr\/?page_id=293161","title":{"rendered":"Zakoni i pravilnici"},"content":{"rendered":"<p>[et_pb_section fb_built=&#8221;1&#8243; _builder_version=&#8221;4.22.1&#8243; _module_preset=&#8221;default&#8221; global_colors_info=&#8221;{}&#8221;][et_pb_row column_structure=&#8221;1_3,1_3,1_3&#8243; _builder_version=&#8221;4.22.1&#8243; _module_preset=&#8221;default&#8221; global_colors_info=&#8221;{}&#8221;][et_pb_column type=&#8221;1_3&#8243; _builder_version=&#8221;4.22.1&#8243; _module_preset=&#8221;default&#8221; global_colors_info=&#8221;{}&#8221;][et_pb_text _builder_version=&#8221;4.25.0&#8243; _module_preset=&#8221;default&#8221; link_font=&#8221;Gabriela||||||||&#8221; link_text_color=&#8221;#0C71C3&#8243; global_colors_info=&#8221;{}&#8221;]<\/p>\n<p>Zakon o odgoju i obrazovanju u osnovnoj i srednjoj \u0161koli <a href=\"https:\/\/www.zakon.hr\/z\/317\/Zakon-o-odgoju-i-obrazovanju-u-osnovnoj-i-srednjoj-%C5%A1koli\">(NN 87\/08, 86\/09, 92\/10, 105\/10, 90\/11, 5\/12, 16\/12, 86\/12, 126\/12, 94\/13, 152\/14, 07\/17, 68\/18, 98\/19, 64\/20, 151\/22, 155\/23, 156\/23)<\/a><\/p>\n<p>Zakon o radu <a href=\"https:\/\/www.zakon.hr\/z\/307\/Zakon-o-radu\">(NN 93\/14, 127\/17, 98\/19, 151\/22, 64\/23)<\/a><\/p>\n<p>Zakon o strukovnom obrazovanju <a href=\"https:\/\/zakon.hr\/z\/383\/Zakon-o-strukovnom-obrazovanju\">(NN 30\/09, 24\/10, 22\/13, 25\/18, 69\/22)<\/a><\/p>\n<p>Zakon o ustanovama (<a href=\"https:\/\/www.zakon.hr\/z\/313\/Zakon-o-ustanovama\">NN 76\/93, 29\/97, 47\/99, 35\/08, 127\/19, 151\/22)<\/a><\/p>\n<p>Zakon o priznavanju i vrednovanju inozemnih obrazovnih kvalifikacija <a href=\"https:\/\/www.zakon.hr\/z\/3184\/Zakon-o-priznavanju-i-vrednovanju-inozemnih-obrazovnih-kvalifikacija\">(NN 69\/22)<\/a><\/p>\n<p>Temeljni kolektivni ugovor za slu\u017ebenike i namje\u0161tenike u javnim slu\u017ebama <a href=\"https:\/\/narodne-novine.nn.hr\/clanci\/sluzbeni\/2022_05_56_800.html\">(NN 56\/22)<\/a><\/p>\n<p>Dodatak II. Temeljnom kolektivnom ugovoru za slu\u017ebenike i namje\u0161tenike u javnim slu\u017ebama <a href=\"https:\/\/narodne-novine.nn.hr\/clanci\/sluzbeni\/2023_05_58_994.html\">(NN 58\/23)<\/a><\/p>\n<p>Dodatak III. Temeljnom kolektivnom ugovoru za slu\u017ebenike i namje\u0161tenike u javnim slu\u017ebama <a href=\"https:\/\/narodne-novine.nn.hr\/clanci\/sluzbeni\/2023_10_128_1780.html\">(NN 128\/23)<\/a><\/p>\n<p>Kolektivni ugovor za zaposlenike u srednjo\u0161kolskim ustanovama <a href=\"https:\/\/narodne-novine.nn.hr\/clanci\/sluzbeni\/2018_06_51_1019.html\">(NN 51\/18)<\/a><\/p>\n<p>&nbsp;<\/p>\n<p>&nbsp;<\/p>\n<p>[\/et_pb_text][\/et_pb_column][et_pb_column type=&#8221;1_3&#8243; _builder_version=&#8221;4.22.1&#8243; _module_preset=&#8221;default&#8221; global_colors_info=&#8221;{}&#8221;][et_pb_text _builder_version=&#8221;4.25.0&#8243; _module_preset=&#8221;default&#8221; link_text_color=&#8221;#0C71C3&#8243; hover_enabled=&#8221;0&#8243; global_colors_info=&#8221;{}&#8221; sticky_enabled=&#8221;0&#8243;]<\/p>\n<p>Pravilnik o izradbi i obrani zavr\u0161nog rada <a href=\"https:\/\/narodne-novine.nn.hr\/clanci\/sluzbeni\/2009_09_118_2914.html\">(NN 118\/09)<\/a><\/p>\n<p>Pravilnik o polaganju dr\u017eavne mature <a href=\"https:\/\/www.zakon.hr\/cms.htm?id=40951\">(NN 01\/13, 41\/19, 127\/19, 55\/20, 53\/21, 126\/21, 19\/23)<\/a><\/p>\n<p>Pravilnik o izvo\u0111enju izleta, ekskurzija i drugih odgojno-obrazovnih aktivnosti izvan \u0161kole <a href=\"https:\/\/www.zakon.hr\/cms.htm?id=27325\">(NN 67\/14, 81\/15, 53\/21)<\/a><\/p>\n<p>Pravilnik o kriterijima za izricanje pedago\u0161kih mjera <a href=\"https:\/\/www.zakon.hr\/cms.htm?id=27329\">(NN 94\/15, 03\/17)<\/a><\/p>\n<p>Pravilnik o izmjenama Pravilnika o kriterijima za izricanje pedago\u0161kih mjera <a href=\"https:\/\/narodne-novine.nn.hr\/clanci\/sluzbeni\/2026_03_22_257.html\">(NN 22\/26)<\/a><\/p>\n<p>Pravilnik o na\u010dinima, postupcima i elementima vrednovanja u\u010denika u osnovnoj i srednjoj \u0161koli <a href=\"https:\/\/www.zakon.hr\/cms.htm?id=40193\">(NN 112\/10, 82\/19, 43\/20, 100\/21)<\/a><\/p>\n<p>Pravilnik o postupku utvr\u0111ivanja psihofizi\u010dkog stanja djeteta, u\u010denika te sastavu stru\u010dnih povjerenstava<a href=\"https:\/\/narodne-novine.nn.hr\/clanci\/sluzbeni\/2014_06_67_1279.html\"> (NN 67\/14)<\/a><\/p>\n<p>Pravilnik o osnovno\u0161kolskom i srednjo\u0161kolskom odgoju i obrazovanju u\u010denika s te\u0161ko\u0107ama u razvoju <a href=\"https:\/\/narodne-novine.nn.hr\/clanci\/sluzbeni\/2015_03_24_510.html\">(NN 24\/15)<\/a><\/p>\n<p>Pravilnik o pomo\u0107nicima u nastavi i stru\u010dnim komunikacijskim posrednicima <a href=\"https:\/\/zakon.hr\/cms.htm?id=40115\">(NN 102\/18, 59\/19, 22\/20, 91\/23)<\/a><\/p>\n<p>Pravilnik o uvjetima i na\u010dinima nastavka obrazovanja za vi\u0161u razinu kvalifikacije <a href=\"https:\/\/www.zakon.hr\/cms.htm?id=50503\">(NN 08\/16, 126\/21)<\/a><\/p>\n<p>Pravilnik o na\u010dinu postupanja odgojno-obrazovnih radnika \u0161kolskih ustanova u poduzimanju mjera za\u0161tite prava u\u010denika te prijave svakog kr\u0161enja tih prava nadle\u017enim tijelima <a href=\"https:\/\/narodne-novine.nn.hr\/clanci\/sluzbeni\/2013_11_132_2874.html\">(NN 132\/13)<\/a><\/p>\n<p>[\/et_pb_text][\/et_pb_column][et_pb_column type=&#8221;1_3&#8243; _builder_version=&#8221;4.22.1&#8243; _module_preset=&#8221;default&#8221; global_colors_info=&#8221;{}&#8221;][et_pb_text _builder_version=&#8221;4.23.1&#8243; _module_preset=&#8221;default&#8221; link_text_color=&#8221;#0C71C3&#8243; global_colors_info=&#8221;{}&#8221;]<\/p>\n<p>Pravilnik o normi rada nastavnika u srednjo\u0161kolskoj ustanovi <a href=\"https:\/\/www.zakon.hr\/cms.htm?id=2643\">(NN 94\/10)<\/a><\/p>\n<p>Pravilnik o obavljanju djelatnosti u svezi sa zapo\u0161ljavanjem <a href=\"https:\/\/www.zakon.hr\/cms.htm?id=39091\">(NN 28\/19)<\/a><\/p>\n<p>Pravilnik o na\u010dinu organiziranja i izvo\u0111enju nastave u strukovnim \u0161kolama (<a href=\"https:\/\/narodne-novine.nn.hr\/clanci\/sluzbeni\/2009_11_140_3430.html\">NN 140\/09<\/a>,<a href=\"https:\/\/narodne-novine.nn.hr\/clanci\/sluzbeni\/2020_11_130_2473.html\"> 130\/20<\/a>)<\/p>\n<p>Pravilnik o napredovanju u\u010ditelja, nastavnika, stru\u010dnih suradnika i ravnatelja u osnovnim i srednjim \u0161kolama i u\u010deni\u010dkim domovima <a href=\"https:\/\/www.zakon.hr\/cms.htm?id=44746\">(NN 68\/19, 60\/20, 32\/21)<\/a><\/p>\n<p>Pravilnik o nagra\u0111ivanju u\u010ditelja, nastavnika, stru\u010dnih suradnika i ravnatelja u osnovnim i srednjim \u0161kolama te u\u010deni\u010dkim domovima (<a href=\"https:\/\/narodne-novine.nn.hr\/clanci\/sluzbeni\/2019_05_53_1019.html\">NN 23\/19<\/a>, <a href=\"https:\/\/narodne-novine.nn.hr\/clanci\/sluzbeni\/2022_03_30_371.html\">30\/22<\/a>)<\/p>\n<p>&nbsp;<\/p>\n<p>&nbsp;<\/p>\n<p>[\/et_pb_text][\/et_pb_column][\/et_pb_row][\/et_pb_section]<\/p>\n","protected":false},"excerpt":{"rendered":"<p>Zakon o odgoju i obrazovanju u osnovnoj i srednjoj \u0161koli (NN 87\/08, 86\/09, 92\/10, 105\/10, 90\/11, 5\/12, 16\/12, 86\/12, 126\/12, 94\/13, 152\/14, 07\/17, 68\/18, 98\/19, 64\/20, 151\/22, 155\/23, 156\/23) Zakon o radu (NN 93\/14, 127\/17, 98\/19, 151\/22, 64\/23) Zakon o strukovnom obrazovanju (NN 30\/09, 24\/10, 22\/13, 25\/18, 69\/22) Zakon o ustanovama (NN 76\/93, 29\/97, 47\/99, [&hellip;]<\/p>\n","protected":false},"author":826,"featured_media":0,"parent":0,"menu_order":0,"comment_status":"closed","ping_status":"closed","template":"","meta":{"_et_pb_use_builder":"on","_et_pb_old_content":"","_et_gb_content_width":"","footnotes":""},"class_list":["post-293161","page","type-page","status-publish","hentry"],"_links":{"self":[{"href":"https:\/\/ss-ekonomsko-birotehnicka-sb.skole.hr\/index.php?rest_route=\/wp\/v2\/pages\/293161","targetHints":{"allow":["GET"]}}],"collection":[{"href":"https:\/\/ss-ekonomsko-birotehnicka-sb.skole.hr\/index.php?rest_route=\/wp\/v2\/pages"}],"about":[{"href":"https:\/\/ss-ekonomsko-birotehnicka-sb.skole.hr\/index.php?rest_route=\/wp\/v2\/types\/page"}],"author":[{"embeddable":true,"href":"https:\/\/ss-ekonomsko-birotehnicka-sb.skole.hr\/index.php?rest_route=\/wp\/v2\/users\/826"}],"replies":[{"embeddable":true,"href":"https:\/\/ss-ekonomsko-birotehnicka-sb.skole.hr\/index.php?rest_route=%2Fwp%2Fv2%2Fcomments&post=293161"}],"version-history":[{"count":7,"href":"https:\/\/ss-ekonomsko-birotehnicka-sb.skole.hr\/index.php?rest_route=\/wp\/v2\/pages\/293161\/revisions"}],"predecessor-version":[{"id":308982,"href":"https:\/\/ss-ekonomsko-birotehnicka-sb.skole.hr\/index.php?rest_route=\/wp\/v2\/pages\/293161\/revisions\/308982"}],"wp:attachment":[{"href":"https:\/\/ss-ekonomsko-birotehnicka-sb.skole.hr\/index.php?rest_route=%2Fwp%2Fv2%2Fmedia&parent=293161"}],"curies":[{"name":"wp","href":"https:\/\/api.w.org\/{rel}","templated":true}]}}