{"id":293749,"date":"2023-10-30T10:04:20","date_gmt":"2023-10-30T09:04:20","guid":{"rendered":"https:\/\/ss-ekonomsko-birotehnicka-sb.skole.hr\/?page_id=293749"},"modified":"2026-01-21T08:50:03","modified_gmt":"2026-01-21T07:50:03","slug":"zahtjevi-i-obrasci","status":"publish","type":"page","link":"https:\/\/ss-ekonomsko-birotehnicka-sb.skole.hr\/?page_id=293749","title":{"rendered":"Zahtjevi i obrasci"},"content":{"rendered":"\n<p><\/p>\n\n\n\n<h2 class=\"wp-block-heading\">Duplikat svjedod\u017ebe<\/h2>\n\n\n\n<div class=\"wp-block-file\"><a id=\"wp-block-file--media-9ca64c22-f532-4ac3-8d70-a44d436d8afe\" href=\"https:\/\/ss-ekonomsko-birotehnicka-sb.skole.hr\/wp-content\/uploads\/sites\/790\/2026\/01\/Zahtjev-duplikat-svjedodzbe.docx\">Zahtjev-duplikat-svjedodzbe<\/a><a href=\"https:\/\/ss-ekonomsko-birotehnicka-sb.skole.hr\/wp-content\/uploads\/sites\/790\/2026\/01\/Zahtjev-duplikat-svjedodzbe.docx\" class=\"wp-block-file__button wp-element-button\" download aria-describedby=\"wp-block-file--media-9ca64c22-f532-4ac3-8d70-a44d436d8afe\">Preuzmi<\/a><\/div>\n\n\n\n<div class=\"wp-block-file\"><a id=\"wp-block-file--media-0d8bcdfa-67b9-4ba3-83bd-2099cc9e68ce\" href=\"https:\/\/ss-ekonomsko-birotehnicka-sb.skole.hr\/wp-content\/uploads\/sites\/790\/2023\/11\/UPUTE_za_izdavanje_duplikata_i_prijepisa_svjedodzbe_2023-3.pdf\">UPUTE_za_izdavanje_duplikata_i_prijepisa_svjedodzbe<\/a><a href=\"https:\/\/ss-ekonomsko-birotehnicka-sb.skole.hr\/wp-content\/uploads\/sites\/790\/2023\/11\/UPUTE_za_izdavanje_duplikata_i_prijepisa_svjedodzbe_2023-3.pdf\" class=\"wp-block-file__button wp-element-button\" download aria-describedby=\"wp-block-file--media-0d8bcdfa-67b9-4ba3-83bd-2099cc9e68ce\">Preuzmi<\/a><\/div>\n\n\n\n<h2 class=\"wp-block-heading\">Zahtjevi i molbe za u\u010denike<\/h2>\n\n\n\n<div class=\"wp-block-file\"><a id=\"wp-block-file--media-e88e819c-e8a9-4d41-a616-f553b0847754\" href=\"https:\/\/ss-ekonomsko-birotehnicka-sb.skole.hr\/wp-content\/uploads\/sites\/790\/2024\/12\/Zahtjev-za-upis-ucenika-u-Ekonomsko-birotehnicku-skolu.docx\">Zahtjev za upis u\u010denika u Ekonomsko-birotehni\u010dku \u0161kolu<\/a><a href=\"https:\/\/ss-ekonomsko-birotehnicka-sb.skole.hr\/wp-content\/uploads\/sites\/790\/2024\/12\/Zahtjev-za-upis-ucenika-u-Ekonomsko-birotehnicku-skolu.docx\" class=\"wp-block-file__button wp-element-button\" download aria-describedby=\"wp-block-file--media-e88e819c-e8a9-4d41-a616-f553b0847754\">Preuzmi<\/a><\/div>\n\n\n\n<div class=\"wp-block-file\"><a id=\"wp-block-file--media-809bc0ec-da8b-4274-840f-5a033cbcb936\" href=\"https:\/\/ss-ekonomsko-birotehnicka-sb.skole.hr\/wp-content\/uploads\/sites\/790\/2024\/12\/Zahtjev-za-promjenu-strukovne-kvalifikacije_zanimanja.docx\">Zahtjev za promjenu strukovne kvalifikacije_zanimanja<\/a><a href=\"https:\/\/ss-ekonomsko-birotehnicka-sb.skole.hr\/wp-content\/uploads\/sites\/790\/2024\/12\/Zahtjev-za-promjenu-strukovne-kvalifikacije_zanimanja.docx\" class=\"wp-block-file__button wp-element-button\" download aria-describedby=\"wp-block-file--media-809bc0ec-da8b-4274-840f-5a033cbcb936\">Preuzmi<\/a><\/div>\n\n\n\n<div class=\"wp-block-file\"><a id=\"wp-block-file--media-9444007d-12c0-4dba-9262-d4ea097e5fba\" href=\"https:\/\/ss-ekonomsko-birotehnicka-sb.skole.hr\/wp-content\/uploads\/sites\/790\/2024\/11\/Zahtjev-za-nastavak-obrazovanja.docx\">Zahtjev-za-nastavak-obrazovanja<\/a><a href=\"https:\/\/ss-ekonomsko-birotehnicka-sb.skole.hr\/wp-content\/uploads\/sites\/790\/2024\/11\/Zahtjev-za-nastavak-obrazovanja.docx\" class=\"wp-block-file__button wp-element-button\" download aria-describedby=\"wp-block-file--media-9444007d-12c0-4dba-9262-d4ea097e5fba\">Preuzmi<\/a><\/div>\n\n\n\n<div class=\"wp-block-file\"><a id=\"wp-block-file--media-34f4c059-1f85-4a6c-99c9-481aba2e7048\" href=\"https:\/\/ss-ekonomsko-birotehnicka-sb.skole.hr\/wp-content\/uploads\/sites\/790\/2024\/02\/Zahtjev-za-promjenu-izbornog-predmeta.docx\">Zahtjev-za-promjenu-izbornog-predmeta<\/a><a href=\"https:\/\/ss-ekonomsko-birotehnicka-sb.skole.hr\/wp-content\/uploads\/sites\/790\/2024\/02\/Zahtjev-za-promjenu-izbornog-predmeta.docx\" class=\"wp-block-file__button wp-element-button\" download aria-describedby=\"wp-block-file--media-34f4c059-1f85-4a6c-99c9-481aba2e7048\">Preuzmi<\/a><\/div>\n\n\n\n<div class=\"wp-block-file\"><a id=\"wp-block-file--media-f0706f2b-46c5-4053-b2d3-eafa23476b4a\" href=\"https:\/\/ss-ekonomsko-birotehnicka-sb.skole.hr\/wp-content\/uploads\/sites\/790\/2023\/11\/Zahtjev-za-polaganje-razrednog-predmetnog-ispita.doc\">Zahtjev-za-polaganje-razrednog-predmetnog-ispita<\/a><a href=\"https:\/\/ss-ekonomsko-birotehnicka-sb.skole.hr\/wp-content\/uploads\/sites\/790\/2023\/11\/Zahtjev-za-polaganje-razrednog-predmetnog-ispita.doc\" class=\"wp-block-file__button wp-element-button\" download aria-describedby=\"wp-block-file--media-f0706f2b-46c5-4053-b2d3-eafa23476b4a\">Preuzmi<\/a><\/div>\n\n\n\n<div class=\"wp-block-file\"><a id=\"wp-block-file--media-2c2e8c0e-9d80-441d-9545-b8dbaea445e7\" href=\"https:\/\/ss-ekonomsko-birotehnicka-sb.skole.hr\/wp-content\/uploads\/sites\/790\/2023\/11\/Molba-za-izostanak-s-nastave.docx\">Molba-za-izostanak-s-nastave<\/a><a href=\"https:\/\/ss-ekonomsko-birotehnicka-sb.skole.hr\/wp-content\/uploads\/sites\/790\/2023\/11\/Molba-za-izostanak-s-nastave.docx\" class=\"wp-block-file__button wp-element-button\" download aria-describedby=\"wp-block-file--media-2c2e8c0e-9d80-441d-9545-b8dbaea445e7\">Preuzmi<\/a><\/div>\n","protected":false},"excerpt":{"rendered":"<p>Duplikat svjedod\u017ebe Zahtjevi i molbe za u\u010denike<\/p>\n","protected":false},"author":826,"featured_media":0,"parent":0,"menu_order":0,"comment_status":"closed","ping_status":"closed","template":"","meta":{"_et_pb_use_builder":"off","_et_pb_old_content":"<!-- wp:paragraph -->\n<p><\/p>\n<!-- \/wp:paragraph -->\n\n<!-- wp:heading -->\n<h2 class=\"wp-block-heading\">Duplikat svjedod\u017ebe<\/h2>\n<!-- \/wp:heading -->\n\n<!-- wp:group {\"layout\":{\"type\":\"flex\",\"orientation\":\"vertical\"}} -->\n<div class=\"wp-block-group\"><!-- wp:group {\"layout\":{\"type\":\"constrained\"}} -->\n<div class=\"wp-block-group\"><!-- wp:file {\"id\":293887,\"href\":\"https:\/\/ss-ekonomsko-birotehnicka-sb.skole.hr\/wp-content\/uploads\/sites\/790\/2023\/11\/ZAHTJEV_ZA_DUPLIKAT_SVJEDODZBE.docx\"} -->\n<div class=\"wp-block-file\"><a id=\"wp-block-file--media-f3f9ecaa-d7c3-4864-8487-88ef86b12c85\" href=\"https:\/\/ss-ekonomsko-birotehnicka-sb.skole.hr\/wp-content\/uploads\/sites\/790\/2023\/11\/ZAHTJEV_ZA_DUPLIKAT_SVJEDODZBE.docx\">ZAHTJEV_ZA_DUPLIKAT_SVJEDODZBE<\/a><a href=\"https:\/\/ss-ekonomsko-birotehnicka-sb.skole.hr\/wp-content\/uploads\/sites\/790\/2023\/11\/ZAHTJEV_ZA_DUPLIKAT_SVJEDODZBE.docx\" class=\"wp-block-file__button wp-element-button\" download aria-describedby=\"wp-block-file--media-f3f9ecaa-d7c3-4864-8487-88ef86b12c85\">Preuzmi<\/a><\/div>\n<!-- \/wp:file -->\n\n<!-- wp:file {\"id\":293899,\"href\":\"https:\/\/ss-ekonomsko-birotehnicka-sb.skole.hr\/wp-content\/uploads\/sites\/790\/2023\/11\/UPUTE_za_izdavanje_duplikata_i_prijepisa_svjedodzbe_2023-3.pdf\",\"displayPreview\":false,\"previewHeight\":280} -->\n<div class=\"wp-block-file\"><a id=\"wp-block-file--media-1870c2e6-4861-4b7b-b758-07ead8bac30c\" href=\"https:\/\/ss-ekonomsko-birotehnicka-sb.skole.hr\/wp-content\/uploads\/sites\/790\/2023\/11\/UPUTE_za_izdavanje_duplikata_i_prijepisa_svjedodzbe_2023-3.pdf\">UPUTE_za_izdavanje_duplikata_i_prijepisa_svjedodzbe_2023-3<\/a><a href=\"https:\/\/ss-ekonomsko-birotehnicka-sb.skole.hr\/wp-content\/uploads\/sites\/790\/2023\/11\/UPUTE_za_izdavanje_duplikata_i_prijepisa_svjedodzbe_2023-3.pdf\" class=\"wp-block-file__button wp-element-button\" download aria-describedby=\"wp-block-file--media-1870c2e6-4861-4b7b-b758-07ead8bac30c\">Preuzmi<\/a><\/div>\n<!-- \/wp:file --><\/div>\n<!-- \/wp:group --><\/div>\n<!-- \/wp:group -->\n\n<!-- wp:heading -->\n<h2 class=\"wp-block-heading\">Zahtjevi i molbe za u\u010denike<\/h2>\n<!-- \/wp:heading -->\n\n<!-- wp:file {\"id\":300291,\"href\":\"https:\/\/ss-ekonomsko-birotehnicka-sb.skole.hr\/wp-content\/uploads\/sites\/790\/2024\/11\/Zahtjev-za-promjenu-strukovne-kvalifikacije_zanimanja.docx\"} -->\n<div class=\"wp-block-file\"><a id=\"wp-block-file--media-70acaf01-c16e-4575-9d60-de46437fcb08\" href=\"https:\/\/ss-ekonomsko-birotehnicka-sb.skole.hr\/wp-content\/uploads\/sites\/790\/2024\/11\/Zahtjev-za-promjenu-strukovne-kvalifikacije_zanimanja.docx\">Zahtjev-za-promjenu-strukovne-kvalifikacije_zanimanja<\/a><a href=\"https:\/\/ss-ekonomsko-birotehnicka-sb.skole.hr\/wp-content\/uploads\/sites\/790\/2024\/11\/Zahtjev-za-promjenu-strukovne-kvalifikacije_zanimanja.docx\" class=\"wp-block-file__button wp-element-button\" download aria-describedby=\"wp-block-file--media-70acaf01-c16e-4575-9d60-de46437fcb08\">Preuzmi<\/a><\/div>\n<!-- \/wp:file -->\n\n<!-- wp:file {\"id\":300288,\"href\":\"https:\/\/ss-ekonomsko-birotehnicka-sb.skole.hr\/wp-content\/uploads\/sites\/790\/2024\/11\/Zahtjev-za-nastavak-obrazovanja.docx\"} -->\n<div class=\"wp-block-file\"><a id=\"wp-block-file--media-9444007d-12c0-4dba-9262-d4ea097e5fba\" href=\"https:\/\/ss-ekonomsko-birotehnicka-sb.skole.hr\/wp-content\/uploads\/sites\/790\/2024\/11\/Zahtjev-za-nastavak-obrazovanja.docx\">Zahtjev-za-nastavak-obrazovanja<\/a><a href=\"https:\/\/ss-ekonomsko-birotehnicka-sb.skole.hr\/wp-content\/uploads\/sites\/790\/2024\/11\/Zahtjev-za-nastavak-obrazovanja.docx\" class=\"wp-block-file__button wp-element-button\" download aria-describedby=\"wp-block-file--media-9444007d-12c0-4dba-9262-d4ea097e5fba\">Preuzmi<\/a><\/div>\n<!-- \/wp:file -->\n\n<!-- wp:file {\"id\":300285,\"href\":\"https:\/\/ss-ekonomsko-birotehnicka-sb.skole.hr\/wp-content\/uploads\/sites\/790\/2024\/11\/Molba-za-upis-ucenika-iz-druge-skole-za-prvi-razred.docx\"} -->\n<div class=\"wp-block-file\"><a id=\"wp-block-file--media-159c6225-afab-49d9-8355-8b065f3fd5f8\" href=\"https:\/\/ss-ekonomsko-birotehnicka-sb.skole.hr\/wp-content\/uploads\/sites\/790\/2024\/11\/Molba-za-upis-ucenika-iz-druge-skole-za-prvi-razred.docx\">Molba-za-upis-ucenika-iz-druge-skole-za-prvi-razred<\/a><a href=\"https:\/\/ss-ekonomsko-birotehnicka-sb.skole.hr\/wp-content\/uploads\/sites\/790\/2024\/11\/Molba-za-upis-ucenika-iz-druge-skole-za-prvi-razred.docx\" class=\"wp-block-file__button wp-element-button\" download aria-describedby=\"wp-block-file--media-159c6225-afab-49d9-8355-8b065f3fd5f8\">Preuzmi<\/a><\/div>\n<!-- \/wp:file -->\n\n<!-- wp:file {\"id\":300282,\"href\":\"https:\/\/ss-ekonomsko-birotehnicka-sb.skole.hr\/wp-content\/uploads\/sites\/790\/2024\/11\/Molba-za-upis-ucenika-iz-druge-skole.docx\"} -->\n<div class=\"wp-block-file\"><a id=\"wp-block-file--media-40741f61-0d4b-4607-97cf-0aa8b22f1d4a\" href=\"https:\/\/ss-ekonomsko-birotehnicka-sb.skole.hr\/wp-content\/uploads\/sites\/790\/2024\/11\/Molba-za-upis-ucenika-iz-druge-skole.docx\">Molba-za-upis-ucenika-iz-druge-skole<\/a><a href=\"https:\/\/ss-ekonomsko-birotehnicka-sb.skole.hr\/wp-content\/uploads\/sites\/790\/2024\/11\/Molba-za-upis-ucenika-iz-druge-skole.docx\" class=\"wp-block-file__button wp-element-button\" download aria-describedby=\"wp-block-file--media-40741f61-0d4b-4607-97cf-0aa8b22f1d4a\">Preuzmi<\/a><\/div>\n<!-- \/wp:file -->\n\n<!-- wp:file {\"id\":296379,\"href\":\"https:\/\/ss-ekonomsko-birotehnicka-sb.skole.hr\/wp-content\/uploads\/sites\/790\/2024\/02\/Zahtjev-za-promjenu-izbornog-predmeta.docx\"} -->\n<div class=\"wp-block-file\"><a id=\"wp-block-file--media-34f4c059-1f85-4a6c-99c9-481aba2e7048\" href=\"https:\/\/ss-ekonomsko-birotehnicka-sb.skole.hr\/wp-content\/uploads\/sites\/790\/2024\/02\/Zahtjev-za-promjenu-izbornog-predmeta.docx\">Zahtjev-za-promjenu-izbornog-predmeta<\/a><a href=\"https:\/\/ss-ekonomsko-birotehnicka-sb.skole.hr\/wp-content\/uploads\/sites\/790\/2024\/02\/Zahtjev-za-promjenu-izbornog-predmeta.docx\" class=\"wp-block-file__button wp-element-button\" download aria-describedby=\"wp-block-file--media-34f4c059-1f85-4a6c-99c9-481aba2e7048\">Preuzmi<\/a><\/div>\n<!-- \/wp:file -->\n\n<!-- wp:file {\"id\":293863,\"href\":\"https:\/\/ss-ekonomsko-birotehnicka-sb.skole.hr\/wp-content\/uploads\/sites\/790\/2023\/11\/Zahtjev-za-polaganje-razrednog-predmetnog-ispita.doc\"} -->\n<div class=\"wp-block-file\"><a id=\"wp-block-file--media-f0706f2b-46c5-4053-b2d3-eafa23476b4a\" href=\"https:\/\/ss-ekonomsko-birotehnicka-sb.skole.hr\/wp-content\/uploads\/sites\/790\/2023\/11\/Zahtjev-za-polaganje-razrednog-predmetnog-ispita.doc\">Zahtjev-za-polaganje-razrednog-predmetnog-ispita<\/a><a href=\"https:\/\/ss-ekonomsko-birotehnicka-sb.skole.hr\/wp-content\/uploads\/sites\/790\/2023\/11\/Zahtjev-za-polaganje-razrednog-predmetnog-ispita.doc\" class=\"wp-block-file__button wp-element-button\" download aria-describedby=\"wp-block-file--media-f0706f2b-46c5-4053-b2d3-eafa23476b4a\">Preuzmi<\/a><\/div>\n<!-- \/wp:file -->\n\n<!-- wp:file {\"id\":293878,\"href\":\"https:\/\/ss-ekonomsko-birotehnicka-sb.skole.hr\/wp-content\/uploads\/sites\/790\/2023\/11\/Molba-za-izostanak-s-nastave.docx\"} -->\n<div class=\"wp-block-file\"><a id=\"wp-block-file--media-2c2e8c0e-9d80-441d-9545-b8dbaea445e7\" href=\"https:\/\/ss-ekonomsko-birotehnicka-sb.skole.hr\/wp-content\/uploads\/sites\/790\/2023\/11\/Molba-za-izostanak-s-nastave.docx\">Molba-za-izostanak-s-nastave<\/a><a href=\"https:\/\/ss-ekonomsko-birotehnicka-sb.skole.hr\/wp-content\/uploads\/sites\/790\/2023\/11\/Molba-za-izostanak-s-nastave.docx\" class=\"wp-block-file__button wp-element-button\" download aria-describedby=\"wp-block-file--media-2c2e8c0e-9d80-441d-9545-b8dbaea445e7\">Preuzmi<\/a><\/div>\n<!-- \/wp:file -->","_et_gb_content_width":"","footnotes":""},"class_list":["post-293749","page","type-page","status-publish","hentry"],"_links":{"self":[{"href":"https:\/\/ss-ekonomsko-birotehnicka-sb.skole.hr\/index.php?rest_route=\/wp\/v2\/pages\/293749","targetHints":{"allow":["GET"]}}],"collection":[{"href":"https:\/\/ss-ekonomsko-birotehnicka-sb.skole.hr\/index.php?rest_route=\/wp\/v2\/pages"}],"about":[{"href":"https:\/\/ss-ekonomsko-birotehnicka-sb.skole.hr\/index.php?rest_route=\/wp\/v2\/types\/page"}],"author":[{"embeddable":true,"href":"https:\/\/ss-ekonomsko-birotehnicka-sb.skole.hr\/index.php?rest_route=\/wp\/v2\/users\/826"}],"replies":[{"embeddable":true,"href":"https:\/\/ss-ekonomsko-birotehnicka-sb.skole.hr\/index.php?rest_route=%2Fwp%2Fv2%2Fcomments&post=293749"}],"version-history":[{"count":17,"href":"https:\/\/ss-ekonomsko-birotehnicka-sb.skole.hr\/index.php?rest_route=\/wp\/v2\/pages\/293749\/revisions"}],"predecessor-version":[{"id":307662,"href":"https:\/\/ss-ekonomsko-birotehnicka-sb.skole.hr\/index.php?rest_route=\/wp\/v2\/pages\/293749\/revisions\/307662"}],"wp:attachment":[{"href":"https:\/\/ss-ekonomsko-birotehnicka-sb.skole.hr\/index.php?rest_route=%2Fwp%2Fv2%2Fmedia&parent=293749"}],"curies":[{"name":"wp","href":"https:\/\/api.w.org\/{rel}","templated":true}]}}