{"id":298617,"date":"2024-06-18T13:05:04","date_gmt":"2024-06-18T11:05:04","guid":{"rendered":"https:\/\/ss-ekonomsko-birotehnicka-sb.skole.hr\/?page_id=298617"},"modified":"2024-06-18T13:05:04","modified_gmt":"2024-06-18T11:05:04","slug":"ucenicki-servis","status":"publish","type":"page","link":"https:\/\/ss-ekonomsko-birotehnicka-sb.skole.hr\/?page_id=298617","title":{"rendered":"U\u010deni\u010dki servis"},"content":{"rendered":"<p>[et_pb_section fb_built=&#8221;1&#8243; theme_builder_area=&#8221;post_content&#8221; _builder_version=&#8221;4.25.0&#8243; _module_preset=&#8221;default&#8221;][et_pb_row _builder_version=&#8221;4.25.0&#8243; _module_preset=&#8221;default&#8221; theme_builder_area=&#8221;post_content&#8221;][et_pb_column _builder_version=&#8221;4.25.0&#8243; _module_preset=&#8221;default&#8221; type=&#8221;4_4&#8243; theme_builder_area=&#8221;post_content&#8221;][et_pb_text _builder_version=&#8221;4.25.0&#8243; _module_preset=&#8221;default&#8221; theme_builder_area=&#8221;post_content&#8221; hover_enabled=&#8221;0&#8243; sticky_enabled=&#8221;0&#8243;]<\/p>\n<p><span>Ekonomsko-birotehni\u010dka \u0161kola ima potpisan sporazum za poslove u\u010deni\u010dkog servisa s Tehni\u010dkom \u0161kolom Slavonski Brod.<\/span><\/p>\n<p><span>Tehni\u010dka \u0161kola kao posrednik pri zapo\u0161ljavanju obavlja <em>online<\/em> u\u010dlanjivanje i izdavanje ugovora za povremeni rad redovitih u\u010denika.<\/span><\/p>\n<p><span><span>Sve <\/span>detaljne upute mo\u017eete pron<\/span><span>a\u0107i na poveznici <\/span><a data-saferedirecturl=\"https:\/\/www.google.com\/url?q=http:\/\/tssb.hr\/ucenicki-servis\/&amp;source=gmail&amp;ust=1654508888690000&amp;usg=AOvVaw0Hio5ozh0J5F-Dcq9M3w-l\" href=\"http:\/\/tssb.hr\/ucenicki-servis\/\" rel=\"noopener noreferrer\" target=\"_blank\">http:\/\/tssb.hr\/ucenicki-servis\/<\/a><span>.<\/span><\/p>\n<p><span><\/span><\/p>\n<p>[\/et_pb_text][\/et_pb_column][\/et_pb_row][\/et_pb_section]<\/p>\n","protected":false},"excerpt":{"rendered":"<p>Ekonomsko-birotehni\u010dka \u0161kola ima potpisan sporazum za poslove u\u010deni\u010dkog servisa s Tehni\u010dkom \u0161kolom Slavonski Brod. Tehni\u010dka \u0161kola kao posrednik pri zapo\u0161ljavanju obavlja online u\u010dlanjivanje i izdavanje ugovora za povremeni rad redovitih u\u010denika. Sve detaljne upute mo\u017eete prona\u0107i na poveznici http:\/\/tssb.hr\/ucenicki-servis\/.<\/p>\n","protected":false},"author":826,"featured_media":0,"parent":74,"menu_order":0,"comment_status":"closed","ping_status":"closed","template":"","meta":{"_et_pb_use_builder":"on","_et_pb_old_content":"","_et_gb_content_width":"","footnotes":""},"class_list":["post-298617","page","type-page","status-publish","hentry"],"_links":{"self":[{"href":"https:\/\/ss-ekonomsko-birotehnicka-sb.skole.hr\/index.php?rest_route=\/wp\/v2\/pages\/298617","targetHints":{"allow":["GET"]}}],"collection":[{"href":"https:\/\/ss-ekonomsko-birotehnicka-sb.skole.hr\/index.php?rest_route=\/wp\/v2\/pages"}],"about":[{"href":"https:\/\/ss-ekonomsko-birotehnicka-sb.skole.hr\/index.php?rest_route=\/wp\/v2\/types\/page"}],"author":[{"embeddable":true,"href":"https:\/\/ss-ekonomsko-birotehnicka-sb.skole.hr\/index.php?rest_route=\/wp\/v2\/users\/826"}],"replies":[{"embeddable":true,"href":"https:\/\/ss-ekonomsko-birotehnicka-sb.skole.hr\/index.php?rest_route=%2Fwp%2Fv2%2Fcomments&post=298617"}],"version-history":[{"count":2,"href":"https:\/\/ss-ekonomsko-birotehnicka-sb.skole.hr\/index.php?rest_route=\/wp\/v2\/pages\/298617\/revisions"}],"predecessor-version":[{"id":298626,"href":"https:\/\/ss-ekonomsko-birotehnicka-sb.skole.hr\/index.php?rest_route=\/wp\/v2\/pages\/298617\/revisions\/298626"}],"up":[{"embeddable":true,"href":"https:\/\/ss-ekonomsko-birotehnicka-sb.skole.hr\/index.php?rest_route=\/wp\/v2\/pages\/74"}],"wp:attachment":[{"href":"https:\/\/ss-ekonomsko-birotehnicka-sb.skole.hr\/index.php?rest_route=%2Fwp%2Fv2%2Fmedia&parent=298617"}],"curies":[{"name":"wp","href":"https:\/\/api.w.org\/{rel}","templated":true}]}}