{"id":353,"date":"2023-07-28T22:43:13","date_gmt":"2023-07-28T20:43:13","guid":{"rendered":"https:\/\/ss-ekonomsko-birotehnicka-sb.skole.hr\/?page_id=353"},"modified":"2025-07-10T13:00:55","modified_gmt":"2025-07-10T11:00:55","slug":"udzbenici","status":"publish","type":"page","link":"https:\/\/ss-ekonomsko-birotehnicka-sb.skole.hr\/?page_id=353","title":{"rendered":"Ud\u017ebenici"},"content":{"rendered":"\n<p><strong>\u0160kolska godina 2025.\/26.<\/strong><\/p>\n\n\n\n<p>1, razredi:<\/p>\n\n\n\n<div class=\"wp-block-file\"><a id=\"wp-block-file--media-5f1be9df-0894-4ba2-9228-1b5b83c70edb\" href=\"https:\/\/ss-ekonomsko-birotehnicka-sb.skole.hr\/wp-content\/uploads\/sites\/790\/2025\/07\/Popis-udzbenika-za-4.1-trogodisnji-strukovni-kurikul.pdf\">Popis ud\u017ebenika za 4.1 &#8211; trogodi\u0161nji strukovni kurikul<\/a><a href=\"https:\/\/ss-ekonomsko-birotehnicka-sb.skole.hr\/wp-content\/uploads\/sites\/790\/2025\/07\/Popis-udzbenika-za-4.1-trogodisnji-strukovni-kurikul.pdf\" class=\"wp-block-file__button wp-element-button\" download aria-describedby=\"wp-block-file--media-5f1be9df-0894-4ba2-9228-1b5b83c70edb\">Preuzmi<\/a><\/div>\n\n\n\n<div class=\"wp-block-file\"><a id=\"wp-block-file--media-2ba1577e-0562-4570-b2ea-10c612898b2e\" href=\"https:\/\/ss-ekonomsko-birotehnicka-sb.skole.hr\/wp-content\/uploads\/sites\/790\/2025\/07\/Popis-udzbenika-za-4.2-cetverogodisnji-strukovni-kurikul.pdf\">Popis ud\u017ebenika za 4.2 &#8211; \u010detverogodi\u0161nji strukovni kurikul<\/a><a href=\"https:\/\/ss-ekonomsko-birotehnicka-sb.skole.hr\/wp-content\/uploads\/sites\/790\/2025\/07\/Popis-udzbenika-za-4.2-cetverogodisnji-strukovni-kurikul.pdf\" class=\"wp-block-file__button wp-element-button\" download aria-describedby=\"wp-block-file--media-2ba1577e-0562-4570-b2ea-10c612898b2e\">Preuzmi<\/a><\/div>\n\n\n\n<div class=\"wp-block-file\"><a id=\"wp-block-file--media-003aa424-b796-4ef2-bd88-805cc03af48c\" href=\"https:\/\/ss-ekonomsko-birotehnicka-sb.skole.hr\/wp-content\/uploads\/sites\/790\/2025\/06\/2.-razredi-25-26.pdf\"><strong>2. razredi 25-26<\/strong><\/a><a href=\"https:\/\/ss-ekonomsko-birotehnicka-sb.skole.hr\/wp-content\/uploads\/sites\/790\/2025\/06\/2.-razredi-25-26.pdf\" class=\"wp-block-file__button wp-element-button\" download aria-describedby=\"wp-block-file--media-003aa424-b796-4ef2-bd88-805cc03af48c\">Preuzmi<\/a><\/div>\n\n\n\n<div class=\"wp-block-file\"><a id=\"wp-block-file--media-f2d09a69-db5c-4903-af7f-e10c6880cfa4\" href=\"https:\/\/ss-ekonomsko-birotehnicka-sb.skole.hr\/wp-content\/uploads\/sites\/790\/2025\/06\/3.-razredi-25.-26.pdf\">3. razredi 25.-26.<\/a><a href=\"https:\/\/ss-ekonomsko-birotehnicka-sb.skole.hr\/wp-content\/uploads\/sites\/790\/2025\/06\/3.-razredi-25.-26.pdf\" class=\"wp-block-file__button wp-element-button\" download aria-describedby=\"wp-block-file--media-f2d09a69-db5c-4903-af7f-e10c6880cfa4\">Preuzmi<\/a><\/div>\n\n\n\n<div class=\"wp-block-file\"><a id=\"wp-block-file--media-37a1f58d-00ee-4680-a45c-673dfc8f4aff\" href=\"https:\/\/ss-ekonomsko-birotehnicka-sb.skole.hr\/wp-content\/uploads\/sites\/790\/2025\/06\/4.-razredi-25-26.pdf\"><strong>4. razredi 25-26<\/strong><\/a><a href=\"https:\/\/ss-ekonomsko-birotehnicka-sb.skole.hr\/wp-content\/uploads\/sites\/790\/2025\/06\/4.-razredi-25-26.pdf\" class=\"wp-block-file__button wp-element-button\" download aria-describedby=\"wp-block-file--media-37a1f58d-00ee-4680-a45c-673dfc8f4aff\">Preuzmi<\/a><\/div>\n\n\n\n<p><strong>\u0160kolska godina 2024.\/25.<\/strong><\/p>\n\n\n\n<div class=\"wp-block-file\"><a id=\"wp-block-file--media-f977c539-0160-400f-8600-301d76e35c3e\" href=\"https:\/\/ss-ekonomsko-birotehnicka-sb.skole.hr\/wp-content\/uploads\/sites\/790\/2024\/06\/1.-razredi-2.pdf\"><strong>1. razredi<\/strong><\/a><a href=\"https:\/\/ss-ekonomsko-birotehnicka-sb.skole.hr\/wp-content\/uploads\/sites\/790\/2024\/06\/1.-razredi-2.pdf\" class=\"wp-block-file__button wp-element-button\" download aria-describedby=\"wp-block-file--media-f977c539-0160-400f-8600-301d76e35c3e\">Preuzmi<\/a><\/div>\n\n\n\n<div class=\"wp-block-file\"><a id=\"wp-block-file--media-c28e38bb-9e74-42b9-8fe3-c642c6f6871a\" href=\"https:\/\/ss-ekonomsko-birotehnicka-sb.skole.hr\/wp-content\/uploads\/sites\/790\/2024\/06\/2.-razredi.pdf\"><strong>2. razredi<\/strong><\/a><a href=\"https:\/\/ss-ekonomsko-birotehnicka-sb.skole.hr\/wp-content\/uploads\/sites\/790\/2024\/06\/2.-razredi.pdf\" class=\"wp-block-file__button wp-element-button\" download aria-describedby=\"wp-block-file--media-c28e38bb-9e74-42b9-8fe3-c642c6f6871a\">Preuzmi<\/a><\/div>\n\n\n\n<div class=\"wp-block-file\"><a id=\"wp-block-file--media-2c9a41a4-88a0-4332-9e19-7d030de4f638\" href=\"https:\/\/ss-ekonomsko-birotehnicka-sb.skole.hr\/wp-content\/uploads\/sites\/790\/2024\/06\/3.-razredi.pdf\"><strong>3. razredi<\/strong><\/a><a href=\"https:\/\/ss-ekonomsko-birotehnicka-sb.skole.hr\/wp-content\/uploads\/sites\/790\/2024\/06\/3.-razredi.pdf\" class=\"wp-block-file__button wp-element-button\" download aria-describedby=\"wp-block-file--media-2c9a41a4-88a0-4332-9e19-7d030de4f638\">Preuzmi<\/a><\/div>\n\n\n\n<div class=\"wp-block-file\"><a id=\"wp-block-file--media-b12e387c-a3ca-45a0-9c49-66fac2d60974\" href=\"https:\/\/ss-ekonomsko-birotehnicka-sb.skole.hr\/wp-content\/uploads\/sites\/790\/2024\/06\/4.-razredi.pdf\"><strong>4. razredi<\/strong><\/a><a href=\"https:\/\/ss-ekonomsko-birotehnicka-sb.skole.hr\/wp-content\/uploads\/sites\/790\/2024\/06\/4.-razredi.pdf\" class=\"wp-block-file__button wp-element-button\" download aria-describedby=\"wp-block-file--media-b12e387c-a3ca-45a0-9c49-66fac2d60974\">Preuzmi<\/a><\/div>\n\n\n\n<div class=\"wp-block-file\"><a id=\"wp-block-file--media-69b0e456-b075-4732-bba1-95beeaa8867b\" href=\"https:\/\/ss-ekonomsko-birotehnicka-sb.skole.hr\/wp-content\/uploads\/sites\/790\/2024\/06\/Odluka-o-odabiru-udzbenika-za-sk.-god.-2024.-25.pdf\"><strong>Odluka o odabiru udzbenika za sk. god. 2024.-25<\/strong><\/a><a href=\"https:\/\/ss-ekonomsko-birotehnicka-sb.skole.hr\/wp-content\/uploads\/sites\/790\/2024\/06\/Odluka-o-odabiru-udzbenika-za-sk.-god.-2024.-25.pdf\" class=\"wp-block-file__button wp-element-button\" download aria-describedby=\"wp-block-file--media-69b0e456-b075-4732-bba1-95beeaa8867b\">Preuzmi<\/a><\/div>\n\n\n\n<p><strong>\u0160kolska godina 2023.\/24.<\/strong><\/p>\n\n\n\n<p><strong><a href=\"https:\/\/ss-ekonomsko-birotehnicka-sb.skole.hr\/wp-content\/uploads\/sites\/790\/2023\/10\/1.-razredi-23-24.pdf\">1. razredi 23-24<\/a><\/strong><\/p>\n\n\n\n<p><strong><a href=\"https:\/\/ss-ekonomsko-birotehnicka-sb.skole.hr\/wp-content\/uploads\/sites\/790\/2023\/10\/2.-razredi-23-24.pdf\">2. razredi 23-24<\/a><\/strong><\/p>\n\n\n\n<p><strong><a href=\"https:\/\/ss-ekonomsko-birotehnicka-sb.skole.hr\/wp-content\/uploads\/sites\/790\/2023\/10\/3.-razredi-23-24-.pdf\">3. razredi 23-24-<\/a><\/strong><\/p>\n\n\n\n<p><strong><a href=\"https:\/\/ss-ekonomsko-birotehnicka-sb.skole.hr\/wp-content\/uploads\/sites\/790\/2023\/10\/4.-razredi-23-24.pdf\">4. razredi 23-24<\/a><\/strong><\/p>\n\n\n\n<figure class=\"wp-block-image size-full is-resized\"><img decoding=\"async\" width=\"640\" height=\"464\" src=\"https:\/\/ss-ekonomsko-birotehnicka-sb.skole.hr\/wp-content\/uploads\/sites\/790\/2023\/10\/childrens-books-1246675_640.jpg\" alt=\"\" class=\"wp-image-293452\" style=\"aspect-ratio:1.3793103448275863;width:333px;height:auto\" srcset=\"https:\/\/ss-ekonomsko-birotehnicka-sb.skole.hr\/wp-content\/uploads\/sites\/790\/2023\/10\/childrens-books-1246675_640.jpg 640w, https:\/\/ss-ekonomsko-birotehnicka-sb.skole.hr\/wp-content\/uploads\/sites\/790\/2023\/10\/childrens-books-1246675_640-480x348.jpg 480w\" sizes=\"(min-width: 0px) and (max-width: 480px) 480px, (min-width: 481px) 640px, 100vw\" \/><\/figure>\n","protected":false},"excerpt":{"rendered":"<p>\u0160kolska godina 2025.\/26. 1, razredi: \u0160kolska godina 2024.\/25. \u0160kolska godina 2023.\/24. 1. razredi 23-24 2. razredi 23-24 3. razredi 23-24- 4. razredi 23-24<\/p>\n","protected":false},"author":826,"featured_media":0,"parent":0,"menu_order":0,"comment_status":"closed","ping_status":"closed","template":"","meta":{"_et_pb_use_builder":"off","_et_pb_old_content":"<!-- wp:paragraph -->\n<p><strong>\u0160kolska godina 2024.\/25.<\/strong><\/p>\n<!-- \/wp:paragraph -->\n\n<!-- wp:file {\"id\":298641,\"href\":\"https:\/\/ss-ekonomsko-birotehnicka-sb.skole.hr\/wp-content\/uploads\/sites\/790\/2024\/06\/1.-razredi-2.pdf\",\"displayPreview\":false} -->\n<div class=\"wp-block-file\"><a id=\"wp-block-file--media-f977c539-0160-400f-8600-301d76e35c3e\" href=\"https:\/\/ss-ekonomsko-birotehnicka-sb.skole.hr\/wp-content\/uploads\/sites\/790\/2024\/06\/1.-razredi-2.pdf\"><strong>1. razredi<\/strong><\/a><a href=\"https:\/\/ss-ekonomsko-birotehnicka-sb.skole.hr\/wp-content\/uploads\/sites\/790\/2024\/06\/1.-razredi-2.pdf\" class=\"wp-block-file__button wp-element-button\" download aria-describedby=\"wp-block-file--media-f977c539-0160-400f-8600-301d76e35c3e\">Preuzmi<\/a><\/div>\n<!-- \/wp:file -->\n\n<!-- wp:file {\"id\":298644,\"href\":\"https:\/\/ss-ekonomsko-birotehnicka-sb.skole.hr\/wp-content\/uploads\/sites\/790\/2024\/06\/2.-razredi.pdf\",\"displayPreview\":false} -->\n<div class=\"wp-block-file\"><a id=\"wp-block-file--media-c28e38bb-9e74-42b9-8fe3-c642c6f6871a\" href=\"https:\/\/ss-ekonomsko-birotehnicka-sb.skole.hr\/wp-content\/uploads\/sites\/790\/2024\/06\/2.-razredi.pdf\"><strong>2. razredi<\/strong><\/a><a href=\"https:\/\/ss-ekonomsko-birotehnicka-sb.skole.hr\/wp-content\/uploads\/sites\/790\/2024\/06\/2.-razredi.pdf\" class=\"wp-block-file__button wp-element-button\" download aria-describedby=\"wp-block-file--media-c28e38bb-9e74-42b9-8fe3-c642c6f6871a\">Preuzmi<\/a><\/div>\n<!-- \/wp:file -->\n\n<!-- wp:file {\"id\":298677,\"href\":\"https:\/\/ss-ekonomsko-birotehnicka-sb.skole.hr\/wp-content\/uploads\/sites\/790\/2024\/06\/3.-razredi-1.pdf\",\"displayPreview\":false} -->\n<div class=\"wp-block-file\"><a id=\"wp-block-file--media-d4bc67e5-7506-4f40-aee6-77aae6da205c\" href=\"https:\/\/ss-ekonomsko-birotehnicka-sb.skole.hr\/wp-content\/uploads\/sites\/790\/2024\/06\/3.-razredi-1.pdf\">3.-razredi<\/a><a href=\"https:\/\/ss-ekonomsko-birotehnicka-sb.skole.hr\/wp-content\/uploads\/sites\/790\/2024\/06\/3.-razredi-1.pdf\" class=\"wp-block-file__button wp-element-button\" download aria-describedby=\"wp-block-file--media-d4bc67e5-7506-4f40-aee6-77aae6da205c\">Preuzmi<\/a><\/div>\n<!-- \/wp:file -->\n\n<!-- wp:file {\"id\":298650,\"href\":\"https:\/\/ss-ekonomsko-birotehnicka-sb.skole.hr\/wp-content\/uploads\/sites\/790\/2024\/06\/4.-razredi.pdf\",\"displayPreview\":false} -->\n<div class=\"wp-block-file\"><a id=\"wp-block-file--media-b12e387c-a3ca-45a0-9c49-66fac2d60974\" href=\"https:\/\/ss-ekonomsko-birotehnicka-sb.skole.hr\/wp-content\/uploads\/sites\/790\/2024\/06\/4.-razredi.pdf\"><strong>4. razredi<\/strong><\/a><a href=\"https:\/\/ss-ekonomsko-birotehnicka-sb.skole.hr\/wp-content\/uploads\/sites\/790\/2024\/06\/4.-razredi.pdf\" class=\"wp-block-file__button wp-element-button\" download aria-describedby=\"wp-block-file--media-b12e387c-a3ca-45a0-9c49-66fac2d60974\">Preuzmi<\/a><\/div>\n<!-- \/wp:file -->\n\n<!-- wp:file {\"id\":298653,\"href\":\"https:\/\/ss-ekonomsko-birotehnicka-sb.skole.hr\/wp-content\/uploads\/sites\/790\/2024\/06\/Odluka-o-odabiru-udzbenika-za-sk.-god.-2024.-25.pdf\",\"displayPreview\":false} -->\n<div class=\"wp-block-file\"><a id=\"wp-block-file--media-69b0e456-b075-4732-bba1-95beeaa8867b\" href=\"https:\/\/ss-ekonomsko-birotehnicka-sb.skole.hr\/wp-content\/uploads\/sites\/790\/2024\/06\/Odluka-o-odabiru-udzbenika-za-sk.-god.-2024.-25.pdf\"><strong>Odluka o odabiru udzbenika za sk. god. 2024.-25<\/strong><\/a><a href=\"https:\/\/ss-ekonomsko-birotehnicka-sb.skole.hr\/wp-content\/uploads\/sites\/790\/2024\/06\/Odluka-o-odabiru-udzbenika-za-sk.-god.-2024.-25.pdf\" class=\"wp-block-file__button wp-element-button\" download aria-describedby=\"wp-block-file--media-69b0e456-b075-4732-bba1-95beeaa8867b\">Preuzmi<\/a><\/div>\n<!-- \/wp:file -->\n\n<!-- wp:paragraph -->\n<p><strong>\u0160kolska godina 2023.\/24.<\/strong><\/p>\n<!-- \/wp:paragraph -->\n\n<!-- wp:paragraph -->\n<p><strong><a href=\"https:\/\/ss-ekonomsko-birotehnicka-sb.skole.hr\/wp-content\/uploads\/sites\/790\/2023\/10\/1.-razredi-23-24.pdf\">1. razredi 23-24<\/a><\/strong><\/p>\n<!-- \/wp:paragraph -->\n\n<!-- wp:paragraph -->\n<p><strong><a href=\"https:\/\/ss-ekonomsko-birotehnicka-sb.skole.hr\/wp-content\/uploads\/sites\/790\/2023\/10\/2.-razredi-23-24.pdf\">2. razredi 23-24<\/a><\/strong><\/p>\n<!-- \/wp:paragraph -->\n\n<!-- wp:paragraph -->\n<p><strong><a href=\"https:\/\/ss-ekonomsko-birotehnicka-sb.skole.hr\/wp-content\/uploads\/sites\/790\/2023\/10\/3.-razredi-23-24-.pdf\">3. razredi 23-24-<\/a><\/strong><\/p>\n<!-- \/wp:paragraph -->\n\n<!-- wp:paragraph -->\n<p><strong><a href=\"https:\/\/ss-ekonomsko-birotehnicka-sb.skole.hr\/wp-content\/uploads\/sites\/790\/2023\/10\/4.-razredi-23-24.pdf\">4. razredi 23-24<\/a><\/strong><\/p>\n<!-- \/wp:paragraph -->\n\n<!-- wp:image {\"id\":293452,\"width\":\"333px\",\"height\":\"auto\",\"aspectRatio\":\"1.3793103448275863\",\"sizeSlug\":\"full\",\"linkDestination\":\"none\"} -->\n<figure class=\"wp-block-image size-full is-resized\"><img src=\"https:\/\/ss-ekonomsko-birotehnicka-sb.skole.hr\/wp-content\/uploads\/sites\/790\/2023\/10\/childrens-books-1246675_640.jpg\" alt=\"\" class=\"wp-image-293452\" style=\"aspect-ratio:1.3793103448275863;width:333px;height:auto\" \/><\/figure>\n<!-- \/wp:image -->","_et_gb_content_width":"","footnotes":""},"class_list":["post-353","page","type-page","status-publish","hentry"],"_links":{"self":[{"href":"https:\/\/ss-ekonomsko-birotehnicka-sb.skole.hr\/index.php?rest_route=\/wp\/v2\/pages\/353","targetHints":{"allow":["GET"]}}],"collection":[{"href":"https:\/\/ss-ekonomsko-birotehnicka-sb.skole.hr\/index.php?rest_route=\/wp\/v2\/pages"}],"about":[{"href":"https:\/\/ss-ekonomsko-birotehnicka-sb.skole.hr\/index.php?rest_route=\/wp\/v2\/types\/page"}],"author":[{"embeddable":true,"href":"https:\/\/ss-ekonomsko-birotehnicka-sb.skole.hr\/index.php?rest_route=\/wp\/v2\/users\/826"}],"replies":[{"embeddable":true,"href":"https:\/\/ss-ekonomsko-birotehnicka-sb.skole.hr\/index.php?rest_route=%2Fwp%2Fv2%2Fcomments&post=353"}],"version-history":[{"count":13,"href":"https:\/\/ss-ekonomsko-birotehnicka-sb.skole.hr\/index.php?rest_route=\/wp\/v2\/pages\/353\/revisions"}],"predecessor-version":[{"id":304801,"href":"https:\/\/ss-ekonomsko-birotehnicka-sb.skole.hr\/index.php?rest_route=\/wp\/v2\/pages\/353\/revisions\/304801"}],"wp:attachment":[{"href":"https:\/\/ss-ekonomsko-birotehnicka-sb.skole.hr\/index.php?rest_route=%2Fwp%2Fv2%2Fmedia&parent=353"}],"curies":[{"name":"wp","href":"https:\/\/api.w.org\/{rel}","templated":true}]}}