{"id":44,"date":"2023-07-28T22:04:39","date_gmt":"2023-07-28T20:04:39","guid":{"rendered":"https:\/\/ss-ekonomsko-birotehnicka-sb.skole.hr\/?page_id=44"},"modified":"2025-04-08T13:54:14","modified_gmt":"2025-04-08T11:54:14","slug":"nastavak-obrazovanja","status":"publish","type":"page","link":"https:\/\/ss-ekonomsko-birotehnicka-sb.skole.hr\/?page_id=44","title":{"rendered":"Nastavak obrazovanja"},"content":{"rendered":"\n<p><strong>Poziv u\u010denicima koji \u017eele nastaviti obrazovanje za vi\u0161u razinu kvalifikacije u statusu redovitog u\u010denika.<\/strong><\/p>\n\n\n\n<div class=\"wp-block-file\"><a id=\"wp-block-file--media-7ac122d0-f2ab-4b68-a121-24812f2e74af\" href=\"https:\/\/ss-ekonomsko-birotehnicka-sb.skole.hr\/wp-content\/uploads\/sites\/790\/2024\/06\/Nastavak-obrazovanja.pdf\">Nastavak-obrazovanja<\/a><a href=\"https:\/\/ss-ekonomsko-birotehnicka-sb.skole.hr\/wp-content\/uploads\/sites\/790\/2024\/06\/Nastavak-obrazovanja.pdf\" class=\"wp-block-file__button wp-element-button\" download aria-describedby=\"wp-block-file--media-7ac122d0-f2ab-4b68-a121-24812f2e74af\">Preuzmi<\/a><\/div>\n\n\n\n<p><strong>Rok prijave je do 5. srpnja 2024.<\/strong><\/p>\n\n\n\n<p>Zahtjev za nastavak obrazovanja<\/p>\n\n\n\n<div class=\"wp-block-file\"><a id=\"wp-block-file--media-09f9c7b9-1dfa-478b-b3b8-ae9bd64d45f2\" href=\"https:\/\/ss-ekonomsko-birotehnicka-sb.skole.hr\/wp-content\/uploads\/sites\/790\/2024\/06\/Zahtjev-za-nastavak-obrazovanja.docx\">Zahtjev-za-nastavak-obrazovanja<\/a><a href=\"https:\/\/ss-ekonomsko-birotehnicka-sb.skole.hr\/wp-content\/uploads\/sites\/790\/2024\/06\/Zahtjev-za-nastavak-obrazovanja.docx\" class=\"wp-block-file__button wp-element-button\" download aria-describedby=\"wp-block-file--media-09f9c7b9-1dfa-478b-b3b8-ae9bd64d45f2\">Preuzmi<\/a><\/div>\n\n\n\n<p><\/p>\n\n\n\n<p><strong>Raspored konzultacija (\u0161k.god. 2024.\/25.):<\/strong><\/p>\n\n\n\n<div data-wp-interactive=\"core\/file\" class=\"wp-block-file\"><object data-wp-bind--hidden=\"!state.hasPdfPreview\" hidden class=\"wp-block-file__embed\" data=\"https:\/\/ss-ekonomsko-birotehnicka-sb.skole.hr\/wp-content\/uploads\/sites\/790\/2025\/04\/Raspored-konzultacija-3.-razred.pdf\" type=\"application\/pdf\" style=\"width:100%;height:600px\" aria-label=\"Ugra\u0111eno Raspored-konzultacija-3.-razred.\"><\/object><a id=\"wp-block-file--media-866f2ae7-3906-452a-9162-56ff6a5d1859\" href=\"https:\/\/ss-ekonomsko-birotehnicka-sb.skole.hr\/wp-content\/uploads\/sites\/790\/2025\/04\/Raspored-konzultacija-3.-razred.pdf\">Raspored-konzultacija-3.-razred<\/a><a href=\"https:\/\/ss-ekonomsko-birotehnicka-sb.skole.hr\/wp-content\/uploads\/sites\/790\/2025\/04\/Raspored-konzultacija-3.-razred.pdf\" class=\"wp-block-file__button wp-element-button\" download aria-describedby=\"wp-block-file--media-866f2ae7-3906-452a-9162-56ff6a5d1859\">Preuzmi<\/a><\/div>\n\n\n\n<div class=\"wp-block-file\"><a id=\"wp-block-file--media-94699ddd-305d-4c86-8b58-0575d65944b7\" href=\"https:\/\/ss-ekonomsko-birotehnicka-sb.skole.hr\/wp-content\/uploads\/sites\/790\/2024\/09\/Raspored-konzultacija-Nastavak-obrazovanja.pdf\">Raspored-konzultacija-Nastavak-obrazovanja<\/a><a href=\"https:\/\/ss-ekonomsko-birotehnicka-sb.skole.hr\/wp-content\/uploads\/sites\/790\/2024\/09\/Raspored-konzultacija-Nastavak-obrazovanja.pdf\" class=\"wp-block-file__button wp-element-button\" download aria-describedby=\"wp-block-file--media-94699ddd-305d-4c86-8b58-0575d65944b7\">Preuzmi<\/a><\/div>\n","protected":false},"excerpt":{"rendered":"<p>Poziv u\u010denicima koji \u017eele nastaviti obrazovanje za vi\u0161u razinu kvalifikacije u statusu redovitog u\u010denika. Rok prijave je do 5. srpnja 2024. Zahtjev za nastavak obrazovanja Raspored konzultacija (\u0161k.god. 2024.\/25.):<\/p>\n","protected":false},"author":826,"featured_media":0,"parent":0,"menu_order":0,"comment_status":"closed","ping_status":"closed","template":"","meta":{"_et_pb_use_builder":"off","_et_pb_old_content":"<!-- wp:paragraph -->\n<p><strong>Poziv u\u010denicima koji \u017eele nastaviti obrazovanje za vi\u0161u razinu kvalifikacije u statusu redovitog u\u010denika.<\/strong><\/p>\n<!-- \/wp:paragraph -->\n\n<!-- wp:file {\"id\":298419,\"href\":\"https:\/\/ss-ekonomsko-birotehnicka-sb.skole.hr\/wp-content\/uploads\/sites\/790\/2024\/06\/Nastavak-obrazovanja.pdf\",\"displayPreview\":false} -->\n<div class=\"wp-block-file\"><a id=\"wp-block-file--media-7ac122d0-f2ab-4b68-a121-24812f2e74af\" href=\"https:\/\/ss-ekonomsko-birotehnicka-sb.skole.hr\/wp-content\/uploads\/sites\/790\/2024\/06\/Nastavak-obrazovanja.pdf\">Nastavak-obrazovanja<\/a><a href=\"https:\/\/ss-ekonomsko-birotehnicka-sb.skole.hr\/wp-content\/uploads\/sites\/790\/2024\/06\/Nastavak-obrazovanja.pdf\" class=\"wp-block-file__button wp-element-button\" download aria-describedby=\"wp-block-file--media-7ac122d0-f2ab-4b68-a121-24812f2e74af\">Preuzmi<\/a><\/div>\n<!-- \/wp:file -->\n\n<!-- wp:paragraph -->\n<p><strong>Rok prijave je do 5. srpnja 2024.<\/strong><\/p>\n<!-- \/wp:paragraph -->\n\n<!-- wp:paragraph -->\n<p>Zahtjev za nastavak obrazovanja<\/p>\n<!-- \/wp:paragraph -->\n\n<!-- wp:file {\"id\":298422,\"href\":\"https:\/\/ss-ekonomsko-birotehnicka-sb.skole.hr\/wp-content\/uploads\/sites\/790\/2024\/06\/Zahtjev-za-nastavak-obrazovanja.docx\"} -->\n<div class=\"wp-block-file\"><a id=\"wp-block-file--media-09f9c7b9-1dfa-478b-b3b8-ae9bd64d45f2\" href=\"https:\/\/ss-ekonomsko-birotehnicka-sb.skole.hr\/wp-content\/uploads\/sites\/790\/2024\/06\/Zahtjev-za-nastavak-obrazovanja.docx\">Zahtjev-za-nastavak-obrazovanja<\/a><a href=\"https:\/\/ss-ekonomsko-birotehnicka-sb.skole.hr\/wp-content\/uploads\/sites\/790\/2024\/06\/Zahtjev-za-nastavak-obrazovanja.docx\" class=\"wp-block-file__button wp-element-button\" download aria-describedby=\"wp-block-file--media-09f9c7b9-1dfa-478b-b3b8-ae9bd64d45f2\">Preuzmi<\/a><\/div>\n<!-- \/wp:file -->\n\n<!-- wp:paragraph -->\n<p><\/p>\n<!-- \/wp:paragraph -->\n\n<!-- wp:paragraph -->\n<p>Raspored konzultacija:<\/p>\n<!-- \/wp:paragraph -->\n\n<!-- wp:file {\"id\":295189,\"href\":\"https:\/\/ss-ekonomsko-birotehnicka-sb.skole.hr\/wp-content\/uploads\/sites\/790\/2023\/11\/Raspored-konzultacija-2.-razred-pdf.pdf\",\"displayPreview\":false} -->\n<div class=\"wp-block-file\"><a id=\"wp-block-file--media-8469d8c7-a6a9-46cc-ab58-ca559d0c7d9b\" href=\"https:\/\/ss-ekonomsko-birotehnicka-sb.skole.hr\/wp-content\/uploads\/sites\/790\/2023\/11\/Raspored-konzultacija-2.-razred-pdf.pdf\">Raspored-konzultacija-2.-razred-pdf<\/a><a href=\"https:\/\/ss-ekonomsko-birotehnicka-sb.skole.hr\/wp-content\/uploads\/sites\/790\/2023\/11\/Raspored-konzultacija-2.-razred-pdf.pdf\" class=\"wp-block-file__button wp-element-button\" download aria-describedby=\"wp-block-file--media-8469d8c7-a6a9-46cc-ab58-ca559d0c7d9b\">Preuzmi<\/a><\/div>\n<!-- \/wp:file -->\n\n<!-- wp:file {\"id\":297165,\"href\":\"https:\/\/ss-ekonomsko-birotehnicka-sb.skole.hr\/wp-content\/uploads\/sites\/790\/2024\/04\/Nastavak-obrazovanja-raspored-konzultacija-3.-razred.pdf\",\"displayPreview\":false} -->\n<div class=\"wp-block-file\"><a id=\"wp-block-file--media-da795fe8-f4fa-4223-81d6-3cfdd461c2cf\" href=\"https:\/\/ss-ekonomsko-birotehnicka-sb.skole.hr\/wp-content\/uploads\/sites\/790\/2024\/04\/Nastavak-obrazovanja-raspored-konzultacija-3.-razred.pdf\">Nastavak-obrazovanja-raspored-konzultacija-3.-razred<\/a><a href=\"https:\/\/ss-ekonomsko-birotehnicka-sb.skole.hr\/wp-content\/uploads\/sites\/790\/2024\/04\/Nastavak-obrazovanja-raspored-konzultacija-3.-razred.pdf\" class=\"wp-block-file__button wp-element-button\" download aria-describedby=\"wp-block-file--media-da795fe8-f4fa-4223-81d6-3cfdd461c2cf\">Preuzmi<\/a><\/div>\n<!-- \/wp:file -->","_et_gb_content_width":"","footnotes":""},"class_list":["post-44","page","type-page","status-publish","hentry"],"_links":{"self":[{"href":"https:\/\/ss-ekonomsko-birotehnicka-sb.skole.hr\/index.php?rest_route=\/wp\/v2\/pages\/44","targetHints":{"allow":["GET"]}}],"collection":[{"href":"https:\/\/ss-ekonomsko-birotehnicka-sb.skole.hr\/index.php?rest_route=\/wp\/v2\/pages"}],"about":[{"href":"https:\/\/ss-ekonomsko-birotehnicka-sb.skole.hr\/index.php?rest_route=\/wp\/v2\/types\/page"}],"author":[{"embeddable":true,"href":"https:\/\/ss-ekonomsko-birotehnicka-sb.skole.hr\/index.php?rest_route=\/wp\/v2\/users\/826"}],"replies":[{"embeddable":true,"href":"https:\/\/ss-ekonomsko-birotehnicka-sb.skole.hr\/index.php?rest_route=%2Fwp%2Fv2%2Fcomments&post=44"}],"version-history":[{"count":12,"href":"https:\/\/ss-ekonomsko-birotehnicka-sb.skole.hr\/index.php?rest_route=\/wp\/v2\/pages\/44\/revisions"}],"predecessor-version":[{"id":303153,"href":"https:\/\/ss-ekonomsko-birotehnicka-sb.skole.hr\/index.php?rest_route=\/wp\/v2\/pages\/44\/revisions\/303153"}],"wp:attachment":[{"href":"https:\/\/ss-ekonomsko-birotehnicka-sb.skole.hr\/index.php?rest_route=%2Fwp%2Fv2%2Fmedia&parent=44"}],"curies":[{"name":"wp","href":"https:\/\/api.w.org\/{rel}","templated":true}]}}