{"id":62,"date":"2023-07-28T22:06:38","date_gmt":"2023-07-28T20:06:38","guid":{"rendered":"https:\/\/ss-ekonomsko-birotehnicka-sb.skole.hr\/?page_id=62"},"modified":"2024-08-30T11:00:29","modified_gmt":"2024-08-30T09:00:29","slug":"knjiznica","status":"publish","type":"page","link":"https:\/\/ss-ekonomsko-birotehnicka-sb.skole.hr\/?page_id=62","title":{"rendered":"Knji\u017enica"},"content":{"rendered":"\n<p><strong>Radno vrijeme \u0161kolske knji\u017enice:<\/strong><\/p>\n\n\n\n<p>8:00 \u2013 14:00<\/p>\n\n\n\n<p><\/p>\n\n\n\n<p><strong>Mre\u017eni katalog knji\u017enice:&nbsp;<\/strong><a href=\"http:\/\/library.foi.hr\/lib\/index.php?B=158\"><strong>OVDJE<\/strong><\/a><\/p>\n\n\n\n<p>\u0160kolska knji\u017eni\u010darka: Marija Deankovi\u0107, dipl. knji\u017eni\u010darka i prof. hrvatskog jezika i knji\u017eevnosti<\/p>\n\n\n\n<p>\u0160kolska knji\u017enica pohranjuje, stru\u010dno obra\u0111uje i daje na kori\u0161tenje knji\u017ena (knjige, \u010dasopisi) i neknji\u017ena gra\u0111a (AV gra\u0111a).<\/p>\n\n\n\n<p>Korisnici mogu istovremeno posuditi najvi\u0161e 3 knjige na rok od tri tjedna.&nbsp;U slu\u010daju gubitka ili o\u0161te\u0107enja knjige, knjigu treba nadoknaditi istom knjigom ili drugom knjigom koja je potrebna knji\u017enici.<\/p>\n\n\n\n<p>Posu\u0111ene knjige mogu se zadr\u017eati za vrijeme zimskih i proljetnih praznika.&nbsp;Prije zavr\u0161etka nastavne godine obavezno je vratiti sve posu\u0111eno iz \u0161kolske knji\u017enice.<\/p>\n\n\n\n<p><strong>\u010clanska iskaznica<\/strong><\/p>\n\n\n\n<p>\u010clansku iskaznicu treba imati pri posu\u0111ivanju knjige jer to bez nje nije mogu\u0107e obaviti.<\/p>\n\n\n\n<p>U slu\u010daju gubitka treba odmah obavijestiti knji\u017enicu kako bi se izradila nova iskaznica.<\/p>\n\n\n\n<p>Ukoliko u\u010denik nije pro\u010ditao knjigu mo\u017ee produ\u017eiti rok posudbe, ali samo ako tu knjigu nije nitko tra\u017eio.<\/p>\n","protected":false},"excerpt":{"rendered":"<p>Radno vrijeme \u0161kolske knji\u017enice: 8:00 \u2013 14:00 Mre\u017eni katalog knji\u017enice:&nbsp;OVDJE \u0160kolska knji\u017eni\u010darka: Marija Deankovi\u0107, dipl. knji\u017eni\u010darka i prof. hrvatskog jezika i knji\u017eevnosti \u0160kolska knji\u017enica pohranjuje, stru\u010dno obra\u0111uje i daje na kori\u0161tenje knji\u017ena (knjige, \u010dasopisi) i neknji\u017ena gra\u0111a (AV gra\u0111a). Korisnici mogu istovremeno posuditi najvi\u0161e 3 knjige na rok od tri tjedna.&nbsp;U slu\u010daju gubitka ili o\u0161te\u0107enja [&hellip;]<\/p>\n","protected":false},"author":826,"featured_media":0,"parent":0,"menu_order":0,"comment_status":"closed","ping_status":"closed","template":"","meta":{"_et_pb_use_builder":"off","_et_pb_old_content":"<!-- wp:divi\/placeholder \/-->","_et_gb_content_width":"","footnotes":""},"class_list":["post-62","page","type-page","status-publish","hentry"],"_links":{"self":[{"href":"https:\/\/ss-ekonomsko-birotehnicka-sb.skole.hr\/index.php?rest_route=\/wp\/v2\/pages\/62","targetHints":{"allow":["GET"]}}],"collection":[{"href":"https:\/\/ss-ekonomsko-birotehnicka-sb.skole.hr\/index.php?rest_route=\/wp\/v2\/pages"}],"about":[{"href":"https:\/\/ss-ekonomsko-birotehnicka-sb.skole.hr\/index.php?rest_route=\/wp\/v2\/types\/page"}],"author":[{"embeddable":true,"href":"https:\/\/ss-ekonomsko-birotehnicka-sb.skole.hr\/index.php?rest_route=\/wp\/v2\/users\/826"}],"replies":[{"embeddable":true,"href":"https:\/\/ss-ekonomsko-birotehnicka-sb.skole.hr\/index.php?rest_route=%2Fwp%2Fv2%2Fcomments&post=62"}],"version-history":[{"count":3,"href":"https:\/\/ss-ekonomsko-birotehnicka-sb.skole.hr\/index.php?rest_route=\/wp\/v2\/pages\/62\/revisions"}],"predecessor-version":[{"id":298914,"href":"https:\/\/ss-ekonomsko-birotehnicka-sb.skole.hr\/index.php?rest_route=\/wp\/v2\/pages\/62\/revisions\/298914"}],"wp:attachment":[{"href":"https:\/\/ss-ekonomsko-birotehnicka-sb.skole.hr\/index.php?rest_route=%2Fwp%2Fv2%2Fmedia&parent=62"}],"curies":[{"name":"wp","href":"https:\/\/api.w.org\/{rel}","templated":true}]}}