{"id":68,"date":"2023-07-28T22:06:56","date_gmt":"2023-07-28T20:06:56","guid":{"rendered":"https:\/\/ss-ekonomsko-birotehnicka-sb.skole.hr\/?page_id=68"},"modified":"2025-06-27T10:51:16","modified_gmt":"2025-06-27T08:51:16","slug":"upis-u-1-razred","status":"publish","type":"page","link":"https:\/\/ss-ekonomsko-birotehnicka-sb.skole.hr\/?page_id=68","title":{"rendered":"Upis u 1. razred 2025.\/26."},"content":{"rendered":"\n<p><strong>\u0160kolska godina 2025.\/26.<\/strong><\/p>\n\n\n\n<p>Modularna nastava za 1. razrede srednje \u0161kole<\/p>\n\n\n\n<p><strong>Programski sektori<\/strong><\/p>\n\n\n\n<p><strong>Ekonomija i trgovina<\/strong><\/p>\n\n\n\n<p>Stru\u010dna kvalifikacija: Referent\/ica za poslovnu ekonomiju<\/p>\n\n\n\n<p>Trajanje obrazovanja: 4 godine<\/p>\n\n\n\n<p>Stru\u010dna kvalifikacija: Prodava\u010d<\/p>\n\n\n\n<p>Trajanje obrazovanja: 3 godine<\/p>\n\n\n\n<p><strong>Turizam i ugostiteljstvo<\/strong><\/p>\n\n\n\n<p>Stru\u010dna kvalifikacija: Turisti\u010dki tehni\u010dar destinacije \/ Turisti\u010dka tehni\u010darka destinacije<\/p>\n\n\n\n<p>Trajanje obrazovanja: 4 godine<\/p>\n\n\n\n<p><strong>Pravo, politologija, sociologija, dr\u017eavna uprava i javni poslovi<\/strong><\/p>\n\n\n\n<p>Stru\u010dna kvalifikacija: Upravno-poslovni referent \/ Upravno-poslovna referentica<\/p>\n\n\n\n<p>Trajanje obrazovanja: 4 godine<\/p>\n\n\n\n<div data-wp-interactive=\"core\/file\" class=\"wp-block-file\"><object data-wp-bind--hidden=\"!state.hasPdfPreview\" hidden class=\"wp-block-file__embed\" data=\"https:\/\/ss-ekonomsko-birotehnicka-sb.skole.hr\/wp-content\/uploads\/sites\/790\/2025\/06\/Brosura-EBS.pdf\" type=\"application\/pdf\" style=\"width:100%;height:600px\" aria-label=\"Ugra\u0111eno Bro\u0161ura EB\u0160.\"><\/object><a id=\"wp-block-file--media-2bca5cf2-bb75-4b9f-a48a-4fdc49325b6e\" href=\"https:\/\/ss-ekonomsko-birotehnicka-sb.skole.hr\/wp-content\/uploads\/sites\/790\/2025\/06\/Brosura-EBS.pdf\">Bro\u0161ura EB\u0160<\/a><a href=\"https:\/\/ss-ekonomsko-birotehnicka-sb.skole.hr\/wp-content\/uploads\/sites\/790\/2025\/06\/Brosura-EBS.pdf\" class=\"wp-block-file__button wp-element-button\" download aria-describedby=\"wp-block-file--media-2bca5cf2-bb75-4b9f-a48a-4fdc49325b6e\">Preuzmi<\/a><\/div>\n\n\n\n<p><strong>Nastavni planovi za u\u010denike od 2. do 4. razreda:<\/strong><\/p>\n\n\n\n<p><strong><a href=\"https:\/\/ss-ekonomsko-birotehnicka-sb.skole.hr\/wp-content\/uploads\/sites\/790\/2023\/10\/Ekonomist.pdf\">Ekonomist<\/a><\/strong><\/p>\n\n\n\n<p><strong><a href=\"https:\/\/ss-ekonomsko-birotehnicka-sb.skole.hr\/wp-content\/uploads\/sites\/790\/2023\/10\/Upravni_referent.pdf\">Upravni_referent<\/a><\/strong><\/p>\n\n\n\n<p><strong><a href=\"https:\/\/ss-ekonomsko-birotehnicka-sb.skole.hr\/wp-content\/uploads\/sites\/790\/2023\/10\/Poslovni_tajnik.pdf\">Poslovni_tajnik<\/a><\/strong><\/p>\n\n\n\n<p><strong><a href=\"https:\/\/ss-ekonomsko-birotehnicka-sb.skole.hr\/wp-content\/uploads\/sites\/790\/2023\/10\/Hotelijersko-turisticki_tehnicar.pdf\">Hotelijersko-turisticki_tehnicar<\/a><\/strong><\/p>\n\n\n\n<p><strong><a href=\"https:\/\/ss-ekonomsko-birotehnicka-sb.skole.hr\/wp-content\/uploads\/sites\/790\/2023\/10\/Prodavac.pdf\">Prodavac<\/a><\/strong><\/p>\n","protected":false},"excerpt":{"rendered":"<p>\u0160kolska godina 2025.\/26. Modularna nastava za 1. razrede srednje \u0161kole Programski sektori Ekonomija i trgovina Stru\u010dna kvalifikacija: Referent\/ica za poslovnu ekonomiju Trajanje obrazovanja: 4 godine Stru\u010dna kvalifikacija: Prodava\u010d Trajanje obrazovanja: 3 godine Turizam i ugostiteljstvo Stru\u010dna kvalifikacija: Turisti\u010dki tehni\u010dar destinacije \/ Turisti\u010dka tehni\u010darka destinacije Trajanje obrazovanja: 4 godine Pravo, politologija, sociologija, dr\u017eavna uprava i javni [&hellip;]<\/p>\n","protected":false},"author":826,"featured_media":0,"parent":0,"menu_order":0,"comment_status":"closed","ping_status":"closed","template":"","meta":{"_et_pb_use_builder":"off","_et_pb_old_content":"","_et_gb_content_width":"","footnotes":""},"class_list":["post-68","page","type-page","status-publish","hentry"],"_links":{"self":[{"href":"https:\/\/ss-ekonomsko-birotehnicka-sb.skole.hr\/index.php?rest_route=\/wp\/v2\/pages\/68","targetHints":{"allow":["GET"]}}],"collection":[{"href":"https:\/\/ss-ekonomsko-birotehnicka-sb.skole.hr\/index.php?rest_route=\/wp\/v2\/pages"}],"about":[{"href":"https:\/\/ss-ekonomsko-birotehnicka-sb.skole.hr\/index.php?rest_route=\/wp\/v2\/types\/page"}],"author":[{"embeddable":true,"href":"https:\/\/ss-ekonomsko-birotehnicka-sb.skole.hr\/index.php?rest_route=\/wp\/v2\/users\/826"}],"replies":[{"embeddable":true,"href":"https:\/\/ss-ekonomsko-birotehnicka-sb.skole.hr\/index.php?rest_route=%2Fwp%2Fv2%2Fcomments&post=68"}],"version-history":[{"count":5,"href":"https:\/\/ss-ekonomsko-birotehnicka-sb.skole.hr\/index.php?rest_route=\/wp\/v2\/pages\/68\/revisions"}],"predecessor-version":[{"id":304705,"href":"https:\/\/ss-ekonomsko-birotehnicka-sb.skole.hr\/index.php?rest_route=\/wp\/v2\/pages\/68\/revisions\/304705"}],"wp:attachment":[{"href":"https:\/\/ss-ekonomsko-birotehnicka-sb.skole.hr\/index.php?rest_route=%2Fwp%2Fv2%2Fmedia&parent=68"}],"curies":[{"name":"wp","href":"https:\/\/api.w.org\/{rel}","templated":true}]}}