{"id":74,"date":"2023-07-28T22:07:14","date_gmt":"2023-07-28T20:07:14","guid":{"rendered":"https:\/\/ss-ekonomsko-birotehnicka-sb.skole.hr\/?page_id=74"},"modified":"2023-11-07T10:18:58","modified_gmt":"2023-11-07T09:18:58","slug":"ucenici","status":"publish","type":"page","link":"https:\/\/ss-ekonomsko-birotehnicka-sb.skole.hr\/?page_id=74","title":{"rendered":"U\u010denici"},"content":{"rendered":"\n<figure class=\"wp-block-image size-full is-resized\"><img decoding=\"async\" width=\"640\" height=\"427\" src=\"https:\/\/ss-ekonomsko-birotehnicka-sb.skole.hr\/wp-content\/uploads\/sites\/790\/2023\/10\/pencils-6099511_640.jpg\" alt=\"\" class=\"wp-image-293365\" style=\"aspect-ratio:1.4988290398126465;width:211px;height:auto\" srcset=\"https:\/\/ss-ekonomsko-birotehnicka-sb.skole.hr\/wp-content\/uploads\/sites\/790\/2023\/10\/pencils-6099511_640.jpg 640w, https:\/\/ss-ekonomsko-birotehnicka-sb.skole.hr\/wp-content\/uploads\/sites\/790\/2023\/10\/pencils-6099511_640-480x320.jpg 480w\" sizes=\"(min-width: 0px) and (max-width: 480px) 480px, (min-width: 481px) 640px, 100vw\" \/><\/figure>\n\n\n\n<p><strong>U\u010deni\u010dki servis<\/strong><\/p>\n\n\n\n<p>U\u010dlanjivanje i izdavanje ugovora za povremeni rad redovitih u\u010denika&nbsp;radi se&nbsp;ISKLJU\u010cIVO ONLINE. Sve&nbsp;detaljnije upute mo\u017eete prona\u0107i na linku&nbsp;<a href=\"http:\/\/tssb.hr\/ucenicki-servis\/\" rel=\"noreferrer noopener\" target=\"_blank\">http:\/\/tssb.hr\/ucenicki-servis\/.<\/a><\/p>\n\n\n\n<p><a href=\"https:\/\/ocjene.skole.hr\/login\">e-Dnevnik<\/a><\/p>\n\n\n\n<p><a href=\"https:\/\/ss-ekonomsko-birotehnicka-sb.skole.hr\/wp-content\/uploads\/sites\/790\/2023\/10\/Savjetovaliste-za-mlade.pdf\">Savjetovali\u0161te za mlade<\/a><\/p>\n\n\n\n<p><\/p>\n\n\n\n<p><strong>Zahtjevi i molbe za u\u010denike<\/strong><\/p>\n\n\n\n<p><a href=\"https:\/\/ss-ekonomsko-birotehnicka-sb.skole.hr\/wp-content\/uploads\/sites\/790\/2023\/11\/Zahtjev-za-promjenu-programa.docx\">Zahtjev-za-promjenu-programa<\/a><\/p>\n\n\n\n<p><a href=\"https:\/\/ss-ekonomsko-birotehnicka-sb.skole.hr\/wp-content\/uploads\/sites\/790\/2023\/11\/Zahtjev-za-promjenu-izbornog-predmeta.docx\">Zahtjev-za-promjenu-izbornog-predmeta<\/a><\/p>\n\n\n\n<p><a href=\"https:\/\/ss-ekonomsko-birotehnicka-sb.skole.hr\/wp-content\/uploads\/sites\/790\/2023\/11\/Zahtjev-za-polaganje-razrednog-predmetnog-ispita.doc\">Zahtjev-za-polaganje-razrednog-predmetnog-ispita<\/a><\/p>\n\n\n\n<p><a href=\"https:\/\/ss-ekonomsko-birotehnicka-sb.skole.hr\/wp-content\/uploads\/sites\/790\/2023\/11\/Zahtjev-za-nastavak-obrazovanja.docx\">Zahtjev-za-nastavak-obrazovanja<\/a><\/p>\n\n\n\n<p><a href=\"https:\/\/ss-ekonomsko-birotehnicka-sb.skole.hr\/wp-content\/uploads\/sites\/790\/2023\/11\/Molba-za-upis-ucenika-iz-druge-skole-za-prvi-razred.docx\">Molba-za-upis-ucenika-iz-druge-skole-za-prvi-razred<\/a><\/p>\n\n\n\n<p><a href=\"https:\/\/ss-ekonomsko-birotehnicka-sb.skole.hr\/wp-content\/uploads\/sites\/790\/2023\/11\/Molba-za-upis-ucenika-iz-druge-skole.docx\">Molba-za-upis-ucenika-iz-druge-skole<\/a><\/p>\n\n\n\n<p><a href=\"https:\/\/ss-ekonomsko-birotehnicka-sb.skole.hr\/wp-content\/uploads\/sites\/790\/2023\/11\/Molba-za-izostanak-s-nastave.docx\">Molba-za-izostanak-s-nastave<\/a><\/p>\n","protected":false},"excerpt":{"rendered":"<p>U\u010deni\u010dki servis U\u010dlanjivanje i izdavanje ugovora za povremeni rad redovitih u\u010denika&nbsp;radi se&nbsp;ISKLJU\u010cIVO ONLINE. Sve&nbsp;detaljnije upute mo\u017eete prona\u0107i na linku&nbsp;http:\/\/tssb.hr\/ucenicki-servis\/. e-Dnevnik Savjetovali\u0161te za mlade Zahtjevi i molbe za u\u010denike Zahtjev-za-promjenu-programa Zahtjev-za-promjenu-izbornog-predmeta Zahtjev-za-polaganje-razrednog-predmetnog-ispita Zahtjev-za-nastavak-obrazovanja Molba-za-upis-ucenika-iz-druge-skole-za-prvi-razred Molba-za-upis-ucenika-iz-druge-skole Molba-za-izostanak-s-nastave<\/p>\n","protected":false},"author":826,"featured_media":0,"parent":0,"menu_order":0,"comment_status":"closed","ping_status":"closed","template":"","meta":{"_et_pb_use_builder":"off","_et_pb_old_content":"<!-- wp:image {\"id\":293365,\"sizeSlug\":\"full\",\"linkDestination\":\"none\"} -->\n<figure class=\"wp-block-image size-full\"><img src=\"https:\/\/ss-ekonomsko-birotehnicka-sb.skole.hr\/wp-content\/uploads\/sites\/790\/2023\/10\/pencils-6099511_640.jpg\" alt=\"\" class=\"wp-image-293365\"\/><\/figure>\n<!-- \/wp:image -->","_et_gb_content_width":"","footnotes":""},"class_list":["post-74","page","type-page","status-publish","hentry"],"_links":{"self":[{"href":"https:\/\/ss-ekonomsko-birotehnicka-sb.skole.hr\/index.php?rest_route=\/wp\/v2\/pages\/74","targetHints":{"allow":["GET"]}}],"collection":[{"href":"https:\/\/ss-ekonomsko-birotehnicka-sb.skole.hr\/index.php?rest_route=\/wp\/v2\/pages"}],"about":[{"href":"https:\/\/ss-ekonomsko-birotehnicka-sb.skole.hr\/index.php?rest_route=\/wp\/v2\/types\/page"}],"author":[{"embeddable":true,"href":"https:\/\/ss-ekonomsko-birotehnicka-sb.skole.hr\/index.php?rest_route=\/wp\/v2\/users\/826"}],"replies":[{"embeddable":true,"href":"https:\/\/ss-ekonomsko-birotehnicka-sb.skole.hr\/index.php?rest_route=%2Fwp%2Fv2%2Fcomments&post=74"}],"version-history":[{"count":7,"href":"https:\/\/ss-ekonomsko-birotehnicka-sb.skole.hr\/index.php?rest_route=\/wp\/v2\/pages\/74\/revisions"}],"predecessor-version":[{"id":294454,"href":"https:\/\/ss-ekonomsko-birotehnicka-sb.skole.hr\/index.php?rest_route=\/wp\/v2\/pages\/74\/revisions\/294454"}],"wp:attachment":[{"href":"https:\/\/ss-ekonomsko-birotehnicka-sb.skole.hr\/index.php?rest_route=%2Fwp%2Fv2%2Fmedia&parent=74"}],"curies":[{"name":"wp","href":"https:\/\/api.w.org\/{rel}","templated":true}]}}