{"id":92,"date":"2023-07-28T22:08:18","date_gmt":"2023-07-28T20:08:18","guid":{"rendered":"https:\/\/ss-ekonomsko-birotehnicka-sb.skole.hr\/?page_id=92"},"modified":"2026-01-12T10:05:53","modified_gmt":"2026-01-12T09:05:53","slug":"zastita-privatnosti","status":"publish","type":"page","link":"https:\/\/ss-ekonomsko-birotehnicka-sb.skole.hr\/?page_id=92","title":{"rendered":"Za\u0161tita privatnosti"},"content":{"rendered":"<p>[et_pb_section fb_built=&#8221;1&#8243; _builder_version=&#8221;4.22.1&#8243; _module_preset=&#8221;default&#8221; global_colors_info=&#8221;{}&#8221;][et_pb_row _builder_version=&#8221;4.22.1&#8243; _module_preset=&#8221;default&#8221; global_colors_info=&#8221;{}&#8221;][et_pb_column type=&#8221;4_4&#8243; _builder_version=&#8221;4.22.1&#8243; _module_preset=&#8221;default&#8221; global_colors_info=&#8221;{}&#8221;][et_pb_text _builder_version=&#8221;4.25.0&#8243; _module_preset=&#8221;default&#8221; hover_enabled=&#8221;0&#8243; global_colors_info=&#8221;{}&#8221; sticky_enabled=&#8221;0&#8243;]<\/p>\n<p><img decoding=\"async\" src=\"https:\/\/ss-ekonomsko-birotehnicka-sb.skole.hr\/wp-content\/uploads\/sites\/790\/2023\/10\/download-300x144.jpg\" width=\"300\" height=\"144\" alt=\"\" class=\"wp-image-293713 aligncenter size-medium\" \/><\/p>\n<div style=\"text-align: center\"><span>Slu\u017ebenik za za\u0161titu osobnih podataka: Dragica Filajdi\u0107<\/span><\/div>\n<div style=\"text-align: center\"><span>Kontakt telefon: 035 443 175<\/span><\/div>\n<div style=\"text-align: center\"><span>Kontakt e-mail:\u00a0<a href=\"mailto:skola@ss-ekonomsko-birotehnicka-sb.skole.hr\">skola@ss-ekonomsko-birotehnicka-sb.skole.hr<\/a><\/span><\/div>\n<div style=\"text-align: center\"><span><\/span><\/div>\n<div style=\"text-align: center\"><span><\/span><\/div>\n<div style=\"text-align: center\"><span><a href=\"https:\/\/ss-ekonomsko-birotehnicka-sb.skole.hr\/wp-content\/uploads\/sites\/790\/2023\/10\/Odluka-o-imenovanju-sluzbenika-za-zastitu-podataka.pdf\" rel=\"attachment wp-att-293716\">Odluka o imenovanju sluzbenika za zastitu podataka<\/a> <\/span><\/div>\n<div style=\"text-align: center\"><span><\/span><\/div>\n<div style=\"text-align: center\"><span><a href=\"https:\/\/ss-ekonomsko-birotehnicka-sb.skole.hr\/wp-content\/uploads\/sites\/790\/2023\/10\/Politika-o-zastiti-privatnosti.pdf\" rel=\"attachment wp-att-293719\">Politika o za\u0161titi privatnosti<\/a><\/span><\/div>\n<div style=\"text-align: center\"><span><\/span><\/div>\n<p>[\/et_pb_text][\/et_pb_column][\/et_pb_row][\/et_pb_section]<\/p>\n","protected":false},"excerpt":{"rendered":"<p>Slu\u017ebenik za za\u0161titu osobnih podataka: Dragica Filajdi\u0107 Kontakt telefon: 035 443 175 Kontakt e-mail:\u00a0skola@ss-ekonomsko-birotehnicka-sb.skole.hr Odluka o imenovanju sluzbenika za zastitu podataka Politika o za\u0161titi privatnosti<\/p>\n","protected":false},"author":826,"featured_media":0,"parent":0,"menu_order":0,"comment_status":"closed","ping_status":"closed","template":"","meta":{"_et_pb_use_builder":"on","_et_pb_old_content":"<!-- wp:divi\/placeholder \/-->","_et_gb_content_width":"","footnotes":""},"class_list":["post-92","page","type-page","status-publish","hentry"],"_links":{"self":[{"href":"https:\/\/ss-ekonomsko-birotehnicka-sb.skole.hr\/index.php?rest_route=\/wp\/v2\/pages\/92","targetHints":{"allow":["GET"]}}],"collection":[{"href":"https:\/\/ss-ekonomsko-birotehnicka-sb.skole.hr\/index.php?rest_route=\/wp\/v2\/pages"}],"about":[{"href":"https:\/\/ss-ekonomsko-birotehnicka-sb.skole.hr\/index.php?rest_route=\/wp\/v2\/types\/page"}],"author":[{"embeddable":true,"href":"https:\/\/ss-ekonomsko-birotehnicka-sb.skole.hr\/index.php?rest_route=\/wp\/v2\/users\/826"}],"replies":[{"embeddable":true,"href":"https:\/\/ss-ekonomsko-birotehnicka-sb.skole.hr\/index.php?rest_route=%2Fwp%2Fv2%2Fcomments&post=92"}],"version-history":[{"count":3,"href":"https:\/\/ss-ekonomsko-birotehnicka-sb.skole.hr\/index.php?rest_route=\/wp\/v2\/pages\/92\/revisions"}],"predecessor-version":[{"id":307596,"href":"https:\/\/ss-ekonomsko-birotehnicka-sb.skole.hr\/index.php?rest_route=\/wp\/v2\/pages\/92\/revisions\/307596"}],"wp:attachment":[{"href":"https:\/\/ss-ekonomsko-birotehnicka-sb.skole.hr\/index.php?rest_route=%2Fwp%2Fv2%2Fmedia&parent=92"}],"curies":[{"name":"wp","href":"https:\/\/api.w.org\/{rel}","templated":true}]}}